{"id":2122,"date":"2016-04-21T02:03:55","date_gmt":"2016-04-21T07:03:55","guid":{"rendered":"http:\/\/tecnimport.com.pe\/web\/?post_type=product&#038;p=2122"},"modified":"2025-03-21T12:10:08","modified_gmt":"2025-03-21T17:10:08","slug":"lps-all-purpose-anti-seize-antiadherente","status":"publish","type":"product","link":"https:\/\/tecnimport.com.pe\/web\/productos\/lps\/antiadherentes-anti-seize-antiagarrotantes\/lps-all-purpose-anti-seize-antiadherente\/","title":{"rendered":"LPS All Purpose Anti-Seize"},"content":{"rendered":"<div class=\"wpb-content-wrapper\"><p>[vc_row][vc_column][vc_row_inner][vc_column_inner][vc_column_text woodmart_inline=\u00bbno\u00bb text_larger=\u00bbno\u00bb]<strong class=\"subtitulo_prod\">LPS ALL PURPOSE ANTI-SEIZE &#8211; ANTIADHERENTE MULTIPROP\u00d3SITO<\/strong><\/p>\n<p><strong class=\"subtitulo_prod\">Presentaci\u00f3n &amp; Fichas<\/strong><\/p>\n<div class=\"table-container\">\n<table class=\"responsive-table\">\n<thead>\n<tr>\n<th style=\"text-align: center;\">N\u00ba de Parte<\/th>\n<th style=\"text-align: center;\">Capacidad<\/th>\n<th style=\"text-align: center;\">Envase<\/th>\n<th style=\"text-align: center;\"><i class=\"fas fa-download\"><\/i> Ficha T\u00e9cnica<\/th>\n<\/tr>\n<\/thead>\n<tbody>\n<tr>\n<td style=\"text-align: center;\">04110<\/td>\n<td style=\"text-align: center;\">1 lb \/ 454 grams<\/td>\n<td style=\"text-align: center;\">Envase<\/td>\n<td style=\"text-align: center;\"><a href=\"https:\/\/tecnimport.com.pe\/web\/wp-content\/uploads\/2024\/09\/All-Purpose-Anti-Seize.pdf\" target=\"_blank\" rel=\"noopener\"><i class=\"fas fa-download\"><\/i> Descargar<\/a><\/td>\n<\/tr>\n<\/tbody>\n<\/table>\n<\/div>\n<p>[\/vc_column_text][\/vc_column_inner][\/vc_row_inner][\/vc_column][\/vc_row][vc_row][vc_column width=\u00bb1\/3&#8243;][vc_column_text woodmart_inline=\u00bbno\u00bb text_larger=\u00bbno\u00bb]<strong class=\"subtitulo_prod\">Otras Caracter\u00edsticas<\/strong><\/p>\n<ul>\n<li>Previene el agarrotamiento hasta 1800 \u00b0F (982 \u00b0C).<\/li>\n<li>Fortificado con molibdeno.<\/li>\n<li>Sin plomo.<\/li>\n<li>No se ve afectado por la contracci\u00f3n, la expansi\u00f3n o la vibraci\u00f3n.<\/li>\n<li>Reduce la fricci\u00f3n; reduce el torque de la llave.<\/li>\n<li>Protege contra el agarrotamiento, el congelamiento por calor, el desgaste por rozamiento, el \u00f3xido y la corrosi\u00f3n.<\/li>\n<li>No se escurre, gotea ni se asienta.<\/li>\n<\/ul>\n<p>[\/vc_column_text][\/vc_column][vc_column width=\u00bb1\/3&#8243;][vc_column_text woodmart_inline=\u00bbno\u00bb text_larger=\u00bbno\u00bb]<strong class=\"subtitulo_prod\">Aplicaciones<\/strong><\/p>\n<ul>\n<li>Accesorios<\/li>\n<li>Caras de bridas<\/li>\n<li>Juntas<\/li>\n<li>Gu\u00edas<\/li>\n<li>Chavetas<\/li>\n<li>Tuercas y tornillos<\/li>\n<li>Correderas<\/li>\n<\/ul>\n<p>[\/vc_column_text][\/vc_column][vc_column width=\u00bb1\/3&#8243;][vc_column_text woodmart_inline=\u00bbno\u00bb text_larger=\u00bbno\u00bb]<strong class=\"subtitulo_prod\">Aplicaci\u00f3n<\/strong>[\/vc_column_text][vc_single_image image=\u00bb6306&#8243; img_size=\u00bblarge\u00bb add_caption=\u00bbyes\u00bb alignment=\u00bbcenter\u00bb parallax_scroll=\u00bbno\u00bb woodmart_inline=\u00bbno\u00bb][\/vc_column][\/vc_row][vc_row][vc_column width=\u00bb1\/3&#8243;][vc_column_text woodmart_inline=\u00bbno\u00bb text_larger=\u00bbno\u00bb]<strong class=\"subtitulo_prod\">Certificaciones &amp; Especificaciones<\/strong><\/p>\n<ul>\n<li>MIL-PRF-907E<\/li>\n<\/ul>\n<p>[\/vc_column_text][\/vc_column][vc_column width=\u00bb1\/3&#8243;][vc_column_text woodmart_inline=\u00bbno\u00bb text_larger=\u00bbno\u00bb]<strong class=\"subtitulo_prod\">Marca &amp; Fabricante<\/strong><\/p>\n<table class=\"table\">\n<tbody>\n<tr>\n<td>Marca<\/td>\n<td><strong><a href=\"https:\/\/tecnimport.com.pe\/web\/lps-probrands-itw-peru\/\" target=\"_blank\" rel=\"noopener\">LPS<\/a><\/strong><\/td>\n<\/tr>\n<tr>\n<td>Fabricante<\/td>\n<td><strong><a href=\"https:\/\/www.itwprobrands.com\/product\/all-purpose-1\" target=\"_blank\" rel=\"noopener\">ITW PROBRANDS<\/a><\/strong><\/td>\n<\/tr>\n<\/tbody>\n<\/table>\n<p>[\/vc_column_text][\/vc_column][vc_column width=\u00bb1\/3&#8243;][\/vc_column][\/vc_row][vc_row][\/vc_row][vc_column][vc_column_text woodmart_inline=\u00bbno\u00bb text_larger=\u00bbno\u00bb]<strong class=\"subtitulo_prod\">Propiedades<\/strong><\/p>\n<table class=\"table\">\n<tbody>\n<tr>\n<td>Aspecto \/ Estado f\u00edsico<\/td>\n<td>Pasta\/s\u00f3lido<\/td>\n<\/tr>\n<tr>\n<td>Olor<\/td>\n<td>Similar a un hidrocarburo<\/td>\n<\/tr>\n<tr>\n<td>Punto de fusi\u00f3n \/ punto de congelaci\u00f3n<\/td>\n<td>500 \u00b0F (260 \u00b0C)<\/td>\n<\/tr>\n<tr>\n<td>Punto de ebullici\u00f3n \/ rango<\/td>\n<td>&gt; 600,8 \u00b0F (&gt; 316 \u00b0C)<\/td>\n<\/tr>\n<tr>\n<td>Presi\u00f3n de vapor<\/td>\n<td>No disponible<\/td>\n<\/tr>\n<tr>\n<td>Coeficiente de partici\u00f3n<\/td>\n<td>No disponible<\/td>\n<\/tr>\n<tr>\n<td>Porcentaje de vol\u00e1tiles<\/td>\n<td>No disponible<\/td>\n<\/tr>\n<tr>\n<td>Inflamabilidad<\/td>\n<td>No disponible<\/td>\n<\/tr>\n<tr>\n<td>Propelente<\/td>\n<td>N\/A<\/td>\n<\/tr>\n<tr>\n<td>Contenido de COV<\/td>\n<td>insignificante<\/td>\n<\/tr>\n<tr>\n<td>Color<\/td>\n<td>gris oscuro<\/td>\n<\/tr>\n<tr>\n<td>Punto de inflamaci\u00f3n<\/td>\n<td>&gt; 429,8 \u00b0F (&gt; 221,0 \u00b0C)<\/td>\n<\/tr>\n<tr>\n<td>Densidad<\/td>\n<td>No disponible<\/td>\n<\/tr>\n<tr>\n<td>Tasa de evaporaci\u00f3n<\/td>\n<td>No disponible<\/td>\n<\/tr>\n<tr>\n<td>Densidad de vapor<\/td>\n<td>No disponible<\/td>\n<\/tr>\n<tr>\n<td>Temperatura de autoignici\u00f3n<\/td>\n<td>No disponible<\/td>\n<\/tr>\n<tr>\n<td>Viscosidad<\/td>\n<td>No disponible<\/td>\n<\/tr>\n<tr>\n<td>Gravedad espec\u00edfica<\/td>\n<td>1,19<\/td>\n<\/tr>\n<\/tbody>\n<\/table>\n<p>[\/vc_column_text][\/vc_column]<\/p>\n<\/div>","protected":false},"excerpt":{"rendered":"<h2 class=\"h2_subtitulo\"><i>LPS ALL PURPOSE ANTI-SEIZE ANTIADHERENTE<\/i><\/h2>\n<p>LPS ALL PURPOSE ANTI-SEIZE es un ANTIADHERENTE lubricante fortificado con molibdeno dise\u00f1ado para brindar protecci\u00f3n en entornos y temperaturas de funcionamiento extrema.<\/p>\n<p><a class=\"btn ft over_btn\" href=\"https:\/\/tecnimport.com.pe\/web\/wp-content\/uploads\/2024\/09\/All-Purpose-Anti-Seize.pdf\" target=\"_blank\" rel=\"noopener noreferrer\">Ficha T\u00e9cnica<\/a><\/p>\n","protected":false},"featured_media":6304,"template":"","meta":[],"product_brand":[232],"product_cat":[205,214],"product_tag":[1287,1292],"class_list":{"0":"post-2122","1":"product","2":"type-product","3":"status-publish","4":"has-post-thumbnail","6":"product_brand-lps","7":"product_cat-lps","8":"product_cat-antiadherentes-anti-seize-antiagarrotantes","9":"product_tag-antiadherente","10":"product_tag-multiproposito","12":"first","13":"instock","14":"shipping-taxable","15":"purchasable","16":"product-type-simple"},"yoast_head":"<!-- This site is optimized with the Yoast SEO plugin v26.9 - https:\/\/yoast.com\/product\/yoast-seo-wordpress\/ -->\n<title>LPS All Purpose Anti-Seize - TECNIMPORT S.A.<\/title>\n<meta name=\"description\" content=\"LPS ALL PURPOSE ANTI-SEIZE es un ANTIADHERENTE MULTIPROP\u00d3SITO fortificado con molibdeno. protecci\u00f3n en entornos y temperaturas de funcionamiento extrema.\" \/>\n<meta name=\"robots\" content=\"index, follow, max-snippet:-1, max-image-preview:large, max-video-preview:-1\" \/>\n<link rel=\"canonical\" href=\"https:\/\/tecnimport.com.pe\/web\/productos\/lps\/antiadherentes-anti-seize-antiagarrotantes\/lps-all-purpose-anti-seize-antiadherente\/\" \/>\n<meta property=\"og:locale\" content=\"es_ES\" \/>\n<meta property=\"og:type\" content=\"article\" \/>\n<meta property=\"og:title\" content=\"LPS All Purpose Anti-Seize - TECNIMPORT S.A.\" \/>\n<meta property=\"og:description\" content=\"LPS ALL PURPOSE ANTI-SEIZE es un ANTIADHERENTE MULTIPROP\u00d3SITO fortificado con molibdeno. protecci\u00f3n en entornos y temperaturas de funcionamiento extrema.\" \/>\n<meta property=\"og:url\" content=\"https:\/\/tecnimport.com.pe\/web\/productos\/lps\/antiadherentes-anti-seize-antiagarrotantes\/lps-all-purpose-anti-seize-antiadherente\/\" \/>\n<meta property=\"og:site_name\" content=\"TECNIMPORT S.A.\" \/>\n<meta property=\"article:modified_time\" content=\"2025-03-21T17:10:08+00:00\" \/>\n<meta property=\"og:image\" content=\"https:\/\/tecnimport.com.pe\/web\/wp-content\/uploads\/2016\/04\/LPS-ALL-PURPOSE-ANTI-SEIZE-TECNIMPORT.gif\" \/>\n\t<meta property=\"og:image:width\" content=\"1000\" \/>\n\t<meta property=\"og:image:height\" content=\"1000\" \/>\n\t<meta property=\"og:image:type\" content=\"image\/gif\" \/>\n<meta name=\"twitter:card\" content=\"summary_large_image\" \/>\n<meta name=\"twitter:label1\" content=\"Precio\" \/>\n\t<meta name=\"twitter:data1\" content=\"&#036;1.00\" \/>\n\t<meta name=\"twitter:label2\" content=\"Disponibilidad\" \/>\n\t<meta name=\"twitter:data2\" content=\"Disponible\" \/>\n<script type=\"application\/ld+json\" class=\"yoast-schema-graph\">{\"@context\":\"https:\/\/schema.org\",\"@graph\":[{\"@type\":\"WebPage\",\"@id\":\"https:\/\/tecnimport.com.pe\/web\/productos\/lps\/antiadherentes-anti-seize-antiagarrotantes\/lps-all-purpose-anti-seize-antiadherente\/\",\"url\":\"https:\/\/tecnimport.com.pe\/web\/productos\/lps\/antiadherentes-anti-seize-antiagarrotantes\/lps-all-purpose-anti-seize-antiadherente\/\",\"name\":\"LPS All Purpose Anti-Seize - TECNIMPORT S.A.\",\"isPartOf\":{\"@id\":\"https:\/\/tecnimport.com.pe\/web\/#website\"},\"primaryImageOfPage\":{\"@id\":\"https:\/\/tecnimport.com.pe\/web\/productos\/lps\/antiadherentes-anti-seize-antiagarrotantes\/lps-all-purpose-anti-seize-antiadherente\/#primaryimage\"},\"image\":{\"@id\":\"https:\/\/tecnimport.com.pe\/web\/productos\/lps\/antiadherentes-anti-seize-antiagarrotantes\/lps-all-purpose-anti-seize-antiadherente\/#primaryimage\"},\"thumbnailUrl\":\"https:\/\/tecnimport.com.pe\/web\/wp-content\/uploads\/2016\/04\/LPS-ALL-PURPOSE-ANTI-SEIZE-TECNIMPORT.gif\",\"datePublished\":\"2016-04-21T07:03:55+00:00\",\"dateModified\":\"2025-03-21T17:10:08+00:00\",\"description\":\"LPS ALL PURPOSE ANTI-SEIZE es un ANTIADHERENTE MULTIPROP\u00d3SITO fortificado con molibdeno. protecci\u00f3n en entornos y temperaturas de funcionamiento extrema.\",\"breadcrumb\":{\"@id\":\"https:\/\/tecnimport.com.pe\/web\/productos\/lps\/antiadherentes-anti-seize-antiagarrotantes\/lps-all-purpose-anti-seize-antiadherente\/#breadcrumb\"},\"inLanguage\":\"es\",\"potentialAction\":[{\"@type\":\"ReadAction\",\"target\":[\"https:\/\/tecnimport.com.pe\/web\/productos\/lps\/antiadherentes-anti-seize-antiagarrotantes\/lps-all-purpose-anti-seize-antiadherente\/\"]}]},{\"@type\":\"ImageObject\",\"inLanguage\":\"es\",\"@id\":\"https:\/\/tecnimport.com.pe\/web\/productos\/lps\/antiadherentes-anti-seize-antiagarrotantes\/lps-all-purpose-anti-seize-antiadherente\/#primaryimage\",\"url\":\"https:\/\/tecnimport.com.pe\/web\/wp-content\/uploads\/2016\/04\/LPS-ALL-PURPOSE-ANTI-SEIZE-TECNIMPORT.gif\",\"contentUrl\":\"https:\/\/tecnimport.com.pe\/web\/wp-content\/uploads\/2016\/04\/LPS-ALL-PURPOSE-ANTI-SEIZE-TECNIMPORT.gif\",\"width\":1000,\"height\":1000,\"caption\":\"LPS ALL PURPOSE ANTI-SEIZE ANTIADHERENTE MULTIPROPOSITO\"},{\"@type\":\"BreadcrumbList\",\"@id\":\"https:\/\/tecnimport.com.pe\/web\/productos\/lps\/antiadherentes-anti-seize-antiagarrotantes\/lps-all-purpose-anti-seize-antiadherente\/#breadcrumb\",\"itemListElement\":[{\"@type\":\"ListItem\",\"position\":1,\"name\":\"Portada\",\"item\":\"https:\/\/tecnimport.com.pe\/web\/\"},{\"@type\":\"ListItem\",\"position\":2,\"name\":\"Productos\",\"item\":\"https:\/\/tecnimport.com.pe\/web\/productos-navigation\/\"},{\"@type\":\"ListItem\",\"position\":3,\"name\":\"LPS All Purpose Anti-Seize\"}]},{\"@type\":\"WebSite\",\"@id\":\"https:\/\/tecnimport.com.pe\/web\/#website\",\"url\":\"https:\/\/tecnimport.com.pe\/web\/\",\"name\":\"TECNIMPORT S.A.\",\"description\":\"Representante de Devcon, LPS, Rocol y Procyon en el Per\u00fa\",\"publisher\":{\"@id\":\"https:\/\/tecnimport.com.pe\/web\/#organization\"},\"potentialAction\":[{\"@type\":\"SearchAction\",\"target\":{\"@type\":\"EntryPoint\",\"urlTemplate\":\"https:\/\/tecnimport.com.pe\/web\/?s={search_term_string}\"},\"query-input\":{\"@type\":\"PropertyValueSpecification\",\"valueRequired\":true,\"valueName\":\"search_term_string\"}}],\"inLanguage\":\"es\"},{\"@type\":\"Organization\",\"@id\":\"https:\/\/tecnimport.com.pe\/web\/#organization\",\"name\":\"Tecnimport S.A\",\"url\":\"https:\/\/tecnimport.com.pe\/web\/\",\"logo\":{\"@type\":\"ImageObject\",\"inLanguage\":\"es\",\"@id\":\"https:\/\/tecnimport.com.pe\/web\/#\/schema\/logo\/image\/\",\"url\":\"https:\/\/tecnimport.com.pe\/web\/wp-content\/uploads\/2020\/03\/logo_tecnimport.png\",\"contentUrl\":\"https:\/\/tecnimport.com.pe\/web\/wp-content\/uploads\/2020\/03\/logo_tecnimport.png\",\"width\":367,\"height\":49,\"caption\":\"Tecnimport S.A\"},\"image\":{\"@id\":\"https:\/\/tecnimport.com.pe\/web\/#\/schema\/logo\/image\/\"}}]}<\/script>\n<meta property=\"product:price:amount\" content=\"1.00\" \/>\n<meta property=\"product:price:currency\" content=\"USD\" \/>\n<meta property=\"og:availability\" content=\"instock\" \/>\n<meta property=\"product:availability\" content=\"instock\" \/>\n<meta property=\"product:retailer_item_id\" content=\"LPS04110\" \/>\n<meta property=\"product:condition\" content=\"new\" \/>\n<!-- \/ Yoast SEO plugin. -->","yoast_head_json":{"title":"LPS All Purpose Anti-Seize - TECNIMPORT S.A.","description":"LPS ALL PURPOSE ANTI-SEIZE es un ANTIADHERENTE MULTIPROP\u00d3SITO fortificado con molibdeno. protecci\u00f3n en entornos y temperaturas de funcionamiento extrema.","robots":{"index":"index","follow":"follow","max-snippet":"max-snippet:-1","max-image-preview":"max-image-preview:large","max-video-preview":"max-video-preview:-1"},"canonical":"https:\/\/tecnimport.com.pe\/web\/productos\/lps\/antiadherentes-anti-seize-antiagarrotantes\/lps-all-purpose-anti-seize-antiadherente\/","og_locale":"es_ES","og_type":"article","og_title":"LPS All Purpose Anti-Seize - TECNIMPORT S.A.","og_description":"LPS ALL PURPOSE ANTI-SEIZE es un ANTIADHERENTE MULTIPROP\u00d3SITO fortificado con molibdeno. protecci\u00f3n en entornos y temperaturas de funcionamiento extrema.","og_url":"https:\/\/tecnimport.com.pe\/web\/productos\/lps\/antiadherentes-anti-seize-antiagarrotantes\/lps-all-purpose-anti-seize-antiadherente\/","og_site_name":"TECNIMPORT S.A.","article_modified_time":"2025-03-21T17:10:08+00:00","og_image":[{"width":1000,"height":1000,"url":"https:\/\/tecnimport.com.pe\/web\/wp-content\/uploads\/2016\/04\/LPS-ALL-PURPOSE-ANTI-SEIZE-TECNIMPORT.gif","type":"image\/gif"}],"twitter_card":"summary_large_image","twitter_misc":{"Precio":"&#36;1.00","Disponibilidad":"Disponible"},"schema":{"@context":"https:\/\/schema.org","@graph":[{"@type":"WebPage","@id":"https:\/\/tecnimport.com.pe\/web\/productos\/lps\/antiadherentes-anti-seize-antiagarrotantes\/lps-all-purpose-anti-seize-antiadherente\/","url":"https:\/\/tecnimport.com.pe\/web\/productos\/lps\/antiadherentes-anti-seize-antiagarrotantes\/lps-all-purpose-anti-seize-antiadherente\/","name":"LPS All Purpose Anti-Seize - TECNIMPORT S.A.","isPartOf":{"@id":"https:\/\/tecnimport.com.pe\/web\/#website"},"primaryImageOfPage":{"@id":"https:\/\/tecnimport.com.pe\/web\/productos\/lps\/antiadherentes-anti-seize-antiagarrotantes\/lps-all-purpose-anti-seize-antiadherente\/#primaryimage"},"image":{"@id":"https:\/\/tecnimport.com.pe\/web\/productos\/lps\/antiadherentes-anti-seize-antiagarrotantes\/lps-all-purpose-anti-seize-antiadherente\/#primaryimage"},"thumbnailUrl":"https:\/\/tecnimport.com.pe\/web\/wp-content\/uploads\/2016\/04\/LPS-ALL-PURPOSE-ANTI-SEIZE-TECNIMPORT.gif","datePublished":"2016-04-21T07:03:55+00:00","dateModified":"2025-03-21T17:10:08+00:00","description":"LPS ALL PURPOSE ANTI-SEIZE es un ANTIADHERENTE MULTIPROP\u00d3SITO fortificado con molibdeno. protecci\u00f3n en entornos y temperaturas de funcionamiento extrema.","breadcrumb":{"@id":"https:\/\/tecnimport.com.pe\/web\/productos\/lps\/antiadherentes-anti-seize-antiagarrotantes\/lps-all-purpose-anti-seize-antiadherente\/#breadcrumb"},"inLanguage":"es","potentialAction":[{"@type":"ReadAction","target":["https:\/\/tecnimport.com.pe\/web\/productos\/lps\/antiadherentes-anti-seize-antiagarrotantes\/lps-all-purpose-anti-seize-antiadherente\/"]}]},{"@type":"ImageObject","inLanguage":"es","@id":"https:\/\/tecnimport.com.pe\/web\/productos\/lps\/antiadherentes-anti-seize-antiagarrotantes\/lps-all-purpose-anti-seize-antiadherente\/#primaryimage","url":"https:\/\/tecnimport.com.pe\/web\/wp-content\/uploads\/2016\/04\/LPS-ALL-PURPOSE-ANTI-SEIZE-TECNIMPORT.gif","contentUrl":"https:\/\/tecnimport.com.pe\/web\/wp-content\/uploads\/2016\/04\/LPS-ALL-PURPOSE-ANTI-SEIZE-TECNIMPORT.gif","width":1000,"height":1000,"caption":"LPS ALL PURPOSE ANTI-SEIZE ANTIADHERENTE MULTIPROPOSITO"},{"@type":"BreadcrumbList","@id":"https:\/\/tecnimport.com.pe\/web\/productos\/lps\/antiadherentes-anti-seize-antiagarrotantes\/lps-all-purpose-anti-seize-antiadherente\/#breadcrumb","itemListElement":[{"@type":"ListItem","position":1,"name":"Portada","item":"https:\/\/tecnimport.com.pe\/web\/"},{"@type":"ListItem","position":2,"name":"Productos","item":"https:\/\/tecnimport.com.pe\/web\/productos-navigation\/"},{"@type":"ListItem","position":3,"name":"LPS All Purpose Anti-Seize"}]},{"@type":"WebSite","@id":"https:\/\/tecnimport.com.pe\/web\/#website","url":"https:\/\/tecnimport.com.pe\/web\/","name":"TECNIMPORT S.A.","description":"Representante de Devcon, LPS, Rocol y Procyon en el Per\u00fa","publisher":{"@id":"https:\/\/tecnimport.com.pe\/web\/#organization"},"potentialAction":[{"@type":"SearchAction","target":{"@type":"EntryPoint","urlTemplate":"https:\/\/tecnimport.com.pe\/web\/?s={search_term_string}"},"query-input":{"@type":"PropertyValueSpecification","valueRequired":true,"valueName":"search_term_string"}}],"inLanguage":"es"},{"@type":"Organization","@id":"https:\/\/tecnimport.com.pe\/web\/#organization","name":"Tecnimport S.A","url":"https:\/\/tecnimport.com.pe\/web\/","logo":{"@type":"ImageObject","inLanguage":"es","@id":"https:\/\/tecnimport.com.pe\/web\/#\/schema\/logo\/image\/","url":"https:\/\/tecnimport.com.pe\/web\/wp-content\/uploads\/2020\/03\/logo_tecnimport.png","contentUrl":"https:\/\/tecnimport.com.pe\/web\/wp-content\/uploads\/2020\/03\/logo_tecnimport.png","width":367,"height":49,"caption":"Tecnimport S.A"},"image":{"@id":"https:\/\/tecnimport.com.pe\/web\/#\/schema\/logo\/image\/"}}]},"product_price_amount":"1.00","product_price_currency":"USD","og_availability":"instock","product_availability":"instock","product_retailer_item_id":"LPS04110","product_condition":"new"},"_links":{"self":[{"href":"https:\/\/tecnimport.com.pe\/web\/wp-json\/wp\/v2\/product\/2122","targetHints":{"allow":["GET"]}}],"collection":[{"href":"https:\/\/tecnimport.com.pe\/web\/wp-json\/wp\/v2\/product"}],"about":[{"href":"https:\/\/tecnimport.com.pe\/web\/wp-json\/wp\/v2\/types\/product"}],"wp:featuredmedia":[{"embeddable":true,"href":"https:\/\/tecnimport.com.pe\/web\/wp-json\/wp\/v2\/media\/6304"}],"wp:attachment":[{"href":"https:\/\/tecnimport.com.pe\/web\/wp-json\/wp\/v2\/media?parent=2122"}],"wp:term":[{"taxonomy":"product_brand","embeddable":true,"href":"https:\/\/tecnimport.com.pe\/web\/wp-json\/wp\/v2\/product_brand?post=2122"},{"taxonomy":"product_cat","embeddable":true,"href":"https:\/\/tecnimport.com.pe\/web\/wp-json\/wp\/v2\/product_cat?post=2122"},{"taxonomy":"product_tag","embeddable":true,"href":"https:\/\/tecnimport.com.pe\/web\/wp-json\/wp\/v2\/product_tag?post=2122"}],"curies":[{"name":"wp","href":"https:\/\/api.w.org\/{rel}","templated":true}]}}