{"id":2098,"date":"2016-04-21T01:22:40","date_gmt":"2016-04-21T06:22:40","guid":{"rendered":"http:\/\/tecnimport.com.pe\/web\/?post_type=product&#038;p=2098"},"modified":"2025-03-13T17:34:08","modified_gmt":"2025-03-13T22:34:08","slug":"heavy-duty-silicone-lubricante-con-silicona","status":"publish","type":"product","link":"https:\/\/tecnimport.com.pe\/web\/productos\/lps\/lubricantes-grado-alimenticio-h1\/heavy-duty-silicone-lubricante-con-silicona\/","title":{"rendered":"LPS Heavy Duty Silicone Lubricant"},"content":{"rendered":"<div class=\"wpb-content-wrapper\"><p>[vc_row][vc_column][vc_row_inner][vc_column_inner][vc_column_text woodmart_inline=\u00bbno\u00bb text_larger=\u00bbno\u00bb]<strong class=\"subtitulo_prod\">LPS HEAVY DUTY SILICONE LUBRICANT<\/strong><\/p>\n<p><strong class=\"subtitulo_prod\">Presentaci\u00f3n &amp; Fichas<\/strong><\/p>\n<div class=\"table-container\">\n<table class=\"responsive-table\">\n<thead>\n<tr>\n<th style=\"text-align: center;\">N\u00ba de Parte<\/th>\n<th style=\"text-align: center;\">Capacidad<\/th>\n<th style=\"text-align: center;\">Envase<\/th>\n<th style=\"text-align: center;\"><i class=\"fas fa-download\"><\/i> TDS<\/th>\n<\/tr>\n<\/thead>\n<tbody>\n<tr>\n<td style=\"text-align: center;\">01516<\/td>\n<td style=\"text-align: center;\">13 wt oz \/ 369 g \/ 439 mL<\/td>\n<td style=\"text-align: center;\">Aerosol<\/td>\n<td style=\"text-align: center;\"><a href=\"https:\/\/tecnimport.com.pe\/web\/wp-content\/uploads\/2024\/09\/Heavy-DutySilicone-Lubricant.pdf\" target=\"_blank\" rel=\"noopener\"><i class=\"fas fa-download\"><\/i><\/a><\/td>\n<\/tr>\n<\/tbody>\n<\/table>\n<\/div>\n<p>[\/vc_column_text][\/vc_column_inner][\/vc_row_inner][\/vc_column][\/vc_row][vc_row][vc_column width=\u00bb1\/3&#8243;][vc_column_text woodmart_inline=\u00bbno\u00bb text_larger=\u00bbno\u00bb]<strong class=\"subtitulo_prod\">Otras Caracter\u00edsticas<\/strong><\/p>\n<ul>\n<li>F\u00f3rmula rica en silicona a base de agua que lubrica y protege piezas de caucho, pl\u00e1stico y metal.<\/li>\n<li>No contiene solventes clorados.<\/li>\n<li>Proporciona excelente lubricidad.<\/li>\n<li>Ideal para superficies como elast\u00f3meros y pl\u00e1sticos donde los lubricantes a base de petr\u00f3leo no son adecuados.<\/li>\n<li>Elimina adherencias, atascos y chirridos.<\/li>\n<li>Forma una pel\u00edcula transparente y seca despu\u00e9s de un secado prolongado.<\/li>\n<li>Incoloro e inodoro.<\/li>\n<li>Cumple con normas FDA para contacto accidental con alimentos.<\/li>\n<li>Grado alimenticio.<\/li>\n<\/ul>\n<p>[\/vc_column_text][\/vc_column][vc_column width=\u00bb1\/3&#8243;][vc_column_text woodmart_inline=\u00bbno\u00bb text_larger=\u00bbno\u00bb]<strong class=\"subtitulo_prod\">Aplicaciones<\/strong><\/p>\n<ul>\n<li>Cables<\/li>\n<li>Ruedas<\/li>\n<li>Piezas m\u00f3viles de pl\u00e1stico<\/li>\n<li>Juntas t\u00f3ricas<\/li>\n<li>Engranajes de pl\u00e1stico<\/li>\n<li>V\u00e1lvulas<\/li>\n<\/ul>\n<p>[\/vc_column_text][\/vc_column][vc_column width=\u00bb1\/3&#8243;][vc_column_text woodmart_inline=\u00bbno\u00bb text_larger=\u00bbno\u00bb]<strong class=\"subtitulo_prod\">Aplicaciones<\/strong><\/p>\n<ul>\n<li>Rodillos de pl\u00e1stico<\/li>\n<li>Bujes de goma<\/li>\n<li>Soportes de goma<\/li>\n<li>Sellos<\/li>\n<li>Ruedas dentadas<\/li>\n<\/ul>\n<p>[\/vc_column_text][\/vc_column][\/vc_row][vc_row][vc_column width=\u00bb1\/3&#8243;][vc_column_text woodmart_inline=\u00bbno\u00bb text_larger=\u00bbno\u00bb]<strong class=\"subtitulo_prod\">Certificaciones &amp; Especificaciones<\/strong><\/p>\n<ul>\n<li style=\"color: #862633;\"><a href=\"https:\/\/info.nsf.org\/usda\/letters\/059820.pdf\" target=\"_blank\" rel=\"noopener\">Certificado NSF: H1 &#8211; Registro # 059820(Aerosol)<br \/>\n<\/a><\/li>\n<\/ul>\n<p>[\/vc_column_text][\/vc_column][vc_column width=\u00bb1\/3&#8243;][vc_column_text woodmart_inline=\u00bbno\u00bb text_larger=\u00bbno\u00bb]<strong class=\"subtitulo_prod\">Marca &amp; Fabricante<\/strong><\/p>\n<table class=\"table\">\n<tbody>\n<tr>\n<td>Marca<\/td>\n<td><strong><a href=\"https:\/\/tecnimport.com.pe\/web\/lps-probrands-itw-peru\/\" target=\"_blank\" rel=\"noopener\">LPS<\/a><\/strong><\/td>\n<\/tr>\n<tr>\n<td>Fabricante<\/td>\n<td><strong><a href=\"https:\/\/www.itwprobrands.com\/product\/heavy-duty-silicone\" target=\"_blank\" rel=\"noopener\">ITW PROBRANDS<\/a><\/strong><\/td>\n<\/tr>\n<\/tbody>\n<\/table>\n<p>[\/vc_column_text][\/vc_column][vc_column width=\u00bb1\/3&#8243;][vc_column_text woodmart_inline=\u00bbno\u00bb text_larger=\u00bbno\u00bb]<strong class=\"subtitulo_prod\">Aplicaci\u00f3n<\/strong>[\/vc_column_text][vc_single_image image=\u00bb6272&#8243; img_size=\u00bblarge\u00bb add_caption=\u00bbyes\u00bb alignment=\u00bbcenter\u00bb parallax_scroll=\u00bbno\u00bb woodmart_inline=\u00bbno\u00bb][\/vc_column][\/vc_row][vc_row][\/vc_row][vc_column][vc_column_text woodmart_inline=\u00bbno\u00bb text_larger=\u00bbno\u00bb]<strong class=\"subtitulo_prod\">Propiedades<\/strong><\/p>\n<table class=\"table\">\n<tbody>\n<tr>\n<td>Aspecto \/ Estado f\u00edsico<\/td>\n<td>Aerosol: gas, a granel: l\u00edquido<\/td>\n<\/tr>\n<tr>\n<td>Color<\/td>\n<td>Blanco<\/td>\n<\/tr>\n<tr>\n<td>Olor<\/td>\n<td>Suave<\/td>\n<\/tr>\n<tr>\n<td>Valor de pH<\/td>\n<td>9,1<\/td>\n<\/tr>\n<tr>\n<td>Punto de fusi\u00f3n \/ punto de congelaci\u00f3n<\/td>\n<td>No disponible<\/td>\n<\/tr>\n<tr>\n<td>Punto de ebullici\u00f3n \/ rango<\/td>\n<td>212 \u00b0F (100 \u00b0C)<\/td>\n<\/tr>\n<tr>\n<td>Punto de inflamaci\u00f3n<\/td>\n<td>Aerosol: 142,0 \u00b0F (61,1 \u00b0C) Etiqueta de vaso cerrado, a granel: 143,60 \u00b0F (62,00 \u00b0C) Etiqueta de vaso cerrado<\/td>\n<\/tr>\n<tr>\n<td>Tasa de evaporaci\u00f3n<\/td>\n<td>&lt;1 BuAc<\/td>\n<\/tr>\n<tr>\n<td>Inflamabilidad<\/td>\n<td>L\u00edmite de inflamabilidad: inferior = 1,3 %, superior = 9,5 %<\/td>\n<\/tr>\n<tr>\n<td>Presi\u00f3n de vapor<\/td>\n<td>17,5 mm Hg a 20 \u00baC<\/td>\n<\/tr>\n<tr>\n<td>Coeficiente de partici\u00f3n<\/td>\n<td>&lt; 1<\/td>\n<\/tr>\n<tr>\n<td>Temperatura de autoignici\u00f3n<\/td>\n<td>&gt; 572 \u00b0F (&gt; 300 \u00b0C)<\/td>\n<\/tr>\n<tr>\n<td>Viscosidad<\/td>\n<td>2000 &#8211; 12000 cP a 25 \u00baC<\/td>\n<\/tr>\n<tr>\n<td>Densidad<\/td>\n<td>7.82<\/td>\n<\/tr>\n<tr>\n<td>Gravedad espec\u00edfica<\/td>\n<td>0,92 &#8211; 0,94<\/td>\n<\/tr>\n<tr>\n<td>Contenido de COV<\/td>\n<td>0.2<\/td>\n<\/tr>\n<tr>\n<td>Propelente<\/td>\n<td>Aerosol: mezcla de propano\/isobutano, a granel: N\/D<\/td>\n<\/tr>\n<\/tbody>\n<\/table>\n<p>[\/vc_column_text][\/vc_column]<\/p>\n<\/div>","protected":false},"excerpt":{"rendered":"<h2 class=\"h2_subtitulo\"><i>LUBRICANTE PARA TRABAJO PESADO BASE SILICONA GRADO ALIMENTICIO<\/i><\/h2>\n<p>LPS HEAVY DUTY SILICONE LUBRICANT es un LUBRICANTE PARA TRABAJO PESADO BASE SILICONA GRADO ALIMENTICIO. Es una formulaci\u00f3n \u00fanica basada en agua que contiene un alto grado de silicona para una lubricaci\u00f3n mejor y m\u00e1s duradera. El lubricante de silicona es un lubricante seco, no mancha, es ideal para su uso en superficies como elast\u00f3meros y pl\u00e1sticos donde los productos a base de petr\u00f3leo no pueden ser usados.<\/p>\n","protected":false},"featured_media":6270,"template":"","meta":[],"product_brand":[232],"product_cat":[205,636,210],"product_tag":[1294,1297,682,1299],"class_list":{"0":"post-2098","1":"product","2":"type-product","3":"status-publish","4":"has-post-thumbnail","6":"product_brand-lps","7":"product_cat-lps","8":"product_cat-lubricante-penetrante-aflojatodo","9":"product_cat-lubricantes-grado-alimenticio-h1","10":"product_tag-base-silicona","11":"product_tag-grado-industrial","12":"product_tag-lubricante","13":"product_tag-pelicula-humeda","15":"first","16":"instock","17":"shipping-taxable","18":"purchasable","19":"product-type-simple"},"yoast_head":"<!-- This site is optimized with the Yoast SEO plugin v26.9 - https:\/\/yoast.com\/product\/yoast-seo-wordpress\/ -->\n<title>LPS Heavy Duty Silicone Lubricant - TECNIMPORT S.A.<\/title>\n<meta name=\"description\" content=\"LPS HEAVY DUTY SILICONE LUBRICANT es un LUBRICANTE PARA TRABAJO PESADO BASE SILICONA GRADO ALIMENTICIO. Ideal superficies como elast\u00f3meros y pl\u00e1sticos.\" \/>\n<meta name=\"robots\" content=\"index, follow, max-snippet:-1, max-image-preview:large, max-video-preview:-1\" \/>\n<link rel=\"canonical\" href=\"https:\/\/tecnimport.com.pe\/web\/productos\/lps\/lubricantes-grado-alimenticio-h1\/heavy-duty-silicone-lubricante-con-silicona\/\" \/>\n<meta property=\"og:locale\" content=\"es_ES\" \/>\n<meta property=\"og:type\" content=\"article\" \/>\n<meta property=\"og:title\" content=\"LPS Heavy Duty Silicone Lubricant - TECNIMPORT S.A.\" \/>\n<meta property=\"og:description\" content=\"LPS HEAVY DUTY SILICONE LUBRICANT es un LUBRICANTE PARA TRABAJO PESADO BASE SILICONA GRADO ALIMENTICIO. Ideal superficies como elast\u00f3meros y pl\u00e1sticos.\" \/>\n<meta property=\"og:url\" content=\"https:\/\/tecnimport.com.pe\/web\/productos\/lps\/lubricantes-grado-alimenticio-h1\/heavy-duty-silicone-lubricante-con-silicona\/\" \/>\n<meta property=\"og:site_name\" content=\"TECNIMPORT S.A.\" \/>\n<meta property=\"article:modified_time\" content=\"2025-03-13T22:34:08+00:00\" \/>\n<meta property=\"og:image\" content=\"https:\/\/tecnimport.com.pe\/web\/wp-content\/uploads\/2016\/04\/LPS-HEAVY-DUTY-SILICONE-LUBRICANTE-PARA-TRABAJO-PRESADO-BASE-SILICONA-TECNIMPORT.gif\" \/>\n\t<meta property=\"og:image:width\" content=\"1000\" \/>\n\t<meta property=\"og:image:height\" content=\"1000\" \/>\n\t<meta property=\"og:image:type\" content=\"image\/gif\" \/>\n<meta name=\"twitter:card\" content=\"summary_large_image\" \/>\n<meta name=\"twitter:label1\" content=\"Precio\" \/>\n\t<meta name=\"twitter:data1\" content=\"&#036;1.00\" \/>\n\t<meta name=\"twitter:label2\" content=\"Disponibilidad\" \/>\n\t<meta name=\"twitter:data2\" content=\"Disponible\" \/>\n<script type=\"application\/ld+json\" class=\"yoast-schema-graph\">{\"@context\":\"https:\/\/schema.org\",\"@graph\":[{\"@type\":\"WebPage\",\"@id\":\"https:\/\/tecnimport.com.pe\/web\/productos\/lps\/lubricantes-grado-alimenticio-h1\/heavy-duty-silicone-lubricante-con-silicona\/\",\"url\":\"https:\/\/tecnimport.com.pe\/web\/productos\/lps\/lubricantes-grado-alimenticio-h1\/heavy-duty-silicone-lubricante-con-silicona\/\",\"name\":\"LPS Heavy Duty Silicone Lubricant - TECNIMPORT S.A.\",\"isPartOf\":{\"@id\":\"https:\/\/tecnimport.com.pe\/web\/#website\"},\"primaryImageOfPage\":{\"@id\":\"https:\/\/tecnimport.com.pe\/web\/productos\/lps\/lubricantes-grado-alimenticio-h1\/heavy-duty-silicone-lubricante-con-silicona\/#primaryimage\"},\"image\":{\"@id\":\"https:\/\/tecnimport.com.pe\/web\/productos\/lps\/lubricantes-grado-alimenticio-h1\/heavy-duty-silicone-lubricante-con-silicona\/#primaryimage\"},\"thumbnailUrl\":\"https:\/\/tecnimport.com.pe\/web\/wp-content\/uploads\/2016\/04\/LPS-HEAVY-DUTY-SILICONE-LUBRICANTE-PARA-TRABAJO-PRESADO-BASE-SILICONA-TECNIMPORT.gif\",\"datePublished\":\"2016-04-21T06:22:40+00:00\",\"dateModified\":\"2025-03-13T22:34:08+00:00\",\"description\":\"LPS HEAVY DUTY SILICONE LUBRICANT es un LUBRICANTE PARA TRABAJO PESADO BASE SILICONA GRADO ALIMENTICIO. Ideal superficies como elast\u00f3meros y pl\u00e1sticos.\",\"breadcrumb\":{\"@id\":\"https:\/\/tecnimport.com.pe\/web\/productos\/lps\/lubricantes-grado-alimenticio-h1\/heavy-duty-silicone-lubricante-con-silicona\/#breadcrumb\"},\"inLanguage\":\"es\",\"potentialAction\":[{\"@type\":\"ReadAction\",\"target\":[\"https:\/\/tecnimport.com.pe\/web\/productos\/lps\/lubricantes-grado-alimenticio-h1\/heavy-duty-silicone-lubricante-con-silicona\/\"]}]},{\"@type\":\"ImageObject\",\"inLanguage\":\"es\",\"@id\":\"https:\/\/tecnimport.com.pe\/web\/productos\/lps\/lubricantes-grado-alimenticio-h1\/heavy-duty-silicone-lubricante-con-silicona\/#primaryimage\",\"url\":\"https:\/\/tecnimport.com.pe\/web\/wp-content\/uploads\/2016\/04\/LPS-HEAVY-DUTY-SILICONE-LUBRICANTE-PARA-TRABAJO-PRESADO-BASE-SILICONA-TECNIMPORT.gif\",\"contentUrl\":\"https:\/\/tecnimport.com.pe\/web\/wp-content\/uploads\/2016\/04\/LPS-HEAVY-DUTY-SILICONE-LUBRICANTE-PARA-TRABAJO-PRESADO-BASE-SILICONA-TECNIMPORT.gif\",\"width\":1000,\"height\":1000,\"caption\":\"LPS HEAVY DUTY SILICONE LUBRICANT LUBRICANTE PARA TRABAJO PESADO BASE SILICONA GRADO ALIMENTICIO\"},{\"@type\":\"BreadcrumbList\",\"@id\":\"https:\/\/tecnimport.com.pe\/web\/productos\/lps\/lubricantes-grado-alimenticio-h1\/heavy-duty-silicone-lubricante-con-silicona\/#breadcrumb\",\"itemListElement\":[{\"@type\":\"ListItem\",\"position\":1,\"name\":\"Portada\",\"item\":\"https:\/\/tecnimport.com.pe\/web\/\"},{\"@type\":\"ListItem\",\"position\":2,\"name\":\"Productos\",\"item\":\"https:\/\/tecnimport.com.pe\/web\/productos-navigation\/\"},{\"@type\":\"ListItem\",\"position\":3,\"name\":\"LPS Heavy Duty Silicone Lubricant\"}]},{\"@type\":\"WebSite\",\"@id\":\"https:\/\/tecnimport.com.pe\/web\/#website\",\"url\":\"https:\/\/tecnimport.com.pe\/web\/\",\"name\":\"TECNIMPORT S.A.\",\"description\":\"Representante de Devcon, LPS, Rocol y Procyon en el Per\u00fa\",\"publisher\":{\"@id\":\"https:\/\/tecnimport.com.pe\/web\/#organization\"},\"potentialAction\":[{\"@type\":\"SearchAction\",\"target\":{\"@type\":\"EntryPoint\",\"urlTemplate\":\"https:\/\/tecnimport.com.pe\/web\/?s={search_term_string}\"},\"query-input\":{\"@type\":\"PropertyValueSpecification\",\"valueRequired\":true,\"valueName\":\"search_term_string\"}}],\"inLanguage\":\"es\"},{\"@type\":\"Organization\",\"@id\":\"https:\/\/tecnimport.com.pe\/web\/#organization\",\"name\":\"Tecnimport S.A\",\"url\":\"https:\/\/tecnimport.com.pe\/web\/\",\"logo\":{\"@type\":\"ImageObject\",\"inLanguage\":\"es\",\"@id\":\"https:\/\/tecnimport.com.pe\/web\/#\/schema\/logo\/image\/\",\"url\":\"https:\/\/tecnimport.com.pe\/web\/wp-content\/uploads\/2020\/03\/logo_tecnimport.png\",\"contentUrl\":\"https:\/\/tecnimport.com.pe\/web\/wp-content\/uploads\/2020\/03\/logo_tecnimport.png\",\"width\":367,\"height\":49,\"caption\":\"Tecnimport S.A\"},\"image\":{\"@id\":\"https:\/\/tecnimport.com.pe\/web\/#\/schema\/logo\/image\/\"}}]}<\/script>\n<meta property=\"product:price:amount\" content=\"1.00\" \/>\n<meta property=\"product:price:currency\" content=\"USD\" \/>\n<meta property=\"og:availability\" content=\"instock\" \/>\n<meta property=\"product:availability\" content=\"instock\" \/>\n<meta property=\"product:retailer_item_id\" content=\"LPS01516\" \/>\n<meta property=\"product:condition\" content=\"new\" \/>\n<!-- \/ Yoast SEO plugin. -->","yoast_head_json":{"title":"LPS Heavy Duty Silicone Lubricant - TECNIMPORT S.A.","description":"LPS HEAVY DUTY SILICONE LUBRICANT es un LUBRICANTE PARA TRABAJO PESADO BASE SILICONA GRADO ALIMENTICIO. Ideal superficies como elast\u00f3meros y pl\u00e1sticos.","robots":{"index":"index","follow":"follow","max-snippet":"max-snippet:-1","max-image-preview":"max-image-preview:large","max-video-preview":"max-video-preview:-1"},"canonical":"https:\/\/tecnimport.com.pe\/web\/productos\/lps\/lubricantes-grado-alimenticio-h1\/heavy-duty-silicone-lubricante-con-silicona\/","og_locale":"es_ES","og_type":"article","og_title":"LPS Heavy Duty Silicone Lubricant - TECNIMPORT S.A.","og_description":"LPS HEAVY DUTY SILICONE LUBRICANT es un LUBRICANTE PARA TRABAJO PESADO BASE SILICONA GRADO ALIMENTICIO. Ideal superficies como elast\u00f3meros y pl\u00e1sticos.","og_url":"https:\/\/tecnimport.com.pe\/web\/productos\/lps\/lubricantes-grado-alimenticio-h1\/heavy-duty-silicone-lubricante-con-silicona\/","og_site_name":"TECNIMPORT S.A.","article_modified_time":"2025-03-13T22:34:08+00:00","og_image":[{"width":1000,"height":1000,"url":"https:\/\/tecnimport.com.pe\/web\/wp-content\/uploads\/2016\/04\/LPS-HEAVY-DUTY-SILICONE-LUBRICANTE-PARA-TRABAJO-PRESADO-BASE-SILICONA-TECNIMPORT.gif","type":"image\/gif"}],"twitter_card":"summary_large_image","twitter_misc":{"Precio":"&#36;1.00","Disponibilidad":"Disponible"},"schema":{"@context":"https:\/\/schema.org","@graph":[{"@type":"WebPage","@id":"https:\/\/tecnimport.com.pe\/web\/productos\/lps\/lubricantes-grado-alimenticio-h1\/heavy-duty-silicone-lubricante-con-silicona\/","url":"https:\/\/tecnimport.com.pe\/web\/productos\/lps\/lubricantes-grado-alimenticio-h1\/heavy-duty-silicone-lubricante-con-silicona\/","name":"LPS Heavy Duty Silicone Lubricant - TECNIMPORT S.A.","isPartOf":{"@id":"https:\/\/tecnimport.com.pe\/web\/#website"},"primaryImageOfPage":{"@id":"https:\/\/tecnimport.com.pe\/web\/productos\/lps\/lubricantes-grado-alimenticio-h1\/heavy-duty-silicone-lubricante-con-silicona\/#primaryimage"},"image":{"@id":"https:\/\/tecnimport.com.pe\/web\/productos\/lps\/lubricantes-grado-alimenticio-h1\/heavy-duty-silicone-lubricante-con-silicona\/#primaryimage"},"thumbnailUrl":"https:\/\/tecnimport.com.pe\/web\/wp-content\/uploads\/2016\/04\/LPS-HEAVY-DUTY-SILICONE-LUBRICANTE-PARA-TRABAJO-PRESADO-BASE-SILICONA-TECNIMPORT.gif","datePublished":"2016-04-21T06:22:40+00:00","dateModified":"2025-03-13T22:34:08+00:00","description":"LPS HEAVY DUTY SILICONE LUBRICANT es un LUBRICANTE PARA TRABAJO PESADO BASE SILICONA GRADO ALIMENTICIO. Ideal superficies como elast\u00f3meros y pl\u00e1sticos.","breadcrumb":{"@id":"https:\/\/tecnimport.com.pe\/web\/productos\/lps\/lubricantes-grado-alimenticio-h1\/heavy-duty-silicone-lubricante-con-silicona\/#breadcrumb"},"inLanguage":"es","potentialAction":[{"@type":"ReadAction","target":["https:\/\/tecnimport.com.pe\/web\/productos\/lps\/lubricantes-grado-alimenticio-h1\/heavy-duty-silicone-lubricante-con-silicona\/"]}]},{"@type":"ImageObject","inLanguage":"es","@id":"https:\/\/tecnimport.com.pe\/web\/productos\/lps\/lubricantes-grado-alimenticio-h1\/heavy-duty-silicone-lubricante-con-silicona\/#primaryimage","url":"https:\/\/tecnimport.com.pe\/web\/wp-content\/uploads\/2016\/04\/LPS-HEAVY-DUTY-SILICONE-LUBRICANTE-PARA-TRABAJO-PRESADO-BASE-SILICONA-TECNIMPORT.gif","contentUrl":"https:\/\/tecnimport.com.pe\/web\/wp-content\/uploads\/2016\/04\/LPS-HEAVY-DUTY-SILICONE-LUBRICANTE-PARA-TRABAJO-PRESADO-BASE-SILICONA-TECNIMPORT.gif","width":1000,"height":1000,"caption":"LPS HEAVY DUTY SILICONE LUBRICANT LUBRICANTE PARA TRABAJO PESADO BASE SILICONA GRADO ALIMENTICIO"},{"@type":"BreadcrumbList","@id":"https:\/\/tecnimport.com.pe\/web\/productos\/lps\/lubricantes-grado-alimenticio-h1\/heavy-duty-silicone-lubricante-con-silicona\/#breadcrumb","itemListElement":[{"@type":"ListItem","position":1,"name":"Portada","item":"https:\/\/tecnimport.com.pe\/web\/"},{"@type":"ListItem","position":2,"name":"Productos","item":"https:\/\/tecnimport.com.pe\/web\/productos-navigation\/"},{"@type":"ListItem","position":3,"name":"LPS Heavy Duty Silicone Lubricant"}]},{"@type":"WebSite","@id":"https:\/\/tecnimport.com.pe\/web\/#website","url":"https:\/\/tecnimport.com.pe\/web\/","name":"TECNIMPORT S.A.","description":"Representante de Devcon, LPS, Rocol y Procyon en el Per\u00fa","publisher":{"@id":"https:\/\/tecnimport.com.pe\/web\/#organization"},"potentialAction":[{"@type":"SearchAction","target":{"@type":"EntryPoint","urlTemplate":"https:\/\/tecnimport.com.pe\/web\/?s={search_term_string}"},"query-input":{"@type":"PropertyValueSpecification","valueRequired":true,"valueName":"search_term_string"}}],"inLanguage":"es"},{"@type":"Organization","@id":"https:\/\/tecnimport.com.pe\/web\/#organization","name":"Tecnimport S.A","url":"https:\/\/tecnimport.com.pe\/web\/","logo":{"@type":"ImageObject","inLanguage":"es","@id":"https:\/\/tecnimport.com.pe\/web\/#\/schema\/logo\/image\/","url":"https:\/\/tecnimport.com.pe\/web\/wp-content\/uploads\/2020\/03\/logo_tecnimport.png","contentUrl":"https:\/\/tecnimport.com.pe\/web\/wp-content\/uploads\/2020\/03\/logo_tecnimport.png","width":367,"height":49,"caption":"Tecnimport S.A"},"image":{"@id":"https:\/\/tecnimport.com.pe\/web\/#\/schema\/logo\/image\/"}}]},"product_price_amount":"1.00","product_price_currency":"USD","og_availability":"instock","product_availability":"instock","product_retailer_item_id":"LPS01516","product_condition":"new"},"_links":{"self":[{"href":"https:\/\/tecnimport.com.pe\/web\/wp-json\/wp\/v2\/product\/2098","targetHints":{"allow":["GET"]}}],"collection":[{"href":"https:\/\/tecnimport.com.pe\/web\/wp-json\/wp\/v2\/product"}],"about":[{"href":"https:\/\/tecnimport.com.pe\/web\/wp-json\/wp\/v2\/types\/product"}],"wp:featuredmedia":[{"embeddable":true,"href":"https:\/\/tecnimport.com.pe\/web\/wp-json\/wp\/v2\/media\/6270"}],"wp:attachment":[{"href":"https:\/\/tecnimport.com.pe\/web\/wp-json\/wp\/v2\/media?parent=2098"}],"wp:term":[{"taxonomy":"product_brand","embeddable":true,"href":"https:\/\/tecnimport.com.pe\/web\/wp-json\/wp\/v2\/product_brand?post=2098"},{"taxonomy":"product_cat","embeddable":true,"href":"https:\/\/tecnimport.com.pe\/web\/wp-json\/wp\/v2\/product_cat?post=2098"},{"taxonomy":"product_tag","embeddable":true,"href":"https:\/\/tecnimport.com.pe\/web\/wp-json\/wp\/v2\/product_tag?post=2098"}],"curies":[{"name":"wp","href":"https:\/\/api.w.org\/{rel}","templated":true}]}}