{"id":2093,"date":"2016-04-21T01:15:23","date_gmt":"2016-04-21T06:15:23","guid":{"rendered":"http:\/\/tecnimport.com.pe\/web\/?post_type=product&#038;p=2093"},"modified":"2025-03-13T17:35:18","modified_gmt":"2025-03-13T22:35:18","slug":"lps-tkx-lubricante-multiproposito","status":"publish","type":"product","link":"https:\/\/tecnimport.com.pe\/web\/productos\/lps\/lubricante-penetrante-aflojatodo\/lps-tkx-lubricante-multiproposito\/","title":{"rendered":"LPS TKX\u00ae All-Purpose Lubricant"},"content":{"rendered":"<div class=\"wpb-content-wrapper\"><p>[vc_row][vc_column][vc_row_inner][vc_column_inner][vc_column_text woodmart_inline=\u00bbno\u00bb text_larger=\u00bbno\u00bb]<strong class=\"subtitulo_prod\">Presentaci\u00f3n &amp; Fichas<\/strong><\/p>\n<div class=\"table-container\">\n<table class=\"responsive-table\">\n<thead>\n<tr>\n<th style=\"text-align: center;\">N\u00ba de Parte<\/th>\n<th style=\"text-align: center;\">Capacidad<\/th>\n<th style=\"text-align: center;\">Envase<\/th>\n<th style=\"text-align: center;\"><i class=\"fas fa-download\"><\/i> TDS<\/th>\n<\/tr>\n<\/thead>\n<tbody>\n<tr>\n<td style=\"text-align: center;\">02016<\/td>\n<td style=\"text-align: center;\">11 wt oz \/ 312 g \/ 368 mL<\/td>\n<td style=\"text-align: center;\">Aerosol<\/td>\n<td style=\"text-align: center;\"><a href=\"https:\/\/tecnimport.com.pe\/web\/wp-content\/uploads\/2024\/09\/TKX-All-PurposeLubricant-2.pdf\" target=\"_blank\" rel=\"noopener\"><i class=\"fas fa-download\"><\/i><\/a><\/td>\n<\/tr>\n<tr>\n<td style=\"text-align: center;\">02028<\/td>\n<td style=\"text-align: center;\">1 gal<\/td>\n<td style=\"text-align: center;\">Envase<\/td>\n<td style=\"text-align: center;\"><a href=\"https:\/\/tecnimport.com.pe\/web\/wp-content\/uploads\/2024\/09\/TKX-All-PurposeLubricant-2.pdf\" target=\"_blank\" rel=\"noopener\"><i class=\"fas fa-download\"><\/i><\/a><\/td>\n<\/tr>\n<tr>\n<td style=\"text-align: center;\">02055<\/td>\n<td style=\"text-align: center;\">55 gal<\/td>\n<td style=\"text-align: center;\">Cilindro<\/td>\n<td style=\"text-align: center;\"><a href=\"https:\/\/tecnimport.com.pe\/web\/wp-content\/uploads\/2024\/09\/TKX-All-PurposeLubricant-2.pdf\" target=\"_blank\" rel=\"noopener\"><i class=\"fas fa-download\"><\/i><\/a><\/td>\n<\/tr>\n<\/tbody>\n<\/table>\n<\/div>\n<p>[\/vc_column_text][\/vc_column_inner][\/vc_row_inner][\/vc_column][\/vc_row][vc_row][vc_column width=\u00bb1\/3&#8243;][vc_column_text woodmart_inline=\u00bbno\u00bb text_larger=\u00bbno\u00bb]<strong class=\"subtitulo_prod\">Otras Caracter\u00edsticas<\/strong><\/p>\n<ul>\n<li>Afloja piezas oxidadas o congeladas<\/li>\n<li>Desplaza la humedad<\/li>\n<li>Protege contra la corrosi\u00f3n<\/li>\n<li>Proporciona una pel\u00edcula aceitosa duradera y que no se seca<\/li>\n<li>Punto de inflamaci\u00f3n alto de &gt;160 \u00b0F (71 \u00b0C)<\/li>\n<li>No conductor<\/li>\n<li>No contiene solventes clorados ni siliconas<\/li>\n<\/ul>\n<p>[\/vc_column_text][\/vc_column][vc_column width=\u00bb1\/3&#8243;][vc_column_text woodmart_inline=\u00bbno\u00bb text_larger=\u00bbno\u00bb]<strong class=\"subtitulo_prod\">Aplicaciones<\/strong><\/p>\n<ul>\n<li>Rodamientos<\/li>\n<li>Cables y cadenas<\/li>\n<li>Piezas fundidas<\/li>\n<li>Matrices y moldes<\/li>\n<li>Piezas met\u00e1licas y maquinaria<\/li>\n<li>Piezas forjadas<\/li>\n<li>Engranajes<\/li>\n<\/ul>\n<p>[\/vc_column_text][\/vc_column][vc_column width=\u00bb1\/3&#8243;][vc_column_text woodmart_inline=\u00bbno\u00bb text_larger=\u00bbno\u00bb]<strong class=\"subtitulo_prod\">Aplicaciones<\/strong><\/p>\n<ul>\n<li>Tuercas y tornillos<\/li>\n<li>Bombas y poleas<\/li>\n<li>Muelles<\/li>\n<li>Hojas de sierra<\/li>\n<li>Gu\u00edas<\/li>\n<li>Rodillos y mecanismos deslizantes<\/li>\n<li>Material mecanizado<\/li>\n<\/ul>\n<p>[\/vc_column_text][\/vc_column][\/vc_row][vc_row][vc_column width=\u00bb1\/3&#8243;][vc_column_text woodmart_inline=\u00bbno\u00bb text_larger=\u00bbno\u00bb]<strong class=\"subtitulo_prod\">Certificaciones &amp; Especificaciones<\/strong><\/p>\n<ul>\n<li style=\"color: #862633;\"><a href=\"https:\/\/www.itwprobrands.com\/files\/product_specifications\/LPS_TKX_Aerosol_NSF_Registration_2022.pdf\" target=\"_blank\" rel=\"noopener\">Certificado NSF: H2 &#8211; Registro # 059847 (Aerosol)<br \/>\n<\/a><\/li>\n<li style=\"color: #862633;\"><a href=\"https:\/\/www.itwprobrands.com\/files\/product_specifications\/LPS_TKX_Bulk_NSF_Registration_2022.pdf\" target=\"_blank\" rel=\"noopener\">Certificado NSF: H2 &#8211; Registro # 129040 (Granel)<br \/>\n<\/a><\/li>\n<\/ul>\n<p>[\/vc_column_text][\/vc_column][vc_column width=\u00bb1\/3&#8243;][vc_column_text woodmart_inline=\u00bbno\u00bb text_larger=\u00bbno\u00bb]<strong class=\"subtitulo_prod\">Marca &amp; Fabricante<\/strong><\/p>\n<table class=\"table\">\n<tbody>\n<tr>\n<td>Marca<\/td>\n<td><strong><a href=\"https:\/\/tecnimport.com.pe\/web\/lps-probrands-itw-peru\/\" target=\"_blank\" rel=\"noopener\">LPS<\/a><\/strong><\/td>\n<\/tr>\n<tr>\n<td>Fabricante<\/td>\n<td><strong><a href=\"https:\/\/www.itwprobrands.com\/product\/tkx\" target=\"_blank\" rel=\"noopener\">ITW PROBRANDS<\/a><\/strong><\/td>\n<\/tr>\n<\/tbody>\n<\/table>\n<p>[\/vc_column_text][\/vc_column][vc_column width=\u00bb1\/3&#8243;][vc_column_text woodmart_inline=\u00bbno\u00bb text_larger=\u00bbno\u00bb]<strong class=\"subtitulo_prod\">Aplicaci\u00f3n<\/strong>[\/vc_column_text][vc_single_image image=\u00bb6263&#8243; img_size=\u00bblarge\u00bb add_caption=\u00bbyes\u00bb alignment=\u00bbcenter\u00bb parallax_scroll=\u00bbno\u00bb woodmart_inline=\u00bbno\u00bb][\/vc_column][\/vc_row][vc_row][vc_column][vc_column_text woodmart_inline=\u00bbno\u00bb text_larger=\u00bbno\u00bb]<strong class=\"subtitulo_prod\">Propiedades<\/strong><\/p>\n<table class=\"table\">\n<tbody>\n<tr>\n<td>Aspecto \/ Estado f\u00edsico<\/td>\n<td>Aerosol: gas, a granel: l\u00edquido<\/td>\n<\/tr>\n<tr>\n<td>Color<\/td>\n<td>Verde oscuro.<\/td>\n<\/tr>\n<tr>\n<td>Olor<\/td>\n<td>Vainilla; ligero olor a petr\u00f3leo.<\/td>\n<\/tr>\n<tr>\n<td>Punto de fusi\u00f3n \/ congelaci\u00f3n<\/td>\n<td>No disponible.<\/td>\n<\/tr>\n<tr>\n<td>Punto \/ rango de ebullici\u00f3n<\/td>\n<td>417,2 \u00b0F (214 \u00b0C)<\/td>\n<\/tr>\n<tr>\n<td>Punto de inflamaci\u00f3n<\/td>\n<td>163,4 \u00b0F (73,0 \u00b0C) Etiqueta de copa cerrada<\/td>\n<\/tr>\n<tr>\n<td>Tasa de evaporaci\u00f3n<\/td>\n<td>&lt; 0,1 BuAc<\/td>\n<\/tr>\n<tr>\n<td>Inflamabilidad<\/td>\n<td>Inferior: 0,6 %, Superior: 7 %<\/td>\n<\/tr>\n<tr>\n<td>Presi\u00f3n de vapor<\/td>\n<td>&lt; 0,05 mm Hg a 20 \u00b0C<\/td>\n<\/tr>\n<tr>\n<td>Densidad de vapor<\/td>\n<td>4,7<\/td>\n<\/tr>\n<tr>\n<td>Densidad<\/td>\n<td>0,83 &#8211; 0,85 a 20 \u00b0C (relativo)<\/td>\n<\/tr>\n<tr>\n<td>Solubilidad en agua<\/td>\n<td>&lt;3 %<\/td>\n<\/tr>\n<tr>\n<td>Coeficiente de partici\u00f3n<\/td>\n<td>&lt;1 (n-octanol\/agua)<\/td>\n<\/tr>\n<tr>\n<td>Temperatura de autoignici\u00f3n<\/td>\n<td>&gt; 442,4 \u00b0F (&gt; 228 \u00b0C)<\/td>\n<\/tr>\n<tr>\n<td>Calor de combusti\u00f3n<\/td>\n<td>&gt; 30 kJ\/g<\/td>\n<\/tr>\n<tr>\n<td>Porcentaje de vol\u00e1tiles<\/td>\n<td>0.7<\/td>\n<\/tr>\n<tr>\n<td>Contenido de COV<\/td>\n<td>2,5 % seg\u00fan las Regulaciones de productos de consumo estatales y federales de EE. UU.<\/td>\n<\/tr>\n<tr>\n<td>Viscosidad<\/td>\n<td>&lt; 7 cSt a 25 \u00b0C<\/td>\n<\/tr>\n<tr>\n<td>Tensi\u00f3n superficial<\/td>\n<td>24,4 dinas\/cm<\/td>\n<\/tr>\n<tr>\n<td>Propelente<\/td>\n<td>Di\u00f3xido de carbono<\/td>\n<\/tr>\n<\/tbody>\n<\/table>\n<p>[\/vc_column_text][\/vc_column][\/vc_row]<\/p>\n<\/div>","protected":false},"excerpt":{"rendered":"<h2 class=\"h2_subtitulo\"><i> LUBRICANTE MULTIPROP\u00d3SITO<\/i><\/h2>\n<p>LPS TKX LUBRICANTE MULTIPROP\u00d3SITO es un potente lubricante multiusos que penetra en peque\u00f1as grietas, protege contra la corrosi\u00f3n, desplaza la humedad y afloja las piezas congeladas.<\/p>\n<p>Roc\u00ede en CUALQUIER \u00e1ngulo, incluso boca abajo, para conquistar \u00e1reas dif\u00edciles con un control total.<\/p>\n","protected":false},"featured_media":6245,"template":"","meta":[],"product_brand":[232],"product_cat":[205,636],"product_tag":[1296,1297,682,1292],"class_list":{"0":"post-2093","1":"product","2":"type-product","3":"status-publish","4":"has-post-thumbnail","6":"product_brand-lps","7":"product_cat-lps","8":"product_cat-lubricante-penetrante-aflojatodo","9":"product_tag-afloja-todo","10":"product_tag-grado-industrial","11":"product_tag-lubricante","12":"product_tag-multiproposito","14":"first","15":"instock","16":"shipping-taxable","17":"purchasable","18":"product-type-variable"},"yoast_head":"<!-- This site is optimized with the Yoast SEO plugin v26.9 - https:\/\/yoast.com\/product\/yoast-seo-wordpress\/ -->\n<title>LPS TKX\u00ae All-Purpose Lubricant - TECNIMPORT S.A.<\/title>\n<meta name=\"description\" content=\"LPS TKX POTENTE LUBRICANTE MULTIPROP\u00d3SITO, penetra en peque\u00f1as grietas, protege contra la corrosi\u00f3n, desplaza la humedad y afloja las piezas congeladas.\" \/>\n<meta name=\"robots\" content=\"index, follow, max-snippet:-1, max-image-preview:large, max-video-preview:-1\" \/>\n<link rel=\"canonical\" href=\"https:\/\/tecnimport.com.pe\/web\/productos\/lps\/lubricante-penetrante-aflojatodo\/lps-tkx-lubricante-multiproposito\/\" \/>\n<meta property=\"og:locale\" content=\"es_ES\" \/>\n<meta property=\"og:type\" content=\"article\" \/>\n<meta property=\"og:title\" content=\"LPS TKX\u00ae All-Purpose Lubricant - TECNIMPORT S.A.\" \/>\n<meta property=\"og:description\" content=\"LPS TKX POTENTE LUBRICANTE MULTIPROP\u00d3SITO, penetra en peque\u00f1as grietas, protege contra la corrosi\u00f3n, desplaza la humedad y afloja las piezas congeladas.\" \/>\n<meta property=\"og:url\" content=\"https:\/\/tecnimport.com.pe\/web\/productos\/lps\/lubricante-penetrante-aflojatodo\/lps-tkx-lubricante-multiproposito\/\" \/>\n<meta property=\"og:site_name\" content=\"TECNIMPORT S.A.\" \/>\n<meta property=\"article:modified_time\" content=\"2025-03-13T22:35:18+00:00\" \/>\n<meta property=\"og:image\" content=\"https:\/\/tecnimport.com.pe\/web\/wp-content\/uploads\/2016\/04\/LPS-TKX-LUBRICANTE-MULTIPROPOSITO1.gif\" \/>\n\t<meta property=\"og:image:width\" content=\"1000\" \/>\n\t<meta property=\"og:image:height\" content=\"1000\" \/>\n\t<meta property=\"og:image:type\" content=\"image\/gif\" \/>\n<meta name=\"twitter:card\" content=\"summary_large_image\" \/>\n<meta name=\"twitter:label1\" content=\"Disponibilidad\" \/>\n\t<meta name=\"twitter:data1\" content=\"Disponible\" \/>\n<script type=\"application\/ld+json\" class=\"yoast-schema-graph\">{\"@context\":\"https:\/\/schema.org\",\"@graph\":[{\"@type\":\"WebPage\",\"@id\":\"https:\/\/tecnimport.com.pe\/web\/productos\/lps\/lubricante-penetrante-aflojatodo\/lps-tkx-lubricante-multiproposito\/\",\"url\":\"https:\/\/tecnimport.com.pe\/web\/productos\/lps\/lubricante-penetrante-aflojatodo\/lps-tkx-lubricante-multiproposito\/\",\"name\":\"LPS TKX\u00ae All-Purpose Lubricant - TECNIMPORT S.A.\",\"isPartOf\":{\"@id\":\"https:\/\/tecnimport.com.pe\/web\/#website\"},\"primaryImageOfPage\":{\"@id\":\"https:\/\/tecnimport.com.pe\/web\/productos\/lps\/lubricante-penetrante-aflojatodo\/lps-tkx-lubricante-multiproposito\/#primaryimage\"},\"image\":{\"@id\":\"https:\/\/tecnimport.com.pe\/web\/productos\/lps\/lubricante-penetrante-aflojatodo\/lps-tkx-lubricante-multiproposito\/#primaryimage\"},\"thumbnailUrl\":\"https:\/\/tecnimport.com.pe\/web\/wp-content\/uploads\/2016\/04\/LPS-TKX-LUBRICANTE-MULTIPROPOSITO1.gif\",\"datePublished\":\"2016-04-21T06:15:23+00:00\",\"dateModified\":\"2025-03-13T22:35:18+00:00\",\"description\":\"LPS TKX POTENTE LUBRICANTE MULTIPROP\u00d3SITO, penetra en peque\u00f1as grietas, protege contra la corrosi\u00f3n, desplaza la humedad y afloja las piezas congeladas.\",\"breadcrumb\":{\"@id\":\"https:\/\/tecnimport.com.pe\/web\/productos\/lps\/lubricante-penetrante-aflojatodo\/lps-tkx-lubricante-multiproposito\/#breadcrumb\"},\"inLanguage\":\"es\",\"potentialAction\":[{\"@type\":\"ReadAction\",\"target\":[\"https:\/\/tecnimport.com.pe\/web\/productos\/lps\/lubricante-penetrante-aflojatodo\/lps-tkx-lubricante-multiproposito\/\"]}]},{\"@type\":\"ImageObject\",\"inLanguage\":\"es\",\"@id\":\"https:\/\/tecnimport.com.pe\/web\/productos\/lps\/lubricante-penetrante-aflojatodo\/lps-tkx-lubricante-multiproposito\/#primaryimage\",\"url\":\"https:\/\/tecnimport.com.pe\/web\/wp-content\/uploads\/2016\/04\/LPS-TKX-LUBRICANTE-MULTIPROPOSITO1.gif\",\"contentUrl\":\"https:\/\/tecnimport.com.pe\/web\/wp-content\/uploads\/2016\/04\/LPS-TKX-LUBRICANTE-MULTIPROPOSITO1.gif\",\"width\":1000,\"height\":1000,\"caption\":\"LPS TKX LUBRICANTE MULTIPROPOSITO APLICACION\"},{\"@type\":\"BreadcrumbList\",\"@id\":\"https:\/\/tecnimport.com.pe\/web\/productos\/lps\/lubricante-penetrante-aflojatodo\/lps-tkx-lubricante-multiproposito\/#breadcrumb\",\"itemListElement\":[{\"@type\":\"ListItem\",\"position\":1,\"name\":\"Portada\",\"item\":\"https:\/\/tecnimport.com.pe\/web\/\"},{\"@type\":\"ListItem\",\"position\":2,\"name\":\"Productos\",\"item\":\"https:\/\/tecnimport.com.pe\/web\/productos-navigation\/\"},{\"@type\":\"ListItem\",\"position\":3,\"name\":\"LPS TKX\u00ae All-Purpose Lubricant\"}]},{\"@type\":\"WebSite\",\"@id\":\"https:\/\/tecnimport.com.pe\/web\/#website\",\"url\":\"https:\/\/tecnimport.com.pe\/web\/\",\"name\":\"TECNIMPORT S.A.\",\"description\":\"Representante de Devcon, LPS, Rocol y Procyon en el Per\u00fa\",\"publisher\":{\"@id\":\"https:\/\/tecnimport.com.pe\/web\/#organization\"},\"potentialAction\":[{\"@type\":\"SearchAction\",\"target\":{\"@type\":\"EntryPoint\",\"urlTemplate\":\"https:\/\/tecnimport.com.pe\/web\/?s={search_term_string}\"},\"query-input\":{\"@type\":\"PropertyValueSpecification\",\"valueRequired\":true,\"valueName\":\"search_term_string\"}}],\"inLanguage\":\"es\"},{\"@type\":\"Organization\",\"@id\":\"https:\/\/tecnimport.com.pe\/web\/#organization\",\"name\":\"Tecnimport S.A\",\"url\":\"https:\/\/tecnimport.com.pe\/web\/\",\"logo\":{\"@type\":\"ImageObject\",\"inLanguage\":\"es\",\"@id\":\"https:\/\/tecnimport.com.pe\/web\/#\/schema\/logo\/image\/\",\"url\":\"https:\/\/tecnimport.com.pe\/web\/wp-content\/uploads\/2020\/03\/logo_tecnimport.png\",\"contentUrl\":\"https:\/\/tecnimport.com.pe\/web\/wp-content\/uploads\/2020\/03\/logo_tecnimport.png\",\"width\":367,\"height\":49,\"caption\":\"Tecnimport S.A\"},\"image\":{\"@id\":\"https:\/\/tecnimport.com.pe\/web\/#\/schema\/logo\/image\/\"}}]}<\/script>\n<meta property=\"og:availability\" content=\"instock\" \/>\n<meta property=\"product:availability\" content=\"instock\" \/>\n<meta property=\"product:retailer_item_id\" content=\"LPS02016\" \/>\n<meta property=\"product:condition\" content=\"new\" \/>\n<!-- \/ Yoast SEO plugin. -->","yoast_head_json":{"title":"LPS TKX\u00ae All-Purpose Lubricant - TECNIMPORT S.A.","description":"LPS TKX POTENTE LUBRICANTE MULTIPROP\u00d3SITO, penetra en peque\u00f1as grietas, protege contra la corrosi\u00f3n, desplaza la humedad y afloja las piezas congeladas.","robots":{"index":"index","follow":"follow","max-snippet":"max-snippet:-1","max-image-preview":"max-image-preview:large","max-video-preview":"max-video-preview:-1"},"canonical":"https:\/\/tecnimport.com.pe\/web\/productos\/lps\/lubricante-penetrante-aflojatodo\/lps-tkx-lubricante-multiproposito\/","og_locale":"es_ES","og_type":"article","og_title":"LPS TKX\u00ae All-Purpose Lubricant - TECNIMPORT S.A.","og_description":"LPS TKX POTENTE LUBRICANTE MULTIPROP\u00d3SITO, penetra en peque\u00f1as grietas, protege contra la corrosi\u00f3n, desplaza la humedad y afloja las piezas congeladas.","og_url":"https:\/\/tecnimport.com.pe\/web\/productos\/lps\/lubricante-penetrante-aflojatodo\/lps-tkx-lubricante-multiproposito\/","og_site_name":"TECNIMPORT S.A.","article_modified_time":"2025-03-13T22:35:18+00:00","og_image":[{"width":1000,"height":1000,"url":"https:\/\/tecnimport.com.pe\/web\/wp-content\/uploads\/2016\/04\/LPS-TKX-LUBRICANTE-MULTIPROPOSITO1.gif","type":"image\/gif"}],"twitter_card":"summary_large_image","twitter_misc":{"Disponibilidad":"Disponible"},"schema":{"@context":"https:\/\/schema.org","@graph":[{"@type":"WebPage","@id":"https:\/\/tecnimport.com.pe\/web\/productos\/lps\/lubricante-penetrante-aflojatodo\/lps-tkx-lubricante-multiproposito\/","url":"https:\/\/tecnimport.com.pe\/web\/productos\/lps\/lubricante-penetrante-aflojatodo\/lps-tkx-lubricante-multiproposito\/","name":"LPS TKX\u00ae All-Purpose Lubricant - TECNIMPORT S.A.","isPartOf":{"@id":"https:\/\/tecnimport.com.pe\/web\/#website"},"primaryImageOfPage":{"@id":"https:\/\/tecnimport.com.pe\/web\/productos\/lps\/lubricante-penetrante-aflojatodo\/lps-tkx-lubricante-multiproposito\/#primaryimage"},"image":{"@id":"https:\/\/tecnimport.com.pe\/web\/productos\/lps\/lubricante-penetrante-aflojatodo\/lps-tkx-lubricante-multiproposito\/#primaryimage"},"thumbnailUrl":"https:\/\/tecnimport.com.pe\/web\/wp-content\/uploads\/2016\/04\/LPS-TKX-LUBRICANTE-MULTIPROPOSITO1.gif","datePublished":"2016-04-21T06:15:23+00:00","dateModified":"2025-03-13T22:35:18+00:00","description":"LPS TKX POTENTE LUBRICANTE MULTIPROP\u00d3SITO, penetra en peque\u00f1as grietas, protege contra la corrosi\u00f3n, desplaza la humedad y afloja las piezas congeladas.","breadcrumb":{"@id":"https:\/\/tecnimport.com.pe\/web\/productos\/lps\/lubricante-penetrante-aflojatodo\/lps-tkx-lubricante-multiproposito\/#breadcrumb"},"inLanguage":"es","potentialAction":[{"@type":"ReadAction","target":["https:\/\/tecnimport.com.pe\/web\/productos\/lps\/lubricante-penetrante-aflojatodo\/lps-tkx-lubricante-multiproposito\/"]}]},{"@type":"ImageObject","inLanguage":"es","@id":"https:\/\/tecnimport.com.pe\/web\/productos\/lps\/lubricante-penetrante-aflojatodo\/lps-tkx-lubricante-multiproposito\/#primaryimage","url":"https:\/\/tecnimport.com.pe\/web\/wp-content\/uploads\/2016\/04\/LPS-TKX-LUBRICANTE-MULTIPROPOSITO1.gif","contentUrl":"https:\/\/tecnimport.com.pe\/web\/wp-content\/uploads\/2016\/04\/LPS-TKX-LUBRICANTE-MULTIPROPOSITO1.gif","width":1000,"height":1000,"caption":"LPS TKX LUBRICANTE MULTIPROPOSITO APLICACION"},{"@type":"BreadcrumbList","@id":"https:\/\/tecnimport.com.pe\/web\/productos\/lps\/lubricante-penetrante-aflojatodo\/lps-tkx-lubricante-multiproposito\/#breadcrumb","itemListElement":[{"@type":"ListItem","position":1,"name":"Portada","item":"https:\/\/tecnimport.com.pe\/web\/"},{"@type":"ListItem","position":2,"name":"Productos","item":"https:\/\/tecnimport.com.pe\/web\/productos-navigation\/"},{"@type":"ListItem","position":3,"name":"LPS TKX\u00ae All-Purpose Lubricant"}]},{"@type":"WebSite","@id":"https:\/\/tecnimport.com.pe\/web\/#website","url":"https:\/\/tecnimport.com.pe\/web\/","name":"TECNIMPORT S.A.","description":"Representante de Devcon, LPS, Rocol y Procyon en el Per\u00fa","publisher":{"@id":"https:\/\/tecnimport.com.pe\/web\/#organization"},"potentialAction":[{"@type":"SearchAction","target":{"@type":"EntryPoint","urlTemplate":"https:\/\/tecnimport.com.pe\/web\/?s={search_term_string}"},"query-input":{"@type":"PropertyValueSpecification","valueRequired":true,"valueName":"search_term_string"}}],"inLanguage":"es"},{"@type":"Organization","@id":"https:\/\/tecnimport.com.pe\/web\/#organization","name":"Tecnimport S.A","url":"https:\/\/tecnimport.com.pe\/web\/","logo":{"@type":"ImageObject","inLanguage":"es","@id":"https:\/\/tecnimport.com.pe\/web\/#\/schema\/logo\/image\/","url":"https:\/\/tecnimport.com.pe\/web\/wp-content\/uploads\/2020\/03\/logo_tecnimport.png","contentUrl":"https:\/\/tecnimport.com.pe\/web\/wp-content\/uploads\/2020\/03\/logo_tecnimport.png","width":367,"height":49,"caption":"Tecnimport S.A"},"image":{"@id":"https:\/\/tecnimport.com.pe\/web\/#\/schema\/logo\/image\/"}}]},"og_availability":"instock","product_availability":"instock","product_retailer_item_id":"LPS02016","product_condition":"new"},"_links":{"self":[{"href":"https:\/\/tecnimport.com.pe\/web\/wp-json\/wp\/v2\/product\/2093","targetHints":{"allow":["GET"]}}],"collection":[{"href":"https:\/\/tecnimport.com.pe\/web\/wp-json\/wp\/v2\/product"}],"about":[{"href":"https:\/\/tecnimport.com.pe\/web\/wp-json\/wp\/v2\/types\/product"}],"wp:featuredmedia":[{"embeddable":true,"href":"https:\/\/tecnimport.com.pe\/web\/wp-json\/wp\/v2\/media\/6245"}],"wp:attachment":[{"href":"https:\/\/tecnimport.com.pe\/web\/wp-json\/wp\/v2\/media?parent=2093"}],"wp:term":[{"taxonomy":"product_brand","embeddable":true,"href":"https:\/\/tecnimport.com.pe\/web\/wp-json\/wp\/v2\/product_brand?post=2093"},{"taxonomy":"product_cat","embeddable":true,"href":"https:\/\/tecnimport.com.pe\/web\/wp-json\/wp\/v2\/product_cat?post=2093"},{"taxonomy":"product_tag","embeddable":true,"href":"https:\/\/tecnimport.com.pe\/web\/wp-json\/wp\/v2\/product_tag?post=2093"}],"curies":[{"name":"wp","href":"https:\/\/api.w.org\/{rel}","templated":true}]}}