{"id":2088,"date":"2016-04-21T01:07:08","date_gmt":"2016-04-21T06:07:08","guid":{"rendered":"http:\/\/tecnimport.com.pe\/web\/?post_type=product&#038;p=2088"},"modified":"2025-03-13T17:39:43","modified_gmt":"2025-03-13T22:39:43","slug":"chain-mate-lubricante-para-cadenas-y-cables-de-acero","status":"publish","type":"product","link":"https:\/\/tecnimport.com.pe\/web\/productos\/lps\/lubricante-penetrante-aflojatodo\/chain-mate-lubricante-para-cadenas-y-cables-de-acero\/","title":{"rendered":"LPS Chain Mate"},"content":{"rendered":"<div class=\"wpb-content-wrapper\"><p>[vc_row][vc_column][vc_row_inner][vc_column_inner][vc_column_text woodmart_inline=\u00bbno\u00bb text_larger=\u00bbno\u00bb]<strong class=\"subtitulo_prod\">LPS CHAIN MATE LUBRICANTE PARA CADENAS<\/strong><\/p>\n<p><strong class=\"subtitulo_prod\">Presentaci\u00f3n &amp; Fichas<\/strong><\/p>\n<div class=\"table-container\">\n<table class=\"responsive-table\">\n<thead>\n<tr>\n<th style=\"text-align: center;\">N\u00ba de Parte<\/th>\n<th style=\"text-align: center;\">Capacidad<\/th>\n<th style=\"text-align: center;\">Envase<\/th>\n<th style=\"text-align: center;\"><i class=\"fas fa-download\"><\/i> TDS<\/th>\n<\/tr>\n<\/thead>\n<tbody>\n<tr>\n<td style=\"text-align: center;\">02416<\/td>\n<td style=\"text-align: center;\">11 wt oz \/ 312 g \/ 405 mL<\/td>\n<td style=\"text-align: center;\">Aerosol<\/td>\n<td style=\"text-align: center;\"><a href=\"https:\/\/tecnimport.com.pe\/web\/wp-content\/uploads\/2024\/09\/ChainMate-ChainWireRopeMolyLubricant.pdf\" target=\"_blank\" rel=\"noopener\"><i class=\"fas fa-download\"><\/i><\/a><\/td>\n<\/tr>\n<\/tbody>\n<\/table>\n<\/div>\n<p>[\/vc_column_text][\/vc_column_inner][\/vc_row_inner][\/vc_column][\/vc_row][vc_row][vc_column width=\u00bb1\/3&#8243;][vc_column_text woodmart_inline=\u00bbno\u00bb text_larger=\u00bbno\u00bb]<strong class=\"subtitulo_prod\">Otras Caracter\u00edsticas<\/strong><\/p>\n<ul>\n<li>Reforzado con disulfuro de molibdeno.<\/li>\n<li>Aumenta la vida \u00fatil de la cadena y el cable de acero.<\/li>\n<li>Eficaz en rangos de presi\u00f3n, cargas muy pesadas y temperaturas extremas.<\/li>\n<li>Contiene solventes que desplazan el agua para penetrar r\u00e1pidamente en las grietas y el n\u00facleo del cable de acero.<\/li>\n<li>Lubrica y protege contra la corrosi\u00f3n.<\/li>\n<li>Proporciona m\u00e1xima lubricaci\u00f3n y reduce el desgaste causado por la fricci\u00f3n\u00a0y corrosi\u00f3n.<\/li>\n<li>Alto poder de adherencia y permanencia.<\/li>\n<li>Adherencia antieslinga<\/li>\n<li>Resiste al agua y a los vapores\u00a0\u00e1cidos y alcalinos.<\/li>\n<li>No atrae polvo.<\/li>\n<li>Rango de temperatura: 0\u00b0F a 300\u00b0F.<\/li>\n<li>Apariencia: L\u00edquido negro.<\/li>\n<li>Cumple con las normas VOC en los Estados Unidos<\/li>\n<\/ul>\n<p>[\/vc_column_text][\/vc_column][vc_column width=\u00bb1\/3&#8243;][vc_column_text woodmart_inline=\u00bbno\u00bb text_larger=\u00bbno\u00bb]<strong class=\"subtitulo_prod\">Aplicaciones<\/strong><\/p>\n<ul>\n<li>Bujes<\/li>\n<li>Cables<\/li>\n<li>Cadenas<\/li>\n<li>Gr\u00faas<\/li>\n<li>Herramientas de corte<\/li>\n<li>Cables de arrastre<\/li>\n<li>Transmisiones<\/li>\n<\/ul>\n<p>[\/vc_column_text][\/vc_column][vc_column width=\u00bb1\/3&#8243;][vc_column_text woodmart_inline=\u00bbno\u00bb text_larger=\u00bbno\u00bb]<strong class=\"subtitulo_prod\">Aplicaciones<\/strong><\/p>\n<ul>\n<li>Carretillas elevadoras<\/li>\n<li>Pasadores<\/li>\n<li>Poleas<\/li>\n<li>Rodillos<\/li>\n<li>Sierras<\/li>\n<li>Ruedas dentadas<\/li>\n<li>Cables de acero<\/li>\n<\/ul>\n<p>[\/vc_column_text][\/vc_column][\/vc_row][vc_row][vc_column width=\u00bb1\/3&#8243;][vc_column_text woodmart_inline=\u00bbno\u00bb text_larger=\u00bbno\u00bb]<strong class=\"subtitulo_prod\">Certificaciones &amp; Especificaciones<\/strong><\/p>\n<ul>\n<li>Ford Motor Co.<\/li>\n<\/ul>\n<p>[\/vc_column_text][\/vc_column][vc_column width=\u00bb1\/3&#8243;][vc_column_text woodmart_inline=\u00bbno\u00bb text_larger=\u00bbno\u00bb]<strong class=\"subtitulo_prod\">Marca &amp; Fabricante<\/strong><\/p>\n<table class=\"table\">\n<tbody>\n<tr>\n<td>Marca<\/td>\n<td><strong><a href=\"https:\/\/tecnimport.com.pe\/web\/lps-probrands-itw-peru\/\" target=\"_blank\" rel=\"noopener\">LPS<\/a><\/strong><\/td>\n<\/tr>\n<tr>\n<td>Fabricante<\/td>\n<td><strong><a href=\"https:\/\/www.itwprobrands.com\/product\/chainmate#\" target=\"_blank\" rel=\"noopener\">ITW PROBRANDS<\/a><\/strong><\/td>\n<\/tr>\n<\/tbody>\n<\/table>\n<p>[\/vc_column_text][\/vc_column][vc_column width=\u00bb1\/3&#8243;][vc_column_text woodmart_inline=\u00bbno\u00bb text_larger=\u00bbno\u00bb]<strong class=\"subtitulo_prod\">Aplicaci\u00f3n<\/strong>[\/vc_column_text][vc_single_image image=\u00bb6260&#8243; img_size=\u00bblarge\u00bb add_caption=\u00bbyes\u00bb alignment=\u00bbcenter\u00bb parallax_scroll=\u00bbno\u00bb woodmart_inline=\u00bbno\u00bb][\/vc_column][\/vc_row][vc_row][\/vc_row][vc_column][vc_column_text woodmart_inline=\u00bbno\u00bb text_larger=\u00bbno\u00bb]<strong class=\"subtitulo_prod\">Propiedades<\/strong><\/p>\n<table class=\"table\">\n<tbody>\n<tr>\n<td>Aspecto \/ Estado f\u00edsico<\/td>\n<td>Aerosol: Gas<\/td>\n<\/tr>\n<tr>\n<td>Color<\/td>\n<td>Gris oscuro. Negro<\/td>\n<\/tr>\n<tr>\n<td>Olor<\/td>\n<td>Ligero olor a petr\u00f3leo.<\/td>\n<\/tr>\n<tr>\n<td>Punto de inflamaci\u00f3n<\/td>\n<td>&lt; -4,0 \u00b0F (&lt; -20,0 \u00b0C) Etiqueta de vaso cerrado<\/td>\n<\/tr>\n<tr>\n<td>Inflamabilidad<\/td>\n<td>Gas inflamable.<\/td>\n<\/tr>\n<tr>\n<td>Presi\u00f3n de vapor<\/td>\n<td>35 psi a 75 \u00b0F<\/td>\n<\/tr>\n<tr>\n<td>Densidad de vapor<\/td>\n<td>&gt; 1<\/td>\n<\/tr>\n<tr>\n<td>Solubilidad en agua<\/td>\n<td>0.16<\/td>\n<\/tr>\n<tr>\n<td>Viscosidad<\/td>\n<td>150 cP a 75 \u00b0F \/ 23,9 \u00b0C<\/td>\n<\/tr>\n<tr>\n<td>Densidad<\/td>\n<td>7,32<\/td>\n<\/tr>\n<tr>\n<td>Calor de combusti\u00f3n<\/td>\n<td>&gt; 30 kJ\/g<\/td>\n<\/tr>\n<tr>\n<td>Porcentaje de vol\u00e1tiles<\/td>\n<td>17 % a 110 \u00b0F (43,33 \u00b0C)<\/td>\n<\/tr>\n<tr>\n<td>Gravedad espec\u00edfica<\/td>\n<td>0,88 a 20 \u00baC<\/td>\n<\/tr>\n<tr>\n<td>Contenido de COV<\/td>\n<td>22,33 % seg\u00fan las reglamentaciones federales y estatales de productos de consumo de EE. UU.<\/td>\n<\/tr>\n<tr>\n<td>Propelente<\/td>\n<td>Gases de petr\u00f3leo<\/td>\n<\/tr>\n<\/tbody>\n<\/table>\n<p>[\/vc_column_text][\/vc_column]<\/p>\n<\/div>","protected":false},"excerpt":{"rendered":"<h2 class=\"h2_subtitulo\"><i>LUBRICANTE SECO A BASE DE DISULFURO DE MOLIBDENO<\/i><\/h2>\n<p>LPS CHAIN MATE LUBRICANTE PARA CADENAS fortificado con molibdeno que funciona bajo cargas severas y temperaturas extremas.<\/p>\n","protected":false},"featured_media":6261,"template":"","meta":[],"product_brand":[232],"product_cat":[205,636],"product_tag":[1302,1301,682],"class_list":{"0":"post-2088","1":"product","2":"type-product","3":"status-publish","4":"has-post-thumbnail","6":"product_brand-lps","7":"product_cat-lps","8":"product_cat-lubricante-penetrante-aflojatodo","9":"product_tag-base-molibdeno","10":"product_tag-cables-cadenas","11":"product_tag-lubricante","13":"first","14":"instock","15":"shipping-taxable","16":"purchasable","17":"product-type-simple"},"yoast_head":"<!-- This site is optimized with the Yoast SEO plugin v26.9 - https:\/\/yoast.com\/product\/yoast-seo-wordpress\/ -->\n<title>LPS Chain Mate - TECNIMPORT S.A.<\/title>\n<meta name=\"description\" content=\"LPS CHAIN MATE LUBRICANTE PARA CADENAS fortificado con molibdeno que funciona bajo cargas severas y temperaturas extremas.\" \/>\n<meta name=\"robots\" content=\"index, follow, max-snippet:-1, max-image-preview:large, max-video-preview:-1\" \/>\n<link rel=\"canonical\" href=\"https:\/\/tecnimport.com.pe\/web\/productos\/lps\/lubricante-penetrante-aflojatodo\/chain-mate-lubricante-para-cadenas-y-cables-de-acero\/\" \/>\n<meta property=\"og:locale\" content=\"es_ES\" \/>\n<meta property=\"og:type\" content=\"article\" \/>\n<meta property=\"og:title\" content=\"LPS Chain Mate - TECNIMPORT S.A.\" \/>\n<meta property=\"og:description\" content=\"LPS CHAIN MATE LUBRICANTE PARA CADENAS fortificado con molibdeno que funciona bajo cargas severas y temperaturas extremas.\" \/>\n<meta property=\"og:url\" content=\"https:\/\/tecnimport.com.pe\/web\/productos\/lps\/lubricante-penetrante-aflojatodo\/chain-mate-lubricante-para-cadenas-y-cables-de-acero\/\" \/>\n<meta property=\"og:site_name\" content=\"TECNIMPORT S.A.\" \/>\n<meta property=\"article:modified_time\" content=\"2025-03-13T22:39:43+00:00\" \/>\n<meta property=\"og:image\" content=\"https:\/\/tecnimport.com.pe\/web\/wp-content\/uploads\/2024\/08\/LPS-CHAIN-MATE-LUBRICANTE-PARA-CADENAS.gif\" \/>\n\t<meta property=\"og:image:width\" content=\"1000\" \/>\n\t<meta property=\"og:image:height\" content=\"1000\" \/>\n\t<meta property=\"og:image:type\" content=\"image\/gif\" \/>\n<meta name=\"twitter:card\" content=\"summary_large_image\" \/>\n<meta name=\"twitter:label1\" content=\"Precio\" \/>\n\t<meta name=\"twitter:data1\" content=\"&#036;1.00\" \/>\n\t<meta name=\"twitter:label2\" content=\"Disponibilidad\" \/>\n\t<meta name=\"twitter:data2\" content=\"Disponible\" \/>\n<script type=\"application\/ld+json\" class=\"yoast-schema-graph\">{\"@context\":\"https:\/\/schema.org\",\"@graph\":[{\"@type\":\"WebPage\",\"@id\":\"https:\/\/tecnimport.com.pe\/web\/productos\/lps\/lubricante-penetrante-aflojatodo\/chain-mate-lubricante-para-cadenas-y-cables-de-acero\/\",\"url\":\"https:\/\/tecnimport.com.pe\/web\/productos\/lps\/lubricante-penetrante-aflojatodo\/chain-mate-lubricante-para-cadenas-y-cables-de-acero\/\",\"name\":\"LPS Chain Mate - TECNIMPORT S.A.\",\"isPartOf\":{\"@id\":\"https:\/\/tecnimport.com.pe\/web\/#website\"},\"primaryImageOfPage\":{\"@id\":\"https:\/\/tecnimport.com.pe\/web\/productos\/lps\/lubricante-penetrante-aflojatodo\/chain-mate-lubricante-para-cadenas-y-cables-de-acero\/#primaryimage\"},\"image\":{\"@id\":\"https:\/\/tecnimport.com.pe\/web\/productos\/lps\/lubricante-penetrante-aflojatodo\/chain-mate-lubricante-para-cadenas-y-cables-de-acero\/#primaryimage\"},\"thumbnailUrl\":\"https:\/\/tecnimport.com.pe\/web\/wp-content\/uploads\/2024\/08\/LPS-CHAIN-MATE-LUBRICANTE-PARA-CADENAS.gif\",\"datePublished\":\"2016-04-21T06:07:08+00:00\",\"dateModified\":\"2025-03-13T22:39:43+00:00\",\"description\":\"LPS CHAIN MATE LUBRICANTE PARA CADENAS fortificado con molibdeno que funciona bajo cargas severas y temperaturas extremas.\",\"breadcrumb\":{\"@id\":\"https:\/\/tecnimport.com.pe\/web\/productos\/lps\/lubricante-penetrante-aflojatodo\/chain-mate-lubricante-para-cadenas-y-cables-de-acero\/#breadcrumb\"},\"inLanguage\":\"es\",\"potentialAction\":[{\"@type\":\"ReadAction\",\"target\":[\"https:\/\/tecnimport.com.pe\/web\/productos\/lps\/lubricante-penetrante-aflojatodo\/chain-mate-lubricante-para-cadenas-y-cables-de-acero\/\"]}]},{\"@type\":\"ImageObject\",\"inLanguage\":\"es\",\"@id\":\"https:\/\/tecnimport.com.pe\/web\/productos\/lps\/lubricante-penetrante-aflojatodo\/chain-mate-lubricante-para-cadenas-y-cables-de-acero\/#primaryimage\",\"url\":\"https:\/\/tecnimport.com.pe\/web\/wp-content\/uploads\/2024\/08\/LPS-CHAIN-MATE-LUBRICANTE-PARA-CADENAS.gif\",\"contentUrl\":\"https:\/\/tecnimport.com.pe\/web\/wp-content\/uploads\/2024\/08\/LPS-CHAIN-MATE-LUBRICANTE-PARA-CADENAS.gif\",\"width\":1000,\"height\":1000,\"caption\":\"LPS CHAIN MATE LUBRICANTE PARA CADENAS\"},{\"@type\":\"BreadcrumbList\",\"@id\":\"https:\/\/tecnimport.com.pe\/web\/productos\/lps\/lubricante-penetrante-aflojatodo\/chain-mate-lubricante-para-cadenas-y-cables-de-acero\/#breadcrumb\",\"itemListElement\":[{\"@type\":\"ListItem\",\"position\":1,\"name\":\"Portada\",\"item\":\"https:\/\/tecnimport.com.pe\/web\/\"},{\"@type\":\"ListItem\",\"position\":2,\"name\":\"Productos\",\"item\":\"https:\/\/tecnimport.com.pe\/web\/productos-navigation\/\"},{\"@type\":\"ListItem\",\"position\":3,\"name\":\"LPS Chain Mate\"}]},{\"@type\":\"WebSite\",\"@id\":\"https:\/\/tecnimport.com.pe\/web\/#website\",\"url\":\"https:\/\/tecnimport.com.pe\/web\/\",\"name\":\"TECNIMPORT S.A.\",\"description\":\"Representante de Devcon, LPS, Rocol y Procyon en el Per\u00fa\",\"publisher\":{\"@id\":\"https:\/\/tecnimport.com.pe\/web\/#organization\"},\"potentialAction\":[{\"@type\":\"SearchAction\",\"target\":{\"@type\":\"EntryPoint\",\"urlTemplate\":\"https:\/\/tecnimport.com.pe\/web\/?s={search_term_string}\"},\"query-input\":{\"@type\":\"PropertyValueSpecification\",\"valueRequired\":true,\"valueName\":\"search_term_string\"}}],\"inLanguage\":\"es\"},{\"@type\":\"Organization\",\"@id\":\"https:\/\/tecnimport.com.pe\/web\/#organization\",\"name\":\"Tecnimport S.A\",\"url\":\"https:\/\/tecnimport.com.pe\/web\/\",\"logo\":{\"@type\":\"ImageObject\",\"inLanguage\":\"es\",\"@id\":\"https:\/\/tecnimport.com.pe\/web\/#\/schema\/logo\/image\/\",\"url\":\"https:\/\/tecnimport.com.pe\/web\/wp-content\/uploads\/2020\/03\/logo_tecnimport.png\",\"contentUrl\":\"https:\/\/tecnimport.com.pe\/web\/wp-content\/uploads\/2020\/03\/logo_tecnimport.png\",\"width\":367,\"height\":49,\"caption\":\"Tecnimport S.A\"},\"image\":{\"@id\":\"https:\/\/tecnimport.com.pe\/web\/#\/schema\/logo\/image\/\"}}]}<\/script>\n<meta property=\"product:price:amount\" content=\"1.00\" \/>\n<meta property=\"product:price:currency\" content=\"USD\" \/>\n<meta property=\"og:availability\" content=\"instock\" \/>\n<meta property=\"product:availability\" content=\"instock\" \/>\n<meta property=\"product:retailer_item_id\" content=\"LPS&#039;2416\" \/>\n<meta property=\"product:condition\" content=\"new\" \/>\n<!-- \/ Yoast SEO plugin. -->","yoast_head_json":{"title":"LPS Chain Mate - TECNIMPORT S.A.","description":"LPS CHAIN MATE LUBRICANTE PARA CADENAS fortificado con molibdeno que funciona bajo cargas severas y temperaturas extremas.","robots":{"index":"index","follow":"follow","max-snippet":"max-snippet:-1","max-image-preview":"max-image-preview:large","max-video-preview":"max-video-preview:-1"},"canonical":"https:\/\/tecnimport.com.pe\/web\/productos\/lps\/lubricante-penetrante-aflojatodo\/chain-mate-lubricante-para-cadenas-y-cables-de-acero\/","og_locale":"es_ES","og_type":"article","og_title":"LPS Chain Mate - TECNIMPORT S.A.","og_description":"LPS CHAIN MATE LUBRICANTE PARA CADENAS fortificado con molibdeno que funciona bajo cargas severas y temperaturas extremas.","og_url":"https:\/\/tecnimport.com.pe\/web\/productos\/lps\/lubricante-penetrante-aflojatodo\/chain-mate-lubricante-para-cadenas-y-cables-de-acero\/","og_site_name":"TECNIMPORT S.A.","article_modified_time":"2025-03-13T22:39:43+00:00","og_image":[{"width":1000,"height":1000,"url":"https:\/\/tecnimport.com.pe\/web\/wp-content\/uploads\/2024\/08\/LPS-CHAIN-MATE-LUBRICANTE-PARA-CADENAS.gif","type":"image\/gif"}],"twitter_card":"summary_large_image","twitter_misc":{"Precio":"&#36;1.00","Disponibilidad":"Disponible"},"schema":{"@context":"https:\/\/schema.org","@graph":[{"@type":"WebPage","@id":"https:\/\/tecnimport.com.pe\/web\/productos\/lps\/lubricante-penetrante-aflojatodo\/chain-mate-lubricante-para-cadenas-y-cables-de-acero\/","url":"https:\/\/tecnimport.com.pe\/web\/productos\/lps\/lubricante-penetrante-aflojatodo\/chain-mate-lubricante-para-cadenas-y-cables-de-acero\/","name":"LPS Chain Mate - TECNIMPORT S.A.","isPartOf":{"@id":"https:\/\/tecnimport.com.pe\/web\/#website"},"primaryImageOfPage":{"@id":"https:\/\/tecnimport.com.pe\/web\/productos\/lps\/lubricante-penetrante-aflojatodo\/chain-mate-lubricante-para-cadenas-y-cables-de-acero\/#primaryimage"},"image":{"@id":"https:\/\/tecnimport.com.pe\/web\/productos\/lps\/lubricante-penetrante-aflojatodo\/chain-mate-lubricante-para-cadenas-y-cables-de-acero\/#primaryimage"},"thumbnailUrl":"https:\/\/tecnimport.com.pe\/web\/wp-content\/uploads\/2024\/08\/LPS-CHAIN-MATE-LUBRICANTE-PARA-CADENAS.gif","datePublished":"2016-04-21T06:07:08+00:00","dateModified":"2025-03-13T22:39:43+00:00","description":"LPS CHAIN MATE LUBRICANTE PARA CADENAS fortificado con molibdeno que funciona bajo cargas severas y temperaturas extremas.","breadcrumb":{"@id":"https:\/\/tecnimport.com.pe\/web\/productos\/lps\/lubricante-penetrante-aflojatodo\/chain-mate-lubricante-para-cadenas-y-cables-de-acero\/#breadcrumb"},"inLanguage":"es","potentialAction":[{"@type":"ReadAction","target":["https:\/\/tecnimport.com.pe\/web\/productos\/lps\/lubricante-penetrante-aflojatodo\/chain-mate-lubricante-para-cadenas-y-cables-de-acero\/"]}]},{"@type":"ImageObject","inLanguage":"es","@id":"https:\/\/tecnimport.com.pe\/web\/productos\/lps\/lubricante-penetrante-aflojatodo\/chain-mate-lubricante-para-cadenas-y-cables-de-acero\/#primaryimage","url":"https:\/\/tecnimport.com.pe\/web\/wp-content\/uploads\/2024\/08\/LPS-CHAIN-MATE-LUBRICANTE-PARA-CADENAS.gif","contentUrl":"https:\/\/tecnimport.com.pe\/web\/wp-content\/uploads\/2024\/08\/LPS-CHAIN-MATE-LUBRICANTE-PARA-CADENAS.gif","width":1000,"height":1000,"caption":"LPS CHAIN MATE LUBRICANTE PARA CADENAS"},{"@type":"BreadcrumbList","@id":"https:\/\/tecnimport.com.pe\/web\/productos\/lps\/lubricante-penetrante-aflojatodo\/chain-mate-lubricante-para-cadenas-y-cables-de-acero\/#breadcrumb","itemListElement":[{"@type":"ListItem","position":1,"name":"Portada","item":"https:\/\/tecnimport.com.pe\/web\/"},{"@type":"ListItem","position":2,"name":"Productos","item":"https:\/\/tecnimport.com.pe\/web\/productos-navigation\/"},{"@type":"ListItem","position":3,"name":"LPS Chain Mate"}]},{"@type":"WebSite","@id":"https:\/\/tecnimport.com.pe\/web\/#website","url":"https:\/\/tecnimport.com.pe\/web\/","name":"TECNIMPORT S.A.","description":"Representante de Devcon, LPS, Rocol y Procyon en el Per\u00fa","publisher":{"@id":"https:\/\/tecnimport.com.pe\/web\/#organization"},"potentialAction":[{"@type":"SearchAction","target":{"@type":"EntryPoint","urlTemplate":"https:\/\/tecnimport.com.pe\/web\/?s={search_term_string}"},"query-input":{"@type":"PropertyValueSpecification","valueRequired":true,"valueName":"search_term_string"}}],"inLanguage":"es"},{"@type":"Organization","@id":"https:\/\/tecnimport.com.pe\/web\/#organization","name":"Tecnimport S.A","url":"https:\/\/tecnimport.com.pe\/web\/","logo":{"@type":"ImageObject","inLanguage":"es","@id":"https:\/\/tecnimport.com.pe\/web\/#\/schema\/logo\/image\/","url":"https:\/\/tecnimport.com.pe\/web\/wp-content\/uploads\/2020\/03\/logo_tecnimport.png","contentUrl":"https:\/\/tecnimport.com.pe\/web\/wp-content\/uploads\/2020\/03\/logo_tecnimport.png","width":367,"height":49,"caption":"Tecnimport S.A"},"image":{"@id":"https:\/\/tecnimport.com.pe\/web\/#\/schema\/logo\/image\/"}}]},"product_price_amount":"1.00","product_price_currency":"USD","og_availability":"instock","product_availability":"instock","product_retailer_item_id":"LPS'2416","product_condition":"new"},"_links":{"self":[{"href":"https:\/\/tecnimport.com.pe\/web\/wp-json\/wp\/v2\/product\/2088","targetHints":{"allow":["GET"]}}],"collection":[{"href":"https:\/\/tecnimport.com.pe\/web\/wp-json\/wp\/v2\/product"}],"about":[{"href":"https:\/\/tecnimport.com.pe\/web\/wp-json\/wp\/v2\/types\/product"}],"wp:featuredmedia":[{"embeddable":true,"href":"https:\/\/tecnimport.com.pe\/web\/wp-json\/wp\/v2\/media\/6261"}],"wp:attachment":[{"href":"https:\/\/tecnimport.com.pe\/web\/wp-json\/wp\/v2\/media?parent=2088"}],"wp:term":[{"taxonomy":"product_brand","embeddable":true,"href":"https:\/\/tecnimport.com.pe\/web\/wp-json\/wp\/v2\/product_brand?post=2088"},{"taxonomy":"product_cat","embeddable":true,"href":"https:\/\/tecnimport.com.pe\/web\/wp-json\/wp\/v2\/product_cat?post=2088"},{"taxonomy":"product_tag","embeddable":true,"href":"https:\/\/tecnimport.com.pe\/web\/wp-json\/wp\/v2\/product_tag?post=2088"}],"curies":[{"name":"wp","href":"https:\/\/api.w.org\/{rel}","templated":true}]}}