{"id":2072,"date":"2016-04-27T20:33:36","date_gmt":"2016-04-28T01:33:36","guid":{"rendered":"http:\/\/tecnimport.com.pe\/web\/?post_type=product&#038;p=2072"},"modified":"2026-04-16T10:57:27","modified_gmt":"2026-04-16T15:57:27","slug":"lps-2-heavy-duty-lubricant","status":"publish","type":"product","link":"https:\/\/tecnimport.com.pe\/web\/productos\/lps\/lps-2-heavy-duty-lubricant\/","title":{"rendered":"LPS 2\u00ae Heavy-Duty Lubricant"},"content":{"rendered":"<div class=\"wpb-content-wrapper\"><p>[vc_row][vc_column][vc_column_text woodmart_inline=\u00bbno\u00bb text_larger=\u00bbno\u00bb]<strong class=\"subtitulo_prod\">Presentaci\u00f3n &amp; Fichas<\/strong><\/p>\n<div class=\"table-container\">\n<table class=\"responsive-table\">\n<thead>\n<tr>\n<th style=\"text-align: center;\">N\u00ba de Parte<\/th>\n<th style=\"text-align: center;\">Capacidad<\/th>\n<th style=\"text-align: center;\">Envase<\/th>\n<th style=\"text-align: center;\"><i class=\"fas fa-download\"><\/i> TDS<\/th>\n<\/tr>\n<\/thead>\n<tbody>\n<tr>\n<td style=\"text-align: center;\">00216<\/td>\n<td style=\"text-align: center;\">11 wt oz \/ 312 g \/ 369 mL<\/td>\n<td style=\"text-align: center;\">Aerosol<\/td>\n<td style=\"text-align: center;\"><a href=\"https:\/\/tecnimport.com.pe\/web\/wp-content\/uploads\/2024\/09\/LPS2-Heavy-DutyLubricant.pdf\" target=\"_blank\" rel=\"noopener\"><i class=\"fas fa-download\"><\/i>Ficha T\u00e9cnica<\/a><\/td>\n<\/tr>\n<tr>\n<td style=\"text-align: center;\">02128<\/td>\n<td style=\"text-align: center;\">1 gal \/ 3.78 L<\/td>\n<td style=\"text-align: center;\">Cilincro<\/td>\n<td style=\"text-align: center;\"><a href=\"https:\/\/tecnimport.com.pe\/web\/wp-content\/uploads\/2024\/09\/LPS2-Heavy-DutyLubricant.pdf\" target=\"_blank\" rel=\"noopener\"><i class=\"fas fa-download\"><\/i>Ficha T\u00e9cnica<\/a><\/td>\n<\/tr>\n<tr>\n<td style=\"text-align: center;\">00205<\/td>\n<td style=\"text-align: center;\">5 gal \/ 18.93 L<\/td>\n<td style=\"text-align: center;\">Envase<\/td>\n<td style=\"text-align: center;\"><a href=\"https:\/\/tecnimport.com.pe\/web\/wp-content\/uploads\/2024\/09\/LPS2-Heavy-DutyLubricant.pdf\" target=\"_blank\" rel=\"noopener\"><i class=\"fas fa-download\"><\/i>Ficha T\u00e9cnica<\/a><\/td>\n<\/tr>\n<tr>\n<td style=\"text-align: center;\">00255<\/td>\n<td style=\"text-align: center;\">55 gal \/ 208 L<\/td>\n<td style=\"text-align: center;\">Cilincro<\/td>\n<td style=\"text-align: center;\"><a href=\"https:\/\/tecnimport.com.pe\/web\/wp-content\/uploads\/2024\/09\/LPS2-Heavy-DutyLubricant.pdf\" target=\"_blank\" rel=\"noopener\"><i class=\"fas fa-download\"><\/i>Ficha T\u00e9cnica<\/a><\/td>\n<\/tr>\n<\/tbody>\n<\/table>\n<\/div>\n<p>[\/vc_column_text][\/vc_column][\/vc_row][vc_row][vc_column width=\u00bb1\/3&#8243;][vc_column_text woodmart_inline=\u00bbno\u00bb text_larger=\u00bbno\u00bb]<strong class=\"subtitulo_prod\">Otras Caracter\u00edsticas<\/strong><\/p>\n<ul>\n<li>Lubricante &#8211; Penetrante de alta resistencia industrial, multiprop\u00f3sito, con mayor protecci\u00f3n contra la corrosi\u00f3n.<\/li>\n<li>Proporciona una pel\u00edcula aceitosa de\u00a0larga duraci\u00f3n.<\/li>\n<li>Reduce el desgaste causado por la fricci\u00f3n\u00a0y corrosi\u00f3n.<\/li>\n<li>Afloja piezas oxidadas o congeladas.<\/li>\n<li>Proporciona hasta un a\u00f1o de protecci\u00f3n.<\/li>\n<li>No contiene CFC\u00b4s ni solventes clorados.<\/li>\n<li>Resistencia diel\u00e9ctrica: 33 Kv.<\/li>\n<\/ul>\n<p>[\/vc_column_text][\/vc_column][vc_column width=\u00bb1\/3&#8243;][vc_column_text woodmart_inline=\u00bbno\u00bb text_larger=\u00bbno\u00bb]<strong class=\"subtitulo_prod\">Aplicaciones<\/strong><\/p>\n<ul>\n<li>Cojinetes y v\u00e1lvulas<\/li>\n<li>Cables y conexiones<\/li>\n<li>Herramientas manuales<\/li>\n<li>A\u00f1adir Matrices, brocas y fijaciones<\/li>\n<li>Corredores y rieles<\/li>\n<li>Equipos de producci\u00f3n y transporte<\/li>\n<li>Piezas met\u00e1licas en almacenamiento<\/li>\n<li>Poleas y rodillos<\/li>\n<li>Motores y motores el\u00e9ctricos<\/li>\n<\/ul>\n<p>[\/vc_column_text][\/vc_column][vc_column width=\u00bb1\/3&#8243;][vc_column_text woodmart_inline=\u00bbno\u00bb text_larger=\u00bbno\u00bb]<strong class=\"subtitulo_prod\">Aplicaci\u00f3n<\/strong>[\/vc_column_text][vc_single_image image=\u00bb6239&#8243; img_size=\u00bblarge\u00bb parallax_scroll=\u00bbno\u00bb woodmart_inline=\u00bbno\u00bb][\/vc_column][\/vc_row][vc_row][vc_column width=\u00bb1\/3&#8243;][vc_column_text woodmart_inline=\u00bbno\u00bb text_larger=\u00bbno\u00bb]<strong class=\"subtitulo_prod\">Certificaciones &amp; Especificaciones<\/strong><\/p>\n<ul>\n<li>Caterpillar 1E4970<\/li>\n<li>Ford Motor Co.<\/li>\n<li>MIL-PRF-16173E Grade 3 Class 1 (except 3.5, 3.6)<\/li>\n<li>Pratt &amp; Whitney Canada MMC 21530<\/li>\n<li style=\"color: #862633;\"><a href=\"https:\/\/www.itwprobrands.com\/files\/product_specifications\/LPS_2_aerosol_NSF_Registration_2022.pdf\" target=\"_blank\" rel=\"noopener\">Certificado NSF: H2 &#8211; Registro # 129026(Aerosol)<\/a><\/li>\n<li style=\"color: #862633;\"><a href=\"https:\/\/www.itwprobrands.com\/files\/product_specifications\/LPS_2_bulk_NSF_Registration_2022.pdf\" target=\"_blank\" rel=\"noopener\">Certificado NSF: H2 &#8211; Registro # 059848(Granel)<\/a><\/li>\n<\/ul>\n<p>[\/vc_column_text][\/vc_column][vc_column width=\u00bb1\/3&#8243;][vc_column_text woodmart_inline=\u00bbno\u00bb text_larger=\u00bbno\u00bb]<strong class=\"subtitulo_prod\">Marca &amp; Fabricante<\/strong><\/p>\n<table class=\"table\">\n<tbody>\n<tr>\n<td>Marca<\/td>\n<td><strong><a href=\"https:\/\/tecnimport.com.pe\/web\/lps-probrands-itw-peru\/\" target=\"_blank\" rel=\"noopener\">LPS<\/a><\/strong><\/td>\n<\/tr>\n<tr>\n<td>Fabricante<\/td>\n<td><strong><a href=\"https:\/\/www.itwprobrands.com\/product\/lps-2\" target=\"_blank rel=\" rel=\"noopener\">ITW PROBRANDS<\/a><\/strong><\/td>\n<\/tr>\n<\/tbody>\n<\/table>\n<p>[\/vc_column_text][\/vc_column][vc_column width=\u00bb1\/3&#8243;][\/vc_column][\/vc_row][vc_row][vc_column][vc_column_text woodmart_inline=\u00bbno\u00bb text_larger=\u00bbno\u00bb]<strong class=\"subtitulo_prod\">Propiedades<\/strong><\/p>\n<table class=\"table\">\n<tbody>\n<tr>\n<td>Aspecto \/ Estado f\u00edsico<\/td>\n<td>Aerosol: gas, a granel: l\u00edquido<\/td>\n<\/tr>\n<tr>\n<td>Color<\/td>\n<td>Marr\u00f3n<\/td>\n<\/tr>\n<tr>\n<td>Olor<\/td>\n<td>Ligero olor a petr\u00f3leo. Cereza.<\/td>\n<\/tr>\n<tr>\n<td>Punto de fusi\u00f3n \/ congelaci\u00f3n<\/td>\n<td>&lt;-58 \u00b0F (&lt; -50 \u00b0C)<\/td>\n<\/tr>\n<tr>\n<td>Punto \/ rango de ebullici\u00f3n<\/td>\n<td>383 \u00b0F (195 \u00b0C) a 101 kPa<\/td>\n<\/tr>\n<tr>\n<td>Punto de inflamaci\u00f3n<\/td>\n<td>174,2 \u00b0F (79,0 \u00b0C) Vaso cerrado con etiqueta (l\u00edquido dispensado)<\/td>\n<\/tr>\n<tr>\n<td>Tasa de evaporaci\u00f3n<\/td>\n<td>&lt;0,1 BuAc<\/td>\n<\/tr>\n<tr>\n<td>Inflamabilidad<\/td>\n<td>Inferior: 0,6 %, Superior: 7 %<\/td>\n<\/tr>\n<tr>\n<td>Presi\u00f3n de vapor<\/td>\n<td>&lt;0,05 mmHg a 20 \u00b0C (l\u00edquido dispensado)<\/td>\n<\/tr>\n<tr>\n<td>Densidad de vapor<\/td>\n<td>4,7 (aire=1)<\/td>\n<\/tr>\n<tr>\n<td>Coeficiente de partici\u00f3n<\/td>\n<td>&lt;1<\/td>\n<\/tr>\n<tr>\n<td>Temperatura de autoignici\u00f3n<\/td>\n<td>&gt;442,4 \u00b0F (&gt;228 \u00b0C)<\/td>\n<\/tr>\n<tr>\n<td>Viscosidad<\/td>\n<td>&lt;7 cSt a 25 \u00b0C<\/td>\n<\/tr>\n<tr>\n<td>Porcentaje de vol\u00e1tiles<\/td>\n<td>92-95 %<\/td>\n<\/tr>\n<tr>\n<td>Gravedad espec\u00edfica<\/td>\n<td>0,82-0,86 a 20 \u00b0C<\/td>\n<\/tr>\n<tr>\n<td>Contenido de COV<\/td>\n<td>0 % seg\u00fan las Regulaciones de Productos de Consumo estatales y federales de EE. UU.<\/td>\n<\/tr>\n<tr>\n<td>Rango de temperatura<\/td>\n<td>-58 \u00b0F a 350 \u00b0F<\/td>\n<\/tr>\n<tr>\n<td>Rigidez diel\u00e9ctrica<\/td>\n<td>33 kV<\/td>\n<\/tr>\n<\/tbody>\n<\/table>\n<p>[\/vc_column_text][\/vc_column][\/vc_row]<\/p>\n<\/div>","protected":false},"excerpt":{"rendered":"<h2 class=\"h2_subtitulo\"><i>LUBRICANTE DE TRABAJO PESADO<\/i><\/h2>\n<p>LPS 2 HEAVY-DUTY LUBRICANT, LUBRICANTE DE TRABAJO PESADO, lubricante multiusos de pel\u00edcula aceitosa, fuerte y penetrante con protecci\u00f3n contra la corrosi\u00f3n adicional.<\/p>\n<p>LPS 2 es un lubricante y protector de acci\u00f3n r\u00e1pida y penetraci\u00f3n profunda, proporciona un recubrimiento aceitoso ligero que puede utilizarse en todo tipo de equipos tanto en interiores como en exteriores.De r\u00e1pida acci\u00f3n penetrante, llega hasta las \u00e1reas de dif\u00edcil acceso y ayuda a aflojar las tuercas, pernos y otras partes duras.<\/p>\n<p>Si se roc\u00eda como recubrimiento para almacenamiento interior, LPS 2 forma una capa que proporciona protecci\u00f3n en interiores contra la corrosi\u00f3n durante un a\u00f1o o m\u00e1s.No contiene solventes clorados da\u00f1inos por lo que su uso es seguro sobre telas, goma, pintura y pl\u00e1stico.<\/p>\n<p>Utiliza di\u00f3xido de carbono no inflamable como el propelente, por lo que su uso es seguro mientras el equipo est\u00e1 en operaci\u00f3n, eliminando as\u00ed los costosos atrasos.<\/p>\n","protected":false},"featured_media":6241,"template":"","meta":[],"product_brand":[232],"product_cat":[205,636,217],"product_tag":[1322,1297,1286,682,1292],"class_list":{"0":"post-2072","1":"product","2":"type-product","3":"status-publish","4":"has-post-thumbnail","6":"product_brand-lps","7":"product_cat-lps","8":"product_cat-lubricante-penetrante-aflojatodo","9":"product_cat-inhibidores-de-corrosionn","10":"product_tag-alto-rendimiento","11":"product_tag-grado-industrial","12":"product_tag-inhibidor-de-corrosion","13":"product_tag-lubricante","14":"product_tag-multiproposito","16":"first","17":"instock","18":"shipping-taxable","19":"purchasable","20":"product-type-variable"},"yoast_head":"<!-- This site is optimized with the Yoast SEO plugin v26.9 - https:\/\/yoast.com\/product\/yoast-seo-wordpress\/ -->\n<title>LPS 2\u00ae Heavy-Duty Lubricant - TRABAJO PESADO<\/title>\n<meta name=\"description\" content=\"LPS 2 HEAVY-DUTY LUBRICANT, LUBRICANTE DE TRABAJO PESADO, multiusos, fuerte y penetrante con protecci\u00f3n contra la corrosi\u00f3n adicional.\" \/>\n<meta name=\"robots\" content=\"index, follow, max-snippet:-1, max-image-preview:large, max-video-preview:-1\" \/>\n<link rel=\"canonical\" href=\"https:\/\/tecnimport.com.pe\/web\/productos\/lps\/lps-2-heavy-duty-lubricant\/\" \/>\n<meta property=\"og:locale\" content=\"es_ES\" \/>\n<meta property=\"og:type\" content=\"article\" \/>\n<meta property=\"og:title\" content=\"LPS 2\u00ae Heavy-Duty Lubricant - TRABAJO PESADO\" \/>\n<meta property=\"og:description\" content=\"LPS 2 HEAVY-DUTY LUBRICANT, LUBRICANTE DE TRABAJO PESADO, multiusos, fuerte y penetrante con protecci\u00f3n contra la corrosi\u00f3n adicional.\" \/>\n<meta property=\"og:url\" content=\"https:\/\/tecnimport.com.pe\/web\/productos\/lps\/lps-2-heavy-duty-lubricant\/\" \/>\n<meta property=\"og:site_name\" content=\"TECNIMPORT S.A.\" \/>\n<meta property=\"article:modified_time\" content=\"2026-04-16T15:57:27+00:00\" \/>\n<meta property=\"og:image\" content=\"https:\/\/tecnimport.com.pe\/web\/wp-content\/uploads\/2024\/08\/LPS-2-HEAVY-DUTY-LUBRICANT-LUBRICANTE-DE-TRABAJO-PESADO2.gif\" \/>\n\t<meta property=\"og:image:width\" content=\"1000\" \/>\n\t<meta property=\"og:image:height\" content=\"1000\" \/>\n\t<meta property=\"og:image:type\" content=\"image\/gif\" \/>\n<meta name=\"twitter:card\" content=\"summary_large_image\" \/>\n<meta name=\"twitter:label1\" content=\"Disponibilidad\" \/>\n\t<meta name=\"twitter:data1\" content=\"Disponible\" \/>\n<script type=\"application\/ld+json\" class=\"yoast-schema-graph\">{\"@context\":\"https:\/\/schema.org\",\"@graph\":[{\"@type\":\"WebPage\",\"@id\":\"https:\/\/tecnimport.com.pe\/web\/productos\/lps\/lps-2-heavy-duty-lubricant\/\",\"url\":\"https:\/\/tecnimport.com.pe\/web\/productos\/lps\/lps-2-heavy-duty-lubricant\/\",\"name\":\"LPS 2\u00ae Heavy-Duty Lubricant - TRABAJO PESADO\",\"isPartOf\":{\"@id\":\"https:\/\/tecnimport.com.pe\/web\/#website\"},\"primaryImageOfPage\":{\"@id\":\"https:\/\/tecnimport.com.pe\/web\/productos\/lps\/lps-2-heavy-duty-lubricant\/#primaryimage\"},\"image\":{\"@id\":\"https:\/\/tecnimport.com.pe\/web\/productos\/lps\/lps-2-heavy-duty-lubricant\/#primaryimage\"},\"thumbnailUrl\":\"https:\/\/tecnimport.com.pe\/web\/wp-content\/uploads\/2024\/08\/LPS-2-HEAVY-DUTY-LUBRICANT-LUBRICANTE-DE-TRABAJO-PESADO2.gif\",\"datePublished\":\"2016-04-28T01:33:36+00:00\",\"dateModified\":\"2026-04-16T15:57:27+00:00\",\"description\":\"LPS 2 HEAVY-DUTY LUBRICANT, LUBRICANTE DE TRABAJO PESADO, multiusos, fuerte y penetrante con protecci\u00f3n contra la corrosi\u00f3n adicional.\",\"breadcrumb\":{\"@id\":\"https:\/\/tecnimport.com.pe\/web\/productos\/lps\/lps-2-heavy-duty-lubricant\/#breadcrumb\"},\"inLanguage\":\"es\",\"potentialAction\":[{\"@type\":\"ReadAction\",\"target\":[\"https:\/\/tecnimport.com.pe\/web\/productos\/lps\/lps-2-heavy-duty-lubricant\/\"]}]},{\"@type\":\"ImageObject\",\"inLanguage\":\"es\",\"@id\":\"https:\/\/tecnimport.com.pe\/web\/productos\/lps\/lps-2-heavy-duty-lubricant\/#primaryimage\",\"url\":\"https:\/\/tecnimport.com.pe\/web\/wp-content\/uploads\/2024\/08\/LPS-2-HEAVY-DUTY-LUBRICANT-LUBRICANTE-DE-TRABAJO-PESADO2.gif\",\"contentUrl\":\"https:\/\/tecnimport.com.pe\/web\/wp-content\/uploads\/2024\/08\/LPS-2-HEAVY-DUTY-LUBRICANT-LUBRICANTE-DE-TRABAJO-PESADO2.gif\",\"width\":1000,\"height\":1000,\"caption\":\"LPS 2 HEAVY-DUTY LUBRICANT LUBRICANTE DE TRABAJO PESADO\"},{\"@type\":\"BreadcrumbList\",\"@id\":\"https:\/\/tecnimport.com.pe\/web\/productos\/lps\/lps-2-heavy-duty-lubricant\/#breadcrumb\",\"itemListElement\":[{\"@type\":\"ListItem\",\"position\":1,\"name\":\"Portada\",\"item\":\"https:\/\/tecnimport.com.pe\/web\/\"},{\"@type\":\"ListItem\",\"position\":2,\"name\":\"Productos\",\"item\":\"https:\/\/tecnimport.com.pe\/web\/productos-navigation\/\"},{\"@type\":\"ListItem\",\"position\":3,\"name\":\"LPS 2\u00ae Heavy-Duty Lubricant\"}]},{\"@type\":\"WebSite\",\"@id\":\"https:\/\/tecnimport.com.pe\/web\/#website\",\"url\":\"https:\/\/tecnimport.com.pe\/web\/\",\"name\":\"TECNIMPORT S.A.\",\"description\":\"Representante de Devcon, LPS, Rocol y Procyon en el Per\u00fa\",\"publisher\":{\"@id\":\"https:\/\/tecnimport.com.pe\/web\/#organization\"},\"potentialAction\":[{\"@type\":\"SearchAction\",\"target\":{\"@type\":\"EntryPoint\",\"urlTemplate\":\"https:\/\/tecnimport.com.pe\/web\/?s={search_term_string}\"},\"query-input\":{\"@type\":\"PropertyValueSpecification\",\"valueRequired\":true,\"valueName\":\"search_term_string\"}}],\"inLanguage\":\"es\"},{\"@type\":\"Organization\",\"@id\":\"https:\/\/tecnimport.com.pe\/web\/#organization\",\"name\":\"Tecnimport S.A\",\"url\":\"https:\/\/tecnimport.com.pe\/web\/\",\"logo\":{\"@type\":\"ImageObject\",\"inLanguage\":\"es\",\"@id\":\"https:\/\/tecnimport.com.pe\/web\/#\/schema\/logo\/image\/\",\"url\":\"https:\/\/tecnimport.com.pe\/web\/wp-content\/uploads\/2020\/03\/logo_tecnimport.png\",\"contentUrl\":\"https:\/\/tecnimport.com.pe\/web\/wp-content\/uploads\/2020\/03\/logo_tecnimport.png\",\"width\":367,\"height\":49,\"caption\":\"Tecnimport S.A\"},\"image\":{\"@id\":\"https:\/\/tecnimport.com.pe\/web\/#\/schema\/logo\/image\/\"}}]}<\/script>\n<meta property=\"og:availability\" content=\"instock\" \/>\n<meta property=\"product:availability\" content=\"instock\" \/>\n<meta property=\"product:retailer_item_id\" content=\"LPS00216\" \/>\n<meta property=\"product:condition\" content=\"new\" \/>\n<!-- \/ Yoast SEO plugin. -->","yoast_head_json":{"title":"LPS 2\u00ae Heavy-Duty Lubricant - TRABAJO PESADO","description":"LPS 2 HEAVY-DUTY LUBRICANT, LUBRICANTE DE TRABAJO PESADO, multiusos, fuerte y penetrante con protecci\u00f3n contra la corrosi\u00f3n adicional.","robots":{"index":"index","follow":"follow","max-snippet":"max-snippet:-1","max-image-preview":"max-image-preview:large","max-video-preview":"max-video-preview:-1"},"canonical":"https:\/\/tecnimport.com.pe\/web\/productos\/lps\/lps-2-heavy-duty-lubricant\/","og_locale":"es_ES","og_type":"article","og_title":"LPS 2\u00ae Heavy-Duty Lubricant - TRABAJO PESADO","og_description":"LPS 2 HEAVY-DUTY LUBRICANT, LUBRICANTE DE TRABAJO PESADO, multiusos, fuerte y penetrante con protecci\u00f3n contra la corrosi\u00f3n adicional.","og_url":"https:\/\/tecnimport.com.pe\/web\/productos\/lps\/lps-2-heavy-duty-lubricant\/","og_site_name":"TECNIMPORT S.A.","article_modified_time":"2026-04-16T15:57:27+00:00","og_image":[{"width":1000,"height":1000,"url":"https:\/\/tecnimport.com.pe\/web\/wp-content\/uploads\/2024\/08\/LPS-2-HEAVY-DUTY-LUBRICANT-LUBRICANTE-DE-TRABAJO-PESADO2.gif","type":"image\/gif"}],"twitter_card":"summary_large_image","twitter_misc":{"Disponibilidad":"Disponible"},"schema":{"@context":"https:\/\/schema.org","@graph":[{"@type":"WebPage","@id":"https:\/\/tecnimport.com.pe\/web\/productos\/lps\/lps-2-heavy-duty-lubricant\/","url":"https:\/\/tecnimport.com.pe\/web\/productos\/lps\/lps-2-heavy-duty-lubricant\/","name":"LPS 2\u00ae Heavy-Duty Lubricant - TRABAJO PESADO","isPartOf":{"@id":"https:\/\/tecnimport.com.pe\/web\/#website"},"primaryImageOfPage":{"@id":"https:\/\/tecnimport.com.pe\/web\/productos\/lps\/lps-2-heavy-duty-lubricant\/#primaryimage"},"image":{"@id":"https:\/\/tecnimport.com.pe\/web\/productos\/lps\/lps-2-heavy-duty-lubricant\/#primaryimage"},"thumbnailUrl":"https:\/\/tecnimport.com.pe\/web\/wp-content\/uploads\/2024\/08\/LPS-2-HEAVY-DUTY-LUBRICANT-LUBRICANTE-DE-TRABAJO-PESADO2.gif","datePublished":"2016-04-28T01:33:36+00:00","dateModified":"2026-04-16T15:57:27+00:00","description":"LPS 2 HEAVY-DUTY LUBRICANT, LUBRICANTE DE TRABAJO PESADO, multiusos, fuerte y penetrante con protecci\u00f3n contra la corrosi\u00f3n adicional.","breadcrumb":{"@id":"https:\/\/tecnimport.com.pe\/web\/productos\/lps\/lps-2-heavy-duty-lubricant\/#breadcrumb"},"inLanguage":"es","potentialAction":[{"@type":"ReadAction","target":["https:\/\/tecnimport.com.pe\/web\/productos\/lps\/lps-2-heavy-duty-lubricant\/"]}]},{"@type":"ImageObject","inLanguage":"es","@id":"https:\/\/tecnimport.com.pe\/web\/productos\/lps\/lps-2-heavy-duty-lubricant\/#primaryimage","url":"https:\/\/tecnimport.com.pe\/web\/wp-content\/uploads\/2024\/08\/LPS-2-HEAVY-DUTY-LUBRICANT-LUBRICANTE-DE-TRABAJO-PESADO2.gif","contentUrl":"https:\/\/tecnimport.com.pe\/web\/wp-content\/uploads\/2024\/08\/LPS-2-HEAVY-DUTY-LUBRICANT-LUBRICANTE-DE-TRABAJO-PESADO2.gif","width":1000,"height":1000,"caption":"LPS 2 HEAVY-DUTY LUBRICANT LUBRICANTE DE TRABAJO PESADO"},{"@type":"BreadcrumbList","@id":"https:\/\/tecnimport.com.pe\/web\/productos\/lps\/lps-2-heavy-duty-lubricant\/#breadcrumb","itemListElement":[{"@type":"ListItem","position":1,"name":"Portada","item":"https:\/\/tecnimport.com.pe\/web\/"},{"@type":"ListItem","position":2,"name":"Productos","item":"https:\/\/tecnimport.com.pe\/web\/productos-navigation\/"},{"@type":"ListItem","position":3,"name":"LPS 2\u00ae Heavy-Duty Lubricant"}]},{"@type":"WebSite","@id":"https:\/\/tecnimport.com.pe\/web\/#website","url":"https:\/\/tecnimport.com.pe\/web\/","name":"TECNIMPORT S.A.","description":"Representante de Devcon, LPS, Rocol y Procyon en el Per\u00fa","publisher":{"@id":"https:\/\/tecnimport.com.pe\/web\/#organization"},"potentialAction":[{"@type":"SearchAction","target":{"@type":"EntryPoint","urlTemplate":"https:\/\/tecnimport.com.pe\/web\/?s={search_term_string}"},"query-input":{"@type":"PropertyValueSpecification","valueRequired":true,"valueName":"search_term_string"}}],"inLanguage":"es"},{"@type":"Organization","@id":"https:\/\/tecnimport.com.pe\/web\/#organization","name":"Tecnimport S.A","url":"https:\/\/tecnimport.com.pe\/web\/","logo":{"@type":"ImageObject","inLanguage":"es","@id":"https:\/\/tecnimport.com.pe\/web\/#\/schema\/logo\/image\/","url":"https:\/\/tecnimport.com.pe\/web\/wp-content\/uploads\/2020\/03\/logo_tecnimport.png","contentUrl":"https:\/\/tecnimport.com.pe\/web\/wp-content\/uploads\/2020\/03\/logo_tecnimport.png","width":367,"height":49,"caption":"Tecnimport S.A"},"image":{"@id":"https:\/\/tecnimport.com.pe\/web\/#\/schema\/logo\/image\/"}}]},"og_availability":"instock","product_availability":"instock","product_retailer_item_id":"LPS00216","product_condition":"new"},"_links":{"self":[{"href":"https:\/\/tecnimport.com.pe\/web\/wp-json\/wp\/v2\/product\/2072","targetHints":{"allow":["GET"]}}],"collection":[{"href":"https:\/\/tecnimport.com.pe\/web\/wp-json\/wp\/v2\/product"}],"about":[{"href":"https:\/\/tecnimport.com.pe\/web\/wp-json\/wp\/v2\/types\/product"}],"wp:featuredmedia":[{"embeddable":true,"href":"https:\/\/tecnimport.com.pe\/web\/wp-json\/wp\/v2\/media\/6241"}],"wp:attachment":[{"href":"https:\/\/tecnimport.com.pe\/web\/wp-json\/wp\/v2\/media?parent=2072"}],"wp:term":[{"taxonomy":"product_brand","embeddable":true,"href":"https:\/\/tecnimport.com.pe\/web\/wp-json\/wp\/v2\/product_brand?post=2072"},{"taxonomy":"product_cat","embeddable":true,"href":"https:\/\/tecnimport.com.pe\/web\/wp-json\/wp\/v2\/product_cat?post=2072"},{"taxonomy":"product_tag","embeddable":true,"href":"https:\/\/tecnimport.com.pe\/web\/wp-json\/wp\/v2\/product_tag?post=2072"}],"curies":[{"name":"wp","href":"https:\/\/api.w.org\/{rel}","templated":true}]}}