{"id":2065,"date":"2016-04-27T20:29:08","date_gmt":"2016-04-28T01:29:08","guid":{"rendered":"http:\/\/tecnimport.com.pe\/web\/?post_type=product&#038;p=2065"},"modified":"2026-04-17T11:13:20","modified_gmt":"2026-04-17T16:13:20","slug":"lps-1-lubricante-sin-grasa-desplazador-de-humedad","status":"publish","type":"product","link":"https:\/\/tecnimport.com.pe\/web\/productos\/lps\/lubricante-penetrante-aflojatodo\/lps-1-lubricante-sin-grasa-desplazador-de-humedad\/","title":{"rendered":"LPS 1\u00ae Greaseless Lubricant"},"content":{"rendered":"<div class=\"wpb-content-wrapper\"><p>[vc_row][vc_column][vc_column_text woodmart_inline=\u00bbno\u00bb text_larger=\u00bbno\u00bb]<strong class=\"subtitulo_prod\">Presentaci\u00f3n &amp; Fichas<\/strong><\/p>\n<div class=\"table-container\">\n<table class=\"responsive-table\">\n<thead>\n<tr>\n<th style=\"text-align: center;\">N\u00ba de Parte<\/th>\n<th style=\"text-align: center;\">Capacidad<\/th>\n<th style=\"text-align: center;\">Envase<\/th>\n<th style=\"text-align: center;\"><i class=\"fas fa-download\"><\/i> TDS<\/th>\n<\/tr>\n<\/thead>\n<tbody>\n<tr>\n<td style=\"text-align: center;\">00116<\/td>\n<td style=\"text-align: center;\">11 wt oz \/ 312 g \/ 379 mL<\/td>\n<td style=\"text-align: center;\">Aerosol<\/td>\n<td style=\"text-align: center;\"><a href=\"https:\/\/tecnimport.com.pe\/web\/wp-content\/uploads\/2024\/09\/LPS1-GreaselessLubricant.pdf\" target=\"_blank\" rel=\"noopener\"><i class=\"fas fa-download\"><\/i>Ficha T\u00e9cnica<\/a><\/td>\n<\/tr>\n<tr>\n<td style=\"text-align: center;\">01128<\/td>\n<td style=\"text-align: center;\">1 gal \/ 3.78 L<\/td>\n<td style=\"text-align: center;\">Cilincro<\/td>\n<td style=\"text-align: center;\"><a href=\"https:\/\/tecnimport.com.pe\/web\/wp-content\/uploads\/2024\/09\/LPS1-GreaselessLubricant.pdf\" target=\"_blank\" rel=\"noopener\"><i class=\"fas fa-download\"><\/i>Ficha T\u00e9cnica<\/a><\/td>\n<\/tr>\n<tr>\n<td style=\"text-align: center;\">00105<\/td>\n<td style=\"text-align: center;\">5 gal \/ 18.93 L<\/td>\n<td style=\"text-align: center;\">Envase<\/td>\n<td style=\"text-align: center;\"><a href=\"https:\/\/tecnimport.com.pe\/web\/wp-content\/uploads\/2024\/09\/LPS1-GreaselessLubricant.pdf\" target=\"_blank\" rel=\"noopener\"><i class=\"fas fa-download\"><\/i>Ficha T\u00e9cnica<\/a><\/td>\n<\/tr>\n<tr>\n<td style=\"text-align: center;\">00155<\/td>\n<td style=\"text-align: center;\">55 gal \/ 208 L<\/td>\n<td style=\"text-align: center;\">Cilincro<\/td>\n<td style=\"text-align: center;\"><a href=\"https:\/\/tecnimport.com.pe\/web\/wp-content\/uploads\/2024\/09\/LPS1-GreaselessLubricant.pdf\" target=\"_blank\" rel=\"noopener\"><i class=\"fas fa-download\"><\/i>Ficha T\u00e9cnica<\/a><\/td>\n<\/tr>\n<\/tbody>\n<\/table>\n<\/div>\n<p>[\/vc_column_text][\/vc_column][\/vc_row][vc_row][vc_column width=\u00bb1\/3&#8243;][vc_column_text woodmart_inline=\u00bbno\u00bb text_larger=\u00bbno\u00bb]<strong class=\"subtitulo_prod\">Otras Caracter\u00edsticas<\/strong><\/p>\n<ul>\n<li>Proporciona una pel\u00edcula lubricante fina y seca<\/li>\n<li>Resiste la acumulaci\u00f3n de aceite, polvo y suciedad<\/li>\n<li>Ideal para mecanismos delicados<\/li>\n<li>Elimina la acumulaci\u00f3n de carb\u00f3n de las superficies<\/li>\n<li>Desplaza la humedad<\/li>\n<li>Seguro para pintura, tela y la mayor\u00eda de los pl\u00e1sticos<\/li>\n<li>Usado en todo el mundo en la aviaci\u00f3n<\/li>\n<li>Afloja piezas oxidadas o congeladas<\/li>\n<li>Cumple con las normas de COV en los 50 estados<\/li>\n<\/ul>\n<p>[\/vc_column_text][\/vc_column][vc_column width=\u00bb1\/3&#8243;][vc_column_text woodmart_inline=\u00bbno\u00bb text_larger=\u00bbno\u00bb]<strong class=\"subtitulo_prod\">Aplicaciones<\/strong><\/p>\n<ul>\n<li>Cables<\/li>\n<li>Disyuntores<\/li>\n<li>Motores el\u00e9ctricos<\/li>\n<li>Conectores electr\u00f3nicos<\/li>\n<li>Moldes<\/li>\n<li>Tuercas y tornillos<\/li>\n<li>Relays<\/li>\n<\/ul>\n<p>[\/vc_column_text][\/vc_column][vc_column width=\u00bb1\/3&#8243;][vc_column_text woodmart_inline=\u00bbno\u00bb text_larger=\u00bbno\u00bb]<strong class=\"subtitulo_prod\">Aplicaciones<\/strong><\/p>\n<ul>\n<li>Cerraduras<\/li>\n<li>Herramientas el\u00e9ctricas<\/li>\n<li>Bisagras<\/li>\n<li>Mecanismos deslizantes<\/li>\n<li>Sistemas de encendido<\/li>\n<li>Aparatos de conmutaci\u00f3n<\/li>\n<\/ul>\n<p>[\/vc_column_text][\/vc_column][\/vc_row][vc_row][vc_column width=\u00bb1\/3&#8243;][vc_column_text woodmart_inline=\u00bbno\u00bb text_larger=\u00bbno\u00bb]<strong class=\"subtitulo_prod\">Certificaciones &amp; Especificaciones<\/strong><\/p>\n<ul>\n<li>Bombardier (Canadair)<\/li>\n<li>Ford Motor Co.<\/li>\n<li style=\"color: #862633;\"><a href=\"https:\/\/www.itwprobrands.com\/files\/product_specifications\/LPS_1_aerosol_NSF_Registration_2022.pdf\" target=\"_blank\" rel=\"noopener\">Certificado NSF: H2 &#8211; Registro # 059847 (Aerosol)<\/a><\/li>\n<li style=\"color: #862633;\"><a href=\"https:\/\/www.itwprobrands.com\/files\/product_specifications\/LPS_1_bulk_NSF_Registration_2022.pdf\" target=\"_blank\" rel=\"noopener\">Certificado NSF: H2 &#8211; Registro # 129040 (Granel)<\/a><\/li>\n<\/ul>\n<p>[\/vc_column_text][\/vc_column][vc_column width=\u00bb1\/3&#8243;][vc_column_text woodmart_inline=\u00bbno\u00bb text_larger=\u00bbno\u00bb]<strong class=\"subtitulo_prod\">Marca &amp; Fabricante<\/strong><\/p>\n<table class=\"table\">\n<tbody>\n<tr>\n<td>Marca<\/td>\n<td><strong><a href=\"https:\/\/tecnimport.com.pe\/web\/lps-probrands-itw-peru\/\" target=\"_blank\" rel=\"noopener\">LPS<\/a><\/strong><\/td>\n<\/tr>\n<tr>\n<td>Fabricante<\/td>\n<td><strong><a href=\"https:\/\/www.itwprobrands.com\/product\/lps-1\" target=\"_blank\" rel=\"noopener\">ITW PROBRANDS<\/a><\/strong><\/td>\n<\/tr>\n<\/tbody>\n<\/table>\n<p>[\/vc_column_text][\/vc_column][vc_column width=\u00bb1\/3&#8243;][vc_column_text woodmart_inline=\u00bbno\u00bb text_larger=\u00bbno\u00bb]<strong class=\"subtitulo_prod\">Aplicaci\u00f3n<\/strong>[\/vc_column_text][vc_single_image image=\u00bb6224&#8243; img_size=\u00bblarge\u00bb parallax_scroll=\u00bbno\u00bb woodmart_inline=\u00bbno\u00bb][\/vc_column][\/vc_row][vc_row][vc_column][vc_column_text woodmart_inline=\u00bbno\u00bb text_larger=\u00bbno\u00bb]<strong class=\"subtitulo_prod\">Propiedades<\/strong><\/p>\n<table class=\"table\">\n<tbody>\n<tr>\n<td>Aspecto \/ Estado f\u00edsico<\/td>\n<td>Aerosol: gas, a granel: l\u00edquido<\/td>\n<\/tr>\n<tr>\n<td>Color<\/td>\n<td>\u00c1mbar<\/td>\n<\/tr>\n<tr>\n<td>Olor<\/td>\n<td>Caracter\u00edstica<\/td>\n<\/tr>\n<tr>\n<td>Punto de fusi\u00f3n \/ congelaci\u00f3n<\/td>\n<td>&lt;-58 \u00b0F (&lt;-50 \u00b0C)<\/td>\n<\/tr>\n<tr>\n<td>Punto \/ rango de ebullici\u00f3n<\/td>\n<td>415,4 \u00b0F (213 \u00b0C)<\/td>\n<\/tr>\n<tr>\n<td>Punto de inflamaci\u00f3n<\/td>\n<td>174,2 \u00b0F (79,0 \u00b0C) Etiqueta de vaso cerrado (l\u00edquido dispensado)<\/td>\n<\/tr>\n<tr>\n<td>Tasa de evaporaci\u00f3n<\/td>\n<td>&lt; 0,1 (BuAc = 1)<\/td>\n<\/tr>\n<tr>\n<td>Inflamabilidad<\/td>\n<td>Aerosol: inferior 0,6 %, superior 7 % A granel: no aplicable<\/td>\n<\/tr>\n<tr>\n<td>Presi\u00f3n de vapor<\/td>\n<td>&lt; 0,05 mm Hg a 20 \u00b0C<\/td>\n<\/tr>\n<tr>\n<td>Densidad de vapor<\/td>\n<td>&gt; 1 (aire = 1)<\/td>\n<\/tr>\n<tr>\n<td>Densidad<\/td>\n<td>0,79 &#8211; 0,81 a 20 \u00b0C (relativo)<\/td>\n<\/tr>\n<tr>\n<td>Solubilidad en agua<\/td>\n<td>No soluble.<\/td>\n<\/tr>\n<tr>\n<td>Coeficiente de partici\u00f3n<\/td>\n<td>&lt; 1<\/td>\n<\/tr>\n<tr>\n<td>Temperatura de autoignici\u00f3n<\/td>\n<td>&gt; 442,4 \u00b0F (&gt; 228 \u00b0C)<\/td>\n<\/tr>\n<tr>\n<td>Viscosidad<\/td>\n<td>&lt; 3,8 cSt a 25 \u00b0C<\/td>\n<\/tr>\n<tr>\n<td>Porcentaje de vol\u00e1tiles<\/td>\n<td>95 &#8211; 96 %<\/td>\n<\/tr>\n<tr>\n<td>Contenido de COV<\/td>\n<td>0,4 % seg\u00fan las reglamentaciones federales y estatales de productos de consumo de EE. UU.<\/td>\n<\/tr>\n<tr>\n<td>Propelente<\/td>\n<td>Di\u00f3xido de carbono<\/td>\n<\/tr>\n<\/tbody>\n<\/table>\n<p>[\/vc_column_text][\/vc_column][\/vc_row]<\/p>\n<\/div>","protected":false},"excerpt":{"rendered":"<h2 class=\"h2_subtitulo\"><i>LUBRICANTE DESPLAZADOR DE HUMEDAD<\/i><\/h2>\n<p>LPS 1 es un LUBRICANTE DESPLAZADOR DE HUMEDAD sin grasa formulado especialmente para proporcionar una capa delgada y seca que penetra profundamente en las grietas m\u00e1s diminutas, al mismo tiempo resiste al aceite, polvo y acumulaci\u00f3n de suciedad.<\/p>\n<p>LPS 1 es especialmente formulado para utilizar en mecanismos delicados y componentes el\u00e9ctricos \u00f3 electr\u00f3nicos como lubricante, limpiador de trabajo ligero y desplazador de humedad.<\/p>\n","protected":false},"featured_media":6227,"template":"","meta":[],"product_brand":[232],"product_cat":[205,636],"product_tag":[1303,682,1298],"class_list":{"0":"post-2065","1":"product","2":"type-product","3":"status-publish","4":"has-post-thumbnail","6":"product_brand-lps","7":"product_cat-lps","8":"product_cat-lubricante-penetrante-aflojatodo","9":"product_tag-desplazador-de-humedad","10":"product_tag-lubricante","11":"product_tag-pelicula-seca","13":"first","14":"instock","15":"shipping-taxable","16":"purchasable","17":"product-type-variable"},"yoast_head":"<!-- This site is optimized with the Yoast SEO plugin v26.9 - https:\/\/yoast.com\/product\/yoast-seo-wordpress\/ -->\n<title>LPS 1\u00ae Greaseless Lubricant - TECNIMPORT S.A.<\/title>\n<meta name=\"description\" content=\"LPS 1 es un lubricante desplazador de humedad, usado en mecanismos el\u00e9ctricos y electr\u00f3nicos delicados como lubricante, limpiador y desplazador de humedad.\" \/>\n<meta name=\"robots\" content=\"index, follow, max-snippet:-1, max-image-preview:large, max-video-preview:-1\" \/>\n<link rel=\"canonical\" href=\"https:\/\/tecnimport.com.pe\/web\/productos\/lps\/lubricante-penetrante-aflojatodo\/lps-1-lubricante-sin-grasa-desplazador-de-humedad\/\" \/>\n<meta property=\"og:locale\" content=\"es_ES\" \/>\n<meta property=\"og:type\" content=\"article\" \/>\n<meta property=\"og:title\" content=\"LPS 1\u00ae Greaseless Lubricant - TECNIMPORT S.A.\" \/>\n<meta property=\"og:description\" content=\"LPS 1 es un lubricante desplazador de humedad, usado en mecanismos el\u00e9ctricos y electr\u00f3nicos delicados como lubricante, limpiador y desplazador de humedad.\" \/>\n<meta property=\"og:url\" content=\"https:\/\/tecnimport.com.pe\/web\/productos\/lps\/lubricante-penetrante-aflojatodo\/lps-1-lubricante-sin-grasa-desplazador-de-humedad\/\" \/>\n<meta property=\"og:site_name\" content=\"TECNIMPORT S.A.\" \/>\n<meta property=\"article:modified_time\" content=\"2026-04-17T16:13:20+00:00\" \/>\n<meta property=\"og:image\" content=\"https:\/\/tecnimport.com.pe\/web\/wp-content\/uploads\/2016\/04\/LPS-1-Greaseless-Lubricant-LUBRICANTE-DESPLAZADOR-DE-HUMEDAD.gif\" \/>\n\t<meta property=\"og:image:width\" content=\"1000\" \/>\n\t<meta property=\"og:image:height\" content=\"1000\" \/>\n\t<meta property=\"og:image:type\" content=\"image\/gif\" \/>\n<meta name=\"twitter:card\" content=\"summary_large_image\" \/>\n<meta name=\"twitter:label1\" content=\"Disponibilidad\" \/>\n\t<meta name=\"twitter:data1\" content=\"Disponible\" \/>\n<script type=\"application\/ld+json\" class=\"yoast-schema-graph\">{\"@context\":\"https:\/\/schema.org\",\"@graph\":[{\"@type\":\"WebPage\",\"@id\":\"https:\/\/tecnimport.com.pe\/web\/productos\/lps\/lubricante-penetrante-aflojatodo\/lps-1-lubricante-sin-grasa-desplazador-de-humedad\/\",\"url\":\"https:\/\/tecnimport.com.pe\/web\/productos\/lps\/lubricante-penetrante-aflojatodo\/lps-1-lubricante-sin-grasa-desplazador-de-humedad\/\",\"name\":\"LPS 1\u00ae Greaseless Lubricant - TECNIMPORT S.A.\",\"isPartOf\":{\"@id\":\"https:\/\/tecnimport.com.pe\/web\/#website\"},\"primaryImageOfPage\":{\"@id\":\"https:\/\/tecnimport.com.pe\/web\/productos\/lps\/lubricante-penetrante-aflojatodo\/lps-1-lubricante-sin-grasa-desplazador-de-humedad\/#primaryimage\"},\"image\":{\"@id\":\"https:\/\/tecnimport.com.pe\/web\/productos\/lps\/lubricante-penetrante-aflojatodo\/lps-1-lubricante-sin-grasa-desplazador-de-humedad\/#primaryimage\"},\"thumbnailUrl\":\"https:\/\/tecnimport.com.pe\/web\/wp-content\/uploads\/2016\/04\/LPS-1-Greaseless-Lubricant-LUBRICANTE-DESPLAZADOR-DE-HUMEDAD.gif\",\"datePublished\":\"2016-04-28T01:29:08+00:00\",\"dateModified\":\"2026-04-17T16:13:20+00:00\",\"description\":\"LPS 1 es un lubricante desplazador de humedad, usado en mecanismos el\u00e9ctricos y electr\u00f3nicos delicados como lubricante, limpiador y desplazador de humedad.\",\"breadcrumb\":{\"@id\":\"https:\/\/tecnimport.com.pe\/web\/productos\/lps\/lubricante-penetrante-aflojatodo\/lps-1-lubricante-sin-grasa-desplazador-de-humedad\/#breadcrumb\"},\"inLanguage\":\"es\",\"potentialAction\":[{\"@type\":\"ReadAction\",\"target\":[\"https:\/\/tecnimport.com.pe\/web\/productos\/lps\/lubricante-penetrante-aflojatodo\/lps-1-lubricante-sin-grasa-desplazador-de-humedad\/\"]}]},{\"@type\":\"ImageObject\",\"inLanguage\":\"es\",\"@id\":\"https:\/\/tecnimport.com.pe\/web\/productos\/lps\/lubricante-penetrante-aflojatodo\/lps-1-lubricante-sin-grasa-desplazador-de-humedad\/#primaryimage\",\"url\":\"https:\/\/tecnimport.com.pe\/web\/wp-content\/uploads\/2016\/04\/LPS-1-Greaseless-Lubricant-LUBRICANTE-DESPLAZADOR-DE-HUMEDAD.gif\",\"contentUrl\":\"https:\/\/tecnimport.com.pe\/web\/wp-content\/uploads\/2016\/04\/LPS-1-Greaseless-Lubricant-LUBRICANTE-DESPLAZADOR-DE-HUMEDAD.gif\",\"width\":1000,\"height\":1000,\"caption\":\"LPS-1 Greaseless Lubricant LUBRICANTE-DESPLAZADOR DE HUMEDAD\"},{\"@type\":\"BreadcrumbList\",\"@id\":\"https:\/\/tecnimport.com.pe\/web\/productos\/lps\/lubricante-penetrante-aflojatodo\/lps-1-lubricante-sin-grasa-desplazador-de-humedad\/#breadcrumb\",\"itemListElement\":[{\"@type\":\"ListItem\",\"position\":1,\"name\":\"Portada\",\"item\":\"https:\/\/tecnimport.com.pe\/web\/\"},{\"@type\":\"ListItem\",\"position\":2,\"name\":\"Productos\",\"item\":\"https:\/\/tecnimport.com.pe\/web\/productos-navigation\/\"},{\"@type\":\"ListItem\",\"position\":3,\"name\":\"LPS 1\u00ae Greaseless Lubricant\"}]},{\"@type\":\"WebSite\",\"@id\":\"https:\/\/tecnimport.com.pe\/web\/#website\",\"url\":\"https:\/\/tecnimport.com.pe\/web\/\",\"name\":\"TECNIMPORT S.A.\",\"description\":\"Representante de Devcon, LPS, Rocol y Procyon en el Per\u00fa\",\"publisher\":{\"@id\":\"https:\/\/tecnimport.com.pe\/web\/#organization\"},\"potentialAction\":[{\"@type\":\"SearchAction\",\"target\":{\"@type\":\"EntryPoint\",\"urlTemplate\":\"https:\/\/tecnimport.com.pe\/web\/?s={search_term_string}\"},\"query-input\":{\"@type\":\"PropertyValueSpecification\",\"valueRequired\":true,\"valueName\":\"search_term_string\"}}],\"inLanguage\":\"es\"},{\"@type\":\"Organization\",\"@id\":\"https:\/\/tecnimport.com.pe\/web\/#organization\",\"name\":\"Tecnimport S.A\",\"url\":\"https:\/\/tecnimport.com.pe\/web\/\",\"logo\":{\"@type\":\"ImageObject\",\"inLanguage\":\"es\",\"@id\":\"https:\/\/tecnimport.com.pe\/web\/#\/schema\/logo\/image\/\",\"url\":\"https:\/\/tecnimport.com.pe\/web\/wp-content\/uploads\/2020\/03\/logo_tecnimport.png\",\"contentUrl\":\"https:\/\/tecnimport.com.pe\/web\/wp-content\/uploads\/2020\/03\/logo_tecnimport.png\",\"width\":367,\"height\":49,\"caption\":\"Tecnimport S.A\"},\"image\":{\"@id\":\"https:\/\/tecnimport.com.pe\/web\/#\/schema\/logo\/image\/\"}}]}<\/script>\n<meta property=\"og:availability\" content=\"instock\" \/>\n<meta property=\"product:availability\" content=\"instock\" \/>\n<meta property=\"product:condition\" content=\"new\" \/>\n<!-- \/ Yoast SEO plugin. -->","yoast_head_json":{"title":"LPS 1\u00ae Greaseless Lubricant - TECNIMPORT S.A.","description":"LPS 1 es un lubricante desplazador de humedad, usado en mecanismos el\u00e9ctricos y electr\u00f3nicos delicados como lubricante, limpiador y desplazador de humedad.","robots":{"index":"index","follow":"follow","max-snippet":"max-snippet:-1","max-image-preview":"max-image-preview:large","max-video-preview":"max-video-preview:-1"},"canonical":"https:\/\/tecnimport.com.pe\/web\/productos\/lps\/lubricante-penetrante-aflojatodo\/lps-1-lubricante-sin-grasa-desplazador-de-humedad\/","og_locale":"es_ES","og_type":"article","og_title":"LPS 1\u00ae Greaseless Lubricant - TECNIMPORT S.A.","og_description":"LPS 1 es un lubricante desplazador de humedad, usado en mecanismos el\u00e9ctricos y electr\u00f3nicos delicados como lubricante, limpiador y desplazador de humedad.","og_url":"https:\/\/tecnimport.com.pe\/web\/productos\/lps\/lubricante-penetrante-aflojatodo\/lps-1-lubricante-sin-grasa-desplazador-de-humedad\/","og_site_name":"TECNIMPORT S.A.","article_modified_time":"2026-04-17T16:13:20+00:00","og_image":[{"width":1000,"height":1000,"url":"https:\/\/tecnimport.com.pe\/web\/wp-content\/uploads\/2016\/04\/LPS-1-Greaseless-Lubricant-LUBRICANTE-DESPLAZADOR-DE-HUMEDAD.gif","type":"image\/gif"}],"twitter_card":"summary_large_image","twitter_misc":{"Disponibilidad":"Disponible"},"schema":{"@context":"https:\/\/schema.org","@graph":[{"@type":"WebPage","@id":"https:\/\/tecnimport.com.pe\/web\/productos\/lps\/lubricante-penetrante-aflojatodo\/lps-1-lubricante-sin-grasa-desplazador-de-humedad\/","url":"https:\/\/tecnimport.com.pe\/web\/productos\/lps\/lubricante-penetrante-aflojatodo\/lps-1-lubricante-sin-grasa-desplazador-de-humedad\/","name":"LPS 1\u00ae Greaseless Lubricant - TECNIMPORT S.A.","isPartOf":{"@id":"https:\/\/tecnimport.com.pe\/web\/#website"},"primaryImageOfPage":{"@id":"https:\/\/tecnimport.com.pe\/web\/productos\/lps\/lubricante-penetrante-aflojatodo\/lps-1-lubricante-sin-grasa-desplazador-de-humedad\/#primaryimage"},"image":{"@id":"https:\/\/tecnimport.com.pe\/web\/productos\/lps\/lubricante-penetrante-aflojatodo\/lps-1-lubricante-sin-grasa-desplazador-de-humedad\/#primaryimage"},"thumbnailUrl":"https:\/\/tecnimport.com.pe\/web\/wp-content\/uploads\/2016\/04\/LPS-1-Greaseless-Lubricant-LUBRICANTE-DESPLAZADOR-DE-HUMEDAD.gif","datePublished":"2016-04-28T01:29:08+00:00","dateModified":"2026-04-17T16:13:20+00:00","description":"LPS 1 es un lubricante desplazador de humedad, usado en mecanismos el\u00e9ctricos y electr\u00f3nicos delicados como lubricante, limpiador y desplazador de humedad.","breadcrumb":{"@id":"https:\/\/tecnimport.com.pe\/web\/productos\/lps\/lubricante-penetrante-aflojatodo\/lps-1-lubricante-sin-grasa-desplazador-de-humedad\/#breadcrumb"},"inLanguage":"es","potentialAction":[{"@type":"ReadAction","target":["https:\/\/tecnimport.com.pe\/web\/productos\/lps\/lubricante-penetrante-aflojatodo\/lps-1-lubricante-sin-grasa-desplazador-de-humedad\/"]}]},{"@type":"ImageObject","inLanguage":"es","@id":"https:\/\/tecnimport.com.pe\/web\/productos\/lps\/lubricante-penetrante-aflojatodo\/lps-1-lubricante-sin-grasa-desplazador-de-humedad\/#primaryimage","url":"https:\/\/tecnimport.com.pe\/web\/wp-content\/uploads\/2016\/04\/LPS-1-Greaseless-Lubricant-LUBRICANTE-DESPLAZADOR-DE-HUMEDAD.gif","contentUrl":"https:\/\/tecnimport.com.pe\/web\/wp-content\/uploads\/2016\/04\/LPS-1-Greaseless-Lubricant-LUBRICANTE-DESPLAZADOR-DE-HUMEDAD.gif","width":1000,"height":1000,"caption":"LPS-1 Greaseless Lubricant LUBRICANTE-DESPLAZADOR DE HUMEDAD"},{"@type":"BreadcrumbList","@id":"https:\/\/tecnimport.com.pe\/web\/productos\/lps\/lubricante-penetrante-aflojatodo\/lps-1-lubricante-sin-grasa-desplazador-de-humedad\/#breadcrumb","itemListElement":[{"@type":"ListItem","position":1,"name":"Portada","item":"https:\/\/tecnimport.com.pe\/web\/"},{"@type":"ListItem","position":2,"name":"Productos","item":"https:\/\/tecnimport.com.pe\/web\/productos-navigation\/"},{"@type":"ListItem","position":3,"name":"LPS 1\u00ae Greaseless Lubricant"}]},{"@type":"WebSite","@id":"https:\/\/tecnimport.com.pe\/web\/#website","url":"https:\/\/tecnimport.com.pe\/web\/","name":"TECNIMPORT S.A.","description":"Representante de Devcon, LPS, Rocol y Procyon en el Per\u00fa","publisher":{"@id":"https:\/\/tecnimport.com.pe\/web\/#organization"},"potentialAction":[{"@type":"SearchAction","target":{"@type":"EntryPoint","urlTemplate":"https:\/\/tecnimport.com.pe\/web\/?s={search_term_string}"},"query-input":{"@type":"PropertyValueSpecification","valueRequired":true,"valueName":"search_term_string"}}],"inLanguage":"es"},{"@type":"Organization","@id":"https:\/\/tecnimport.com.pe\/web\/#organization","name":"Tecnimport S.A","url":"https:\/\/tecnimport.com.pe\/web\/","logo":{"@type":"ImageObject","inLanguage":"es","@id":"https:\/\/tecnimport.com.pe\/web\/#\/schema\/logo\/image\/","url":"https:\/\/tecnimport.com.pe\/web\/wp-content\/uploads\/2020\/03\/logo_tecnimport.png","contentUrl":"https:\/\/tecnimport.com.pe\/web\/wp-content\/uploads\/2020\/03\/logo_tecnimport.png","width":367,"height":49,"caption":"Tecnimport S.A"},"image":{"@id":"https:\/\/tecnimport.com.pe\/web\/#\/schema\/logo\/image\/"}}]},"og_availability":"instock","product_availability":"instock","product_condition":"new"},"_links":{"self":[{"href":"https:\/\/tecnimport.com.pe\/web\/wp-json\/wp\/v2\/product\/2065","targetHints":{"allow":["GET"]}}],"collection":[{"href":"https:\/\/tecnimport.com.pe\/web\/wp-json\/wp\/v2\/product"}],"about":[{"href":"https:\/\/tecnimport.com.pe\/web\/wp-json\/wp\/v2\/types\/product"}],"wp:featuredmedia":[{"embeddable":true,"href":"https:\/\/tecnimport.com.pe\/web\/wp-json\/wp\/v2\/media\/6227"}],"wp:attachment":[{"href":"https:\/\/tecnimport.com.pe\/web\/wp-json\/wp\/v2\/media?parent=2065"}],"wp:term":[{"taxonomy":"product_brand","embeddable":true,"href":"https:\/\/tecnimport.com.pe\/web\/wp-json\/wp\/v2\/product_brand?post=2065"},{"taxonomy":"product_cat","embeddable":true,"href":"https:\/\/tecnimport.com.pe\/web\/wp-json\/wp\/v2\/product_cat?post=2065"},{"taxonomy":"product_tag","embeddable":true,"href":"https:\/\/tecnimport.com.pe\/web\/wp-json\/wp\/v2\/product_tag?post=2065"}],"curies":[{"name":"wp","href":"https:\/\/api.w.org\/{rel}","templated":true}]}}