{"id":2038,"date":"2016-04-26T22:56:55","date_gmt":"2016-04-27T03:56:55","guid":{"rendered":"http:\/\/tecnimport.com.pe\/web\/?post_type=product&#038;p=2038"},"modified":"2026-04-16T10:40:10","modified_gmt":"2026-04-16T15:40:10","slug":"precision-clean-desengrasante-multiproposito-base-acuosa","status":"publish","type":"product","link":"https:\/\/tecnimport.com.pe\/web\/productos\/lps\/desengrasantes-solventes\/precision-clean-desengrasante-multiproposito-base-acuosa\/","title":{"rendered":"LPS Precision Clean Multi-Purpose"},"content":{"rendered":"<div class=\"wpb-content-wrapper\"><p>[vc_row][vc_column][vc_row_inner][vc_column_inner][vc_column_text woodmart_inline=\u00bbno\u00bb text_larger=\u00bbno\u00bb]<strong class=\"subtitulo_prod\">Presentaci\u00f3n &amp; Fichas<\/strong><\/p>\n<div class=\"table-container\">\n<table class=\"responsive-table\">\n<thead>\n<tr>\n<th style=\"text-align: center;\">N\u00ba de Parte<\/th>\n<th style=\"text-align: center;\">Capacidad<\/th>\n<th style=\"text-align: center;\">Envase<\/th>\n<th style=\"text-align: center;\"><i class=\"fas fa-download\"><\/i> TDS<\/th>\n<\/tr>\n<\/thead>\n<tbody>\n<tr>\n<td style=\"text-align: center;\">02701<\/td>\n<td style=\"text-align: center;\">1 gal \/ 3.78 L (concentrado)<\/td>\n<td style=\"text-align: center;\">Envase<\/td>\n<td style=\"text-align: center;\"><a href=\"https:\/\/tecnimport.com.pe\/web\/wp-content\/uploads\/2024\/08\/LPS_PreClean_TDS_230125-2.pdf\" target=\"_blank\" rel=\"noopener\"><i class=\"fas fa-download\"><\/i>Ficha T\u00e9cnica<\/a><\/td>\n<\/tr>\n<tr>\n<td style=\"text-align: center;\">02705<\/td>\n<td style=\"text-align: center;\">5 gal \/ 18.93 L (concentrado)<\/td>\n<td style=\"text-align: center;\">Envase<\/td>\n<td style=\"text-align: center;\"><a href=\"https:\/\/tecnimport.com.pe\/web\/wp-content\/uploads\/2024\/08\/LPS_PreClean_TDS_230125-2.pdf\" target=\"_blank\" rel=\"noopener\"><i class=\"fas fa-download\"><\/i>Ficha T\u00e9cnica<\/a><\/td>\n<\/tr>\n<tr>\n<td style=\"text-align: center;\">02755<\/td>\n<td style=\"text-align: center;\">55 gal \/ 208 L (concentrado)<\/td>\n<td style=\"text-align: center;\">Envase<\/td>\n<td style=\"text-align: center;\"><a href=\"https:\/\/tecnimport.com.pe\/web\/wp-content\/uploads\/2024\/08\/LPS_PreClean_TDS_230125-2.pdf\" target=\"_blank\" rel=\"noopener\"><i class=\"fas fa-download\"><\/i>Ficha T\u00e9cnica<\/a><\/td>\n<\/tr>\n<\/tbody>\n<\/table>\n<\/div>\n<p>[\/vc_column_text][\/vc_column_inner][\/vc_row_inner][\/vc_column][\/vc_row][vc_row][vc_column width=\u00bb1\/3&#8243;][vc_column_text woodmart_inline=\u00bbno\u00bb text_larger=\u00bbno\u00bb]<strong class=\"subtitulo_prod\">Otras Caracter\u00edsticas<\/strong><\/p>\n<ul>\n<li>Limpiador de resistencia industrial &#8211; Biodegradable.<\/li>\n<li>Formulado para ser m\u00e1s seguro para el medio ambiente.<\/li>\n<li>No contiene disolventes de butilo, cloro, petr\u00f3leo, lej\u00eda, amon\u00edaco ni abrasivos.<\/li>\n<li>F\u00f3rmula alcalina inhibidora de corrosi\u00f3n que evita la oxidaci\u00f3n superficial, puede diluirse con agua desde 1:1 hasta 1:100.<\/li>\n<li>Seguro en todas las superficies.<\/li>\n<\/ul>\n<p>[\/vc_column_text][\/vc_column][vc_column width=\u00bb1\/3&#8243;][vc_column_text woodmart_inline=\u00bbno\u00bb text_larger=\u00bbno\u00bb]<strong class=\"subtitulo_prod\">Aplicaciones<\/strong><\/p>\n<ul>\n<li>Sentinas<\/li>\n<li>Bloques de carb\u00f3n<\/li>\n<li>Trampas de grasa<\/li>\n<li>Campanas de extracci\u00f3n<\/li>\n<li>Compresores<\/li>\n<li>Hormig\u00f3n<\/li>\n<li>Motores<\/li>\n<li>Tanques<\/li>\n<\/ul>\n<p>[\/vc_column_text][\/vc_column][vc_column width=\u00bb1\/3&#8243;][vc_column_text woodmart_inline=\u00bbno\u00bb text_larger=\u00bbno\u00bb]<strong class=\"subtitulo_prod\">Aplicaciones<\/strong><\/p>\n<ul>\n<li>Polipastos<\/li>\n<li>Herramientas<\/li>\n<li>Maquinaria<\/li>\n<li>Pisos de garaje<\/li>\n<li>Taladros de columna<\/li>\n<li>Aceras<\/li>\n<li>Caminos de acceso<\/li>\n<li>Hornos<\/li>\n<\/ul>\n<p>[\/vc_column_text][\/vc_column][\/vc_row][vc_row][vc_column width=\u00bb1\/3&#8243;][vc_column_text woodmart_inline=\u00bbno\u00bb text_larger=\u00bbno\u00bb]<strong class=\"subtitulo_prod\">Certificaciones &amp; Especificaciones<\/strong><\/p>\n<ul>\n<li>Ford Motor Co.<\/li>\n<li style=\"color: #862633;\"><a href=\"https:\/\/www.itwprobrands.com\/files\/product_specifications\/Precision_Clean_Concentrate_NSF_Certificate_of_Registration_Aug_2023.pdf\" target=\"_blank\" rel=\"noopener\">Certificado NSF: C1 &#8211; Registro # 168389(Concentrado)<br \/>\n<\/a><\/li>\n<\/ul>\n<p>[\/vc_column_text][\/vc_column][vc_column width=\u00bb1\/3&#8243;][vc_column_text woodmart_inline=\u00bbno\u00bb text_larger=\u00bbno\u00bb]<strong class=\"subtitulo_prod\">Marca &amp; Fabricante<\/strong><\/p>\n<table class=\"table\">\n<tbody>\n<tr>\n<td>Marca<\/td>\n<td><strong><a href=\"https:\/\/tecnimport.com.pe\/web\/lps-probrands-itw-peru\/\" target=\"_blank\" rel=\"noopener\">LPS<\/a><\/strong><\/td>\n<\/tr>\n<tr>\n<td>Fabricante<\/td>\n<td><strong><a href=\"https:\/\/www.itwprobrands.com\/product\/precision-clean\" target=\"_blank\" rel=\"noopener\">ITW PROBRANDS<\/a><\/strong><\/td>\n<\/tr>\n<\/tbody>\n<\/table>\n<p>[\/vc_column_text][\/vc_column][vc_column width=\u00bb1\/3&#8243;][vc_column_text woodmart_inline=\u00bbno\u00bb text_larger=\u00bbno\u00bb]<strong class=\"subtitulo_prod\">Aplicaci\u00f3n<\/strong>[\/vc_column_text][vc_single_image image=\u00bb6213&#8243; img_size=\u00bblarge\u00bb parallax_scroll=\u00bbno\u00bb woodmart_inline=\u00bbno\u00bb][\/vc_column][\/vc_row][vc_row][vc_column][vc_column_text woodmart_inline=\u00bbno\u00bb text_larger=\u00bbno\u00bb]<strong class=\"subtitulo_prod\">Propiedades<\/strong><\/p>\n<table class=\"table\">\n<tbody>\n<tr>\n<td>Aspecto \/ Estado f\u00edsico<\/td>\n<td>Aerosol: gas, a granel: l\u00edquido<\/td>\n<\/tr>\n<tr>\n<td>Color<\/td>\n<td>Transparente, blanquecino<\/td>\n<\/tr>\n<tr>\n<td>Olor<\/td>\n<td>Naranja<\/td>\n<\/tr>\n<tr>\n<td>Punto de fusi\u00f3n \/ congelaci\u00f3n<\/td>\n<td>No establecido<\/td>\n<\/tr>\n<tr>\n<td>Punto \/ rango de ebullici\u00f3n<\/td>\n<td>&gt;302 \u00b0F (&gt;150 \u00b0C)<\/td>\n<\/tr>\n<tr>\n<td>Punto de inflamaci\u00f3n<\/td>\n<td>104,0 \u00b0F (40,0 \u00b0C) Etiqueta de vaso cerrado (l\u00edquido dispensado)<\/td>\n<\/tr>\n<tr>\n<td>Tasa de evaporaci\u00f3n<\/td>\n<td>&gt;0,1 BuAc<\/td>\n<\/tr>\n<tr>\n<td>Inflamabilidad<\/td>\n<td>Inferior (%): 0,7 %; Superior (%): 6 %<\/td>\n<\/tr>\n<tr>\n<td>Presi\u00f3n de vapor<\/td>\n<td>&lt;5 mm Hg a 20 \u00b0C<\/td>\n<\/tr>\n<tr>\n<td>Densidad de vapor<\/td>\n<td>&gt;1<\/td>\n<\/tr>\n<tr>\n<td>Solubilidad en agua<\/td>\n<td>&lt; 15 %<\/td>\n<\/tr>\n<tr>\n<td>Temperatura de autoignici\u00f3n<\/td>\n<td>&gt;392 \u00b0F (&gt;200 \u00b0C)<\/td>\n<\/tr>\n<tr>\n<td>Viscosidad<\/td>\n<td>&lt; 3 cSt a 25 \u00b0C<\/td>\n<\/tr>\n<tr>\n<td>Porcentaje de vol\u00e1tiles<\/td>\n<td>1<\/td>\n<\/tr>\n<tr>\n<td>Contenido de COV<\/td>\n<td>Aerosol: 97,2 %, a granel: 100 % seg\u00fan las Regulaciones de productos de consumo estatales y federales de EE. UU.<\/td>\n<\/tr>\n<tr>\n<td>Gravedad espec\u00edfica<\/td>\n<td>0,82 &#8211; 0,86 a 20 \u00b0C<\/td>\n<\/tr>\n<tr>\n<td>Propelente<\/td>\n<td>Aerosol: gases de petr\u00f3leo, licuados; a granel: N\/A<\/td>\n<\/tr>\n<\/tbody>\n<\/table>\n<p>[\/vc_column_text][\/vc_column][\/vc_row]<\/p>\n<\/div>","protected":false},"excerpt":{"rendered":"<h2 class=\"h2_subtitulo\"><i>DESENGRASANTE INDUSTRIAL BASE AGUA<\/i><\/h2>\n<p>&nbsp;<\/p>\n<p>El limpiador desengrasante multiusos Precision Clean es un limpiador\/desengrasante concentrado multiusos formulado con precisi\u00f3n para la industria; elimina suciedades rebeldes, grasas, aceites, lodos y holl\u00edn.<\/p>\n","protected":false},"featured_media":6211,"template":"","meta":[],"product_brand":[232],"product_cat":[205,211],"product_tag":[660,1304,1297],"class_list":{"0":"post-2038","1":"product","2":"type-product","3":"status-publish","4":"has-post-thumbnail","6":"product_brand-lps","7":"product_cat-lps","8":"product_cat-desengrasantes-solventes","9":"product_tag-desengrasantes-base-acuosa","10":"product_tag-ecologico","11":"product_tag-grado-industrial","13":"first","14":"instock","15":"shipping-taxable","16":"purchasable","17":"product-type-variable"},"yoast_head":"<!-- This site is optimized with the Yoast SEO plugin v26.9 - https:\/\/yoast.com\/product\/yoast-seo-wordpress\/ -->\n<title>LPS PRECISION CLEAN DESENGRASANTE INDUSTRIAL<\/title>\n<meta name=\"description\" content=\"LPS PRECISION CLEAN MULTI-PURPOSE DESENGRASANTE INDUSTRIAL concentrado; elimina suciedades rebeldes, grasas, aceites, lodos y holl\u00edn.\" \/>\n<meta name=\"robots\" content=\"index, follow, max-snippet:-1, max-image-preview:large, max-video-preview:-1\" \/>\n<link rel=\"canonical\" href=\"https:\/\/tecnimport.com.pe\/web\/productos\/lps\/desengrasantes-solventes\/precision-clean-desengrasante-multiproposito-base-acuosa\/\" \/>\n<meta property=\"og:locale\" content=\"es_ES\" \/>\n<meta property=\"og:type\" content=\"article\" \/>\n<meta property=\"og:title\" content=\"LPS PRECISION CLEAN DESENGRASANTE INDUSTRIAL\" \/>\n<meta property=\"og:description\" content=\"LPS PRECISION CLEAN MULTI-PURPOSE DESENGRASANTE INDUSTRIAL concentrado; elimina suciedades rebeldes, grasas, aceites, lodos y holl\u00edn.\" \/>\n<meta property=\"og:url\" content=\"https:\/\/tecnimport.com.pe\/web\/productos\/lps\/desengrasantes-solventes\/precision-clean-desengrasante-multiproposito-base-acuosa\/\" \/>\n<meta property=\"og:site_name\" content=\"TECNIMPORT S.A.\" \/>\n<meta property=\"article:modified_time\" content=\"2026-04-16T15:40:10+00:00\" \/>\n<meta property=\"og:image\" content=\"https:\/\/tecnimport.com.pe\/web\/wp-content\/uploads\/2024\/08\/LPS-PRECISION-CLEAR-MULTIPURPOSE-DESENGRASANTE-MULTIPROPOSITO-BASE-AGUA-TECNIMPORT-1.gif\" \/>\n\t<meta property=\"og:image:width\" content=\"1000\" \/>\n\t<meta property=\"og:image:height\" content=\"1000\" \/>\n\t<meta property=\"og:image:type\" content=\"image\/gif\" \/>\n<meta name=\"twitter:card\" content=\"summary_large_image\" \/>\n<meta name=\"twitter:label1\" content=\"Disponibilidad\" \/>\n\t<meta name=\"twitter:data1\" content=\"Disponible\" \/>\n<script type=\"application\/ld+json\" class=\"yoast-schema-graph\">{\"@context\":\"https:\/\/schema.org\",\"@graph\":[{\"@type\":\"WebPage\",\"@id\":\"https:\/\/tecnimport.com.pe\/web\/productos\/lps\/desengrasantes-solventes\/precision-clean-desengrasante-multiproposito-base-acuosa\/\",\"url\":\"https:\/\/tecnimport.com.pe\/web\/productos\/lps\/desengrasantes-solventes\/precision-clean-desengrasante-multiproposito-base-acuosa\/\",\"name\":\"LPS PRECISION CLEAN DESENGRASANTE INDUSTRIAL\",\"isPartOf\":{\"@id\":\"https:\/\/tecnimport.com.pe\/web\/#website\"},\"primaryImageOfPage\":{\"@id\":\"https:\/\/tecnimport.com.pe\/web\/productos\/lps\/desengrasantes-solventes\/precision-clean-desengrasante-multiproposito-base-acuosa\/#primaryimage\"},\"image\":{\"@id\":\"https:\/\/tecnimport.com.pe\/web\/productos\/lps\/desengrasantes-solventes\/precision-clean-desengrasante-multiproposito-base-acuosa\/#primaryimage\"},\"thumbnailUrl\":\"https:\/\/tecnimport.com.pe\/web\/wp-content\/uploads\/2024\/08\/LPS-PRECISION-CLEAR-MULTIPURPOSE-DESENGRASANTE-MULTIPROPOSITO-BASE-AGUA-TECNIMPORT-1.gif\",\"datePublished\":\"2016-04-27T03:56:55+00:00\",\"dateModified\":\"2026-04-16T15:40:10+00:00\",\"description\":\"LPS PRECISION CLEAN MULTI-PURPOSE DESENGRASANTE INDUSTRIAL concentrado; elimina suciedades rebeldes, grasas, aceites, lodos y holl\u00edn.\",\"breadcrumb\":{\"@id\":\"https:\/\/tecnimport.com.pe\/web\/productos\/lps\/desengrasantes-solventes\/precision-clean-desengrasante-multiproposito-base-acuosa\/#breadcrumb\"},\"inLanguage\":\"es\",\"potentialAction\":[{\"@type\":\"ReadAction\",\"target\":[\"https:\/\/tecnimport.com.pe\/web\/productos\/lps\/desengrasantes-solventes\/precision-clean-desengrasante-multiproposito-base-acuosa\/\"]}]},{\"@type\":\"ImageObject\",\"inLanguage\":\"es\",\"@id\":\"https:\/\/tecnimport.com.pe\/web\/productos\/lps\/desengrasantes-solventes\/precision-clean-desengrasante-multiproposito-base-acuosa\/#primaryimage\",\"url\":\"https:\/\/tecnimport.com.pe\/web\/wp-content\/uploads\/2024\/08\/LPS-PRECISION-CLEAR-MULTIPURPOSE-DESENGRASANTE-MULTIPROPOSITO-BASE-AGUA-TECNIMPORT-1.gif\",\"contentUrl\":\"https:\/\/tecnimport.com.pe\/web\/wp-content\/uploads\/2024\/08\/LPS-PRECISION-CLEAR-MULTIPURPOSE-DESENGRASANTE-MULTIPROPOSITO-BASE-AGUA-TECNIMPORT-1.gif\",\"width\":1000,\"height\":1000,\"caption\":\"LPS PRECISION CLEAN MULTIPURPOSE DESENGRASANTE MULTIPROPOSITO BASE AGUA\"},{\"@type\":\"BreadcrumbList\",\"@id\":\"https:\/\/tecnimport.com.pe\/web\/productos\/lps\/desengrasantes-solventes\/precision-clean-desengrasante-multiproposito-base-acuosa\/#breadcrumb\",\"itemListElement\":[{\"@type\":\"ListItem\",\"position\":1,\"name\":\"Portada\",\"item\":\"https:\/\/tecnimport.com.pe\/web\/\"},{\"@type\":\"ListItem\",\"position\":2,\"name\":\"Productos\",\"item\":\"https:\/\/tecnimport.com.pe\/web\/productos-navigation\/\"},{\"@type\":\"ListItem\",\"position\":3,\"name\":\"LPS Precision Clean Multi-Purpose\"}]},{\"@type\":\"WebSite\",\"@id\":\"https:\/\/tecnimport.com.pe\/web\/#website\",\"url\":\"https:\/\/tecnimport.com.pe\/web\/\",\"name\":\"TECNIMPORT S.A.\",\"description\":\"Representante de Devcon, LPS, Rocol y Procyon en el Per\u00fa\",\"publisher\":{\"@id\":\"https:\/\/tecnimport.com.pe\/web\/#organization\"},\"potentialAction\":[{\"@type\":\"SearchAction\",\"target\":{\"@type\":\"EntryPoint\",\"urlTemplate\":\"https:\/\/tecnimport.com.pe\/web\/?s={search_term_string}\"},\"query-input\":{\"@type\":\"PropertyValueSpecification\",\"valueRequired\":true,\"valueName\":\"search_term_string\"}}],\"inLanguage\":\"es\"},{\"@type\":\"Organization\",\"@id\":\"https:\/\/tecnimport.com.pe\/web\/#organization\",\"name\":\"Tecnimport S.A\",\"url\":\"https:\/\/tecnimport.com.pe\/web\/\",\"logo\":{\"@type\":\"ImageObject\",\"inLanguage\":\"es\",\"@id\":\"https:\/\/tecnimport.com.pe\/web\/#\/schema\/logo\/image\/\",\"url\":\"https:\/\/tecnimport.com.pe\/web\/wp-content\/uploads\/2020\/03\/logo_tecnimport.png\",\"contentUrl\":\"https:\/\/tecnimport.com.pe\/web\/wp-content\/uploads\/2020\/03\/logo_tecnimport.png\",\"width\":367,\"height\":49,\"caption\":\"Tecnimport S.A\"},\"image\":{\"@id\":\"https:\/\/tecnimport.com.pe\/web\/#\/schema\/logo\/image\/\"}}]}<\/script>\n<meta property=\"og:availability\" content=\"instock\" \/>\n<meta property=\"product:availability\" content=\"instock\" \/>\n<meta property=\"product:condition\" content=\"new\" \/>\n<!-- \/ Yoast SEO plugin. -->","yoast_head_json":{"title":"LPS PRECISION CLEAN DESENGRASANTE INDUSTRIAL","description":"LPS PRECISION CLEAN MULTI-PURPOSE DESENGRASANTE INDUSTRIAL concentrado; elimina suciedades rebeldes, grasas, aceites, lodos y holl\u00edn.","robots":{"index":"index","follow":"follow","max-snippet":"max-snippet:-1","max-image-preview":"max-image-preview:large","max-video-preview":"max-video-preview:-1"},"canonical":"https:\/\/tecnimport.com.pe\/web\/productos\/lps\/desengrasantes-solventes\/precision-clean-desengrasante-multiproposito-base-acuosa\/","og_locale":"es_ES","og_type":"article","og_title":"LPS PRECISION CLEAN DESENGRASANTE INDUSTRIAL","og_description":"LPS PRECISION CLEAN MULTI-PURPOSE DESENGRASANTE INDUSTRIAL concentrado; elimina suciedades rebeldes, grasas, aceites, lodos y holl\u00edn.","og_url":"https:\/\/tecnimport.com.pe\/web\/productos\/lps\/desengrasantes-solventes\/precision-clean-desengrasante-multiproposito-base-acuosa\/","og_site_name":"TECNIMPORT S.A.","article_modified_time":"2026-04-16T15:40:10+00:00","og_image":[{"width":1000,"height":1000,"url":"https:\/\/tecnimport.com.pe\/web\/wp-content\/uploads\/2024\/08\/LPS-PRECISION-CLEAR-MULTIPURPOSE-DESENGRASANTE-MULTIPROPOSITO-BASE-AGUA-TECNIMPORT-1.gif","type":"image\/gif"}],"twitter_card":"summary_large_image","twitter_misc":{"Disponibilidad":"Disponible"},"schema":{"@context":"https:\/\/schema.org","@graph":[{"@type":"WebPage","@id":"https:\/\/tecnimport.com.pe\/web\/productos\/lps\/desengrasantes-solventes\/precision-clean-desengrasante-multiproposito-base-acuosa\/","url":"https:\/\/tecnimport.com.pe\/web\/productos\/lps\/desengrasantes-solventes\/precision-clean-desengrasante-multiproposito-base-acuosa\/","name":"LPS PRECISION CLEAN DESENGRASANTE INDUSTRIAL","isPartOf":{"@id":"https:\/\/tecnimport.com.pe\/web\/#website"},"primaryImageOfPage":{"@id":"https:\/\/tecnimport.com.pe\/web\/productos\/lps\/desengrasantes-solventes\/precision-clean-desengrasante-multiproposito-base-acuosa\/#primaryimage"},"image":{"@id":"https:\/\/tecnimport.com.pe\/web\/productos\/lps\/desengrasantes-solventes\/precision-clean-desengrasante-multiproposito-base-acuosa\/#primaryimage"},"thumbnailUrl":"https:\/\/tecnimport.com.pe\/web\/wp-content\/uploads\/2024\/08\/LPS-PRECISION-CLEAR-MULTIPURPOSE-DESENGRASANTE-MULTIPROPOSITO-BASE-AGUA-TECNIMPORT-1.gif","datePublished":"2016-04-27T03:56:55+00:00","dateModified":"2026-04-16T15:40:10+00:00","description":"LPS PRECISION CLEAN MULTI-PURPOSE DESENGRASANTE INDUSTRIAL concentrado; elimina suciedades rebeldes, grasas, aceites, lodos y holl\u00edn.","breadcrumb":{"@id":"https:\/\/tecnimport.com.pe\/web\/productos\/lps\/desengrasantes-solventes\/precision-clean-desengrasante-multiproposito-base-acuosa\/#breadcrumb"},"inLanguage":"es","potentialAction":[{"@type":"ReadAction","target":["https:\/\/tecnimport.com.pe\/web\/productos\/lps\/desengrasantes-solventes\/precision-clean-desengrasante-multiproposito-base-acuosa\/"]}]},{"@type":"ImageObject","inLanguage":"es","@id":"https:\/\/tecnimport.com.pe\/web\/productos\/lps\/desengrasantes-solventes\/precision-clean-desengrasante-multiproposito-base-acuosa\/#primaryimage","url":"https:\/\/tecnimport.com.pe\/web\/wp-content\/uploads\/2024\/08\/LPS-PRECISION-CLEAR-MULTIPURPOSE-DESENGRASANTE-MULTIPROPOSITO-BASE-AGUA-TECNIMPORT-1.gif","contentUrl":"https:\/\/tecnimport.com.pe\/web\/wp-content\/uploads\/2024\/08\/LPS-PRECISION-CLEAR-MULTIPURPOSE-DESENGRASANTE-MULTIPROPOSITO-BASE-AGUA-TECNIMPORT-1.gif","width":1000,"height":1000,"caption":"LPS PRECISION CLEAN MULTIPURPOSE DESENGRASANTE MULTIPROPOSITO BASE AGUA"},{"@type":"BreadcrumbList","@id":"https:\/\/tecnimport.com.pe\/web\/productos\/lps\/desengrasantes-solventes\/precision-clean-desengrasante-multiproposito-base-acuosa\/#breadcrumb","itemListElement":[{"@type":"ListItem","position":1,"name":"Portada","item":"https:\/\/tecnimport.com.pe\/web\/"},{"@type":"ListItem","position":2,"name":"Productos","item":"https:\/\/tecnimport.com.pe\/web\/productos-navigation\/"},{"@type":"ListItem","position":3,"name":"LPS Precision Clean Multi-Purpose"}]},{"@type":"WebSite","@id":"https:\/\/tecnimport.com.pe\/web\/#website","url":"https:\/\/tecnimport.com.pe\/web\/","name":"TECNIMPORT S.A.","description":"Representante de Devcon, LPS, Rocol y Procyon en el Per\u00fa","publisher":{"@id":"https:\/\/tecnimport.com.pe\/web\/#organization"},"potentialAction":[{"@type":"SearchAction","target":{"@type":"EntryPoint","urlTemplate":"https:\/\/tecnimport.com.pe\/web\/?s={search_term_string}"},"query-input":{"@type":"PropertyValueSpecification","valueRequired":true,"valueName":"search_term_string"}}],"inLanguage":"es"},{"@type":"Organization","@id":"https:\/\/tecnimport.com.pe\/web\/#organization","name":"Tecnimport S.A","url":"https:\/\/tecnimport.com.pe\/web\/","logo":{"@type":"ImageObject","inLanguage":"es","@id":"https:\/\/tecnimport.com.pe\/web\/#\/schema\/logo\/image\/","url":"https:\/\/tecnimport.com.pe\/web\/wp-content\/uploads\/2020\/03\/logo_tecnimport.png","contentUrl":"https:\/\/tecnimport.com.pe\/web\/wp-content\/uploads\/2020\/03\/logo_tecnimport.png","width":367,"height":49,"caption":"Tecnimport S.A"},"image":{"@id":"https:\/\/tecnimport.com.pe\/web\/#\/schema\/logo\/image\/"}}]},"og_availability":"instock","product_availability":"instock","product_condition":"new"},"_links":{"self":[{"href":"https:\/\/tecnimport.com.pe\/web\/wp-json\/wp\/v2\/product\/2038","targetHints":{"allow":["GET"]}}],"collection":[{"href":"https:\/\/tecnimport.com.pe\/web\/wp-json\/wp\/v2\/product"}],"about":[{"href":"https:\/\/tecnimport.com.pe\/web\/wp-json\/wp\/v2\/types\/product"}],"wp:featuredmedia":[{"embeddable":true,"href":"https:\/\/tecnimport.com.pe\/web\/wp-json\/wp\/v2\/media\/6211"}],"wp:attachment":[{"href":"https:\/\/tecnimport.com.pe\/web\/wp-json\/wp\/v2\/media?parent=2038"}],"wp:term":[{"taxonomy":"product_brand","embeddable":true,"href":"https:\/\/tecnimport.com.pe\/web\/wp-json\/wp\/v2\/product_brand?post=2038"},{"taxonomy":"product_cat","embeddable":true,"href":"https:\/\/tecnimport.com.pe\/web\/wp-json\/wp\/v2\/product_cat?post=2038"},{"taxonomy":"product_tag","embeddable":true,"href":"https:\/\/tecnimport.com.pe\/web\/wp-json\/wp\/v2\/product_tag?post=2038"}],"curies":[{"name":"wp","href":"https:\/\/api.w.org\/{rel}","templated":true}]}}