{"id":2023,"date":"2016-04-27T20:27:19","date_gmt":"2016-04-28T01:27:19","guid":{"rendered":"http:\/\/tecnimport.com.pe\/web\/?post_type=product&#038;p=2023"},"modified":"2025-03-14T09:30:49","modified_gmt":"2025-03-14T14:30:49","slug":"lps-presolve-solvente-desengrasante-dielectrico","status":"publish","type":"product","link":"https:\/\/tecnimport.com.pe\/web\/productos\/lps\/desengrasantes-solventes\/lps-presolve-solvente-desengrasante-dielectrico\/","title":{"rendered":"LPS PreSolve Orange Degreaser"},"content":{"rendered":"<div class=\"wpb-content-wrapper\"><p>[vc_row][vc_column][vc_row_inner][vc_column_inner][vc_column_text woodmart_inline=\u00bbno\u00bb text_larger=\u00bbno\u00bb]<strong class=\"subtitulo_prod\">LPS PRESOLVE SOLVENTE DESENGRASANTE DIEL\u00c9CTRICO<\/strong><br \/>\n<strong class=\"subtitulo_prod\">Presentaci\u00f3n &amp; Fichas<\/strong><\/p>\n<div class=\"table-container\">\n<table class=\"responsive-table\">\n<thead>\n<tr>\n<th style=\"text-align: center;\">N\u00ba de Parte<\/th>\n<th style=\"text-align: center;\">Capacidad<\/th>\n<th style=\"text-align: center;\">Envase<\/th>\n<th style=\"text-align: center;\"><i class=\"fas fa-download\"><\/i> TDS<\/th>\n<\/tr>\n<\/thead>\n<tbody>\n<tr>\n<td style=\"text-align: center;\">01420<\/td>\n<td style=\"text-align: center;\">5 wt oz \/ 425 g \/ 523<\/td>\n<td style=\"text-align: center;\">Aerosol<\/td>\n<td style=\"text-align: center;\"><a href=\"https:\/\/tecnimport.com.pe\/web\/wp-content\/uploads\/2024\/08\/PreSolve-OrangeDegreaser.pdf\" target=\"_blank\" rel=\"noopener\"><i class=\"fas fa-download\"><\/i><\/a><\/td>\n<\/tr>\n<tr>\n<td style=\"text-align: center;\">01428<\/td>\n<td style=\"text-align: center;\">1 gal \/ 3.78 L<\/td>\n<td style=\"text-align: center;\">Envase<\/td>\n<td style=\"text-align: center;\"><a href=\"https:\/\/tecnimport.com.pe\/web\/wp-content\/uploads\/2024\/08\/PreSolve-OrangeDegreaser.pdf\" target=\"_blank\" rel=\"noopener\"><i class=\"fas fa-download\"><\/i><\/a><\/td>\n<\/tr>\n<tr>\n<td style=\"text-align: center;\">01405<\/td>\n<td style=\"text-align: center;\">5 gal \/ 18.93 L<\/td>\n<td style=\"text-align: center;\">Envase<\/td>\n<td style=\"text-align: center;\"><a href=\"https:\/\/tecnimport.com.pe\/web\/wp-content\/uploads\/2024\/08\/PreSolve-OrangeDegreaser.pdf\" target=\"_blank\" rel=\"noopener\"><i class=\"fas fa-download\"><\/i><\/a><\/td>\n<\/tr>\n<tr>\n<td style=\"text-align: center;\">01455<\/td>\n<td style=\"text-align: center;\">55 gal \/ 208 L<\/td>\n<td style=\"text-align: center;\">Cilindro<\/td>\n<td style=\"text-align: center;\"><a href=\"https:\/\/tecnimport.com.pe\/web\/wp-content\/uploads\/2024\/08\/PreSolve-OrangeDegreaser.pdf\" target=\"_blank\" rel=\"noopener\"><i class=\"fas fa-download\"><\/i><\/a><\/td>\n<\/tr>\n<\/tbody>\n<\/table>\n<\/div>\n<p>[\/vc_column_text][\/vc_column_inner][\/vc_row_inner][\/vc_column][\/vc_row][vc_row][vc_column width=\u00bb1\/3&#8243;][vc_column_text woodmart_inline=\u00bbno\u00bb text_larger=\u00bbno\u00bb]<strong class=\"subtitulo_prod\">Otras Caracter\u00edsticas<\/strong><\/p>\n<ul>\n<li>Desengrasante industrial de alto rendimiento que act\u00faa por contacto<\/li>\n<li>Solvente diel\u00e9ctrico ecol\u00f3gico de base\u00a0natural (D-Limonene).<\/li>\n<li>De de alto rendimiento industrial,\u00a0limpia al entrar en contacto.<\/li>\n<li>Ideal para remover y eliminar grasa,\u00a0alquitr\u00e1n y aceites.<\/li>\n<li>Punto de inflamaci\u00f3n: por encima de los 104\u00b0F(40\u00b0C).<\/li>\n<li>Seguro sobre metales y la mayor\u00eda de los\u00a0pl\u00e1sticos.<\/li>\n<li>Evaporaci\u00f3n controlada, penetraci\u00f3n r\u00e1pida y profunda<\/li>\n<li>Seguro para todos los metales y la mayor\u00eda de los pl\u00e1sticos<\/li>\n<li>Poco residuo<\/li>\n<\/ul>\n<p>[\/vc_column_text][\/vc_column][vc_column width=\u00bb1\/3&#8243;][vc_column_text woodmart_inline=\u00bbno\u00bb text_larger=\u00bbno\u00bb]<strong class=\"subtitulo_prod\">Aplicaciones<\/strong><\/p>\n<ul>\n<li>Compresores de aire<\/li>\n<li>Alternadores<\/li>\n<li>Cojinetes<\/li>\n<li>Cadenas y conexiones de cables<\/li>\n<li>Gr\u00faas<\/li>\n<li>Motores<\/li>\n<\/ul>\n<p>[\/vc_column_text][\/vc_column][vc_column width=\u00bb1\/3&#8243;][vc_column_text woodmart_inline=\u00bbno\u00bb text_larger=\u00bbno\u00bb]<strong class=\"subtitulo_prod\">Aplicaciones<\/strong><\/p>\n<ul>\n<li>Carretillas elevadoras<\/li>\n<li>Engranajes<\/li>\n<li>Equipamiento pesado<\/li>\n<li>Herramientas el\u00e9ctricas y neum\u00e1ticas<\/li>\n<li>Prensas de impresi\u00f3n<\/li>\n<li>Poleas<\/li>\n<\/ul>\n<p>[\/vc_column_text][\/vc_column][\/vc_row][vc_row][vc_column width=\u00bb1\/3&#8243;][vc_column_text woodmart_inline=\u00bbno\u00bb text_larger=\u00bbno\u00bb]<strong class=\"subtitulo_prod\">Certificaciones &amp; Especificaciones<\/strong><\/p>\n<ul>\n<li style=\"color: #862633;\"><a href=\"https:\/\/www.itwprobrands.com\/files\/product_specifications\/129025.pdf\" target=\"_blank\" rel=\"noopener\">Certificado NSF: C1 &#8211; Registro # 129025(Aerosol)<br \/>\n<\/a><\/li>\n<li style=\"color: #862633;\"><a href=\"https:\/\/www.itwprobrands.com\/files\/product_specifications\/059830.pdf\" target=\"_blank\" rel=\"noopener\">Certificado NSF: C1 &#8211; Registro # 059830(Granel)<br \/>\n<\/a><\/li>\n<li>Pratt &amp; Whitney Canada MMC 21530<\/li>\n<\/ul>\n<p>[\/vc_column_text][\/vc_column][vc_column width=\u00bb1\/3&#8243;][vc_column_text woodmart_inline=\u00bbno\u00bb text_larger=\u00bbno\u00bb]<strong class=\"subtitulo_prod\">Marca &amp; Fabricante<\/strong><\/p>\n<table class=\"table\">\n<tbody>\n<tr>\n<td>Marca<\/td>\n<td><strong><a href=\"https:\/\/tecnimport.com.pe\/web\/lps-probrands-itw-peru\/\" target=\"_blank\" rel=\"noopener\">LPS<\/a><\/strong><\/td>\n<\/tr>\n<tr>\n<td>Fabricante<\/td>\n<td><strong><a href=\"https:\/\/www.itwprobrands.com\/product\/presolve\" target=\"_blank\" rel=\"noopener\">ITW PROBRANDS<\/a><\/strong><\/td>\n<\/tr>\n<\/tbody>\n<\/table>\n<p>[\/vc_column_text][\/vc_column][vc_column width=\u00bb1\/3&#8243;][vc_column_text woodmart_inline=\u00bbno\u00bb text_larger=\u00bbno\u00bb]<strong class=\"subtitulo_prod\">Aplicaci\u00f3n<\/strong>[\/vc_column_text][vc_single_image image=\u00bb6188&#8243; img_size=\u00bblarge\u00bb parallax_scroll=\u00bbno\u00bb woodmart_inline=\u00bbno\u00bb][\/vc_column][\/vc_row][vc_row][vc_column][vc_column_text woodmart_inline=\u00bbno\u00bb text_larger=\u00bbno\u00bb]<strong class=\"subtitulo_prod\">Propiedades<\/strong><\/p>\n<table class=\"table\">\n<tbody>\n<tr>\n<td>Aspecto \/ Estado f\u00edsico<\/td>\n<td>Gas\/Aerosol &#8211; L\u00edquido\/A granel<\/td>\n<\/tr>\n<tr>\n<td>Olor<\/td>\n<td>Naranja<\/td>\n<\/tr>\n<tr>\n<td>Punto de fusi\u00f3n \/ punto de congelaci\u00f3n<\/td>\n<td>No establecido<\/td>\n<\/tr>\n<tr>\n<td>Punto de ebullici\u00f3n \/ rango<\/td>\n<td>&gt; 302 \u00b0F (&gt; 150 \u00b0C)<\/td>\n<\/tr>\n<tr>\n<td>Presi\u00f3n de vapor<\/td>\n<td>&lt; 5 mm Hg a 20 \u00b0C<\/td>\n<\/tr>\n<tr>\n<td>Coeficiente de partici\u00f3n<\/td>\n<td>&lt;1<\/td>\n<\/tr>\n<tr>\n<td>Porcentaje de vol\u00e1tiles<\/td>\n<td>1<\/td>\n<\/tr>\n<tr>\n<td>Inflamabilidad<\/td>\n<td>L\u00edmite de inflamabilidad &#8211; inferior (%) 0,7 %<\/td>\n<\/tr>\n<tr>\n<td>0<\/td>\n<td>L\u00edmite de inflamabilidad &#8211; superior (%) 6 %<\/td>\n<\/tr>\n<tr>\n<td>Propelente<\/td>\n<td>Gases de petr\u00f3leo, licuados<\/td>\n<\/tr>\n<tr>\n<td>Contenido de COV<\/td>\n<td>(Aerosol) 97,2 %, (A granel) 100 % seg\u00fan las Regulaciones de productos de consumo estatales y federales de EE. UU. CARB<\/td>\n<\/tr>\n<tr>\n<td>Color<\/td>\n<td>Blanco como el agua<\/td>\n<\/tr>\n<tr>\n<td>Punto de inflamaci\u00f3n<\/td>\n<td>104,0 \u00b0F (40,0 \u00b0C) Etiqueta Vaso cerrado (l\u00edquido dispensado)<\/td>\n<\/tr>\n<tr>\n<td>Densidad<\/td>\n<td>No disponible<\/td>\n<\/tr>\n<tr>\n<td>Tasa de evaporaci\u00f3n<\/td>\n<td>0,2 (BuAc = 1)<\/td>\n<\/tr>\n<tr>\n<td>Densidad de vapor<\/td>\n<td>&gt; 1 (aire = 1)<\/td>\n<\/tr>\n<tr>\n<td>Temperatura de autoignici\u00f3n<\/td>\n<td>&gt; 392 \u00b0F (&gt; 200 \u00b0C)<\/td>\n<\/tr>\n<tr>\n<td>Viscosidad<\/td>\n<td>&lt; 3 cSt<\/td>\n<\/tr>\n<tr>\n<td>Carga de soldadura de 4 bolas<\/td>\n<td>No corresponde<\/td>\n<\/tr>\n<\/tbody>\n<\/table>\n<p>[\/vc_column_text][\/vc_column][\/vc_row]<\/p>\n<\/div>","protected":false},"excerpt":{"rendered":"<h2 class=\"h2_subtitulo\"><i>SOLVENTE DESENGRASANTE DIEL\u00c9CTRICO OLOR NARANJA<\/i><\/h2>\n<p><strong>LPS PRESOLVE<\/strong> es un SOLVENTE DESENGRASANTE DIEL\u00c9CTRICO olor a naranja que limpia y soluciona los problemas de limpieza m\u00e1s dif\u00edciles.<\/p>\n","protected":false},"featured_media":6189,"template":"","meta":[],"product_brand":[232],"product_cat":[211],"product_tag":[1324,1325,1326,1323],"class_list":{"0":"post-2023","1":"product","2":"type-product","3":"status-publish","4":"has-post-thumbnail","6":"product_brand-lps","7":"product_cat-desengrasantes-solventes","8":"product_tag-desengrasante","9":"product_tag-dielectrico","10":"product_tag-fragancia-naranja","11":"product_tag-solvente","13":"first","14":"instock","15":"shipping-taxable","16":"purchasable","17":"product-type-variable"},"yoast_head":"<!-- This site is optimized with the Yoast SEO plugin v26.9 - https:\/\/yoast.com\/product\/yoast-seo-wordpress\/ -->\n<title>LPS PreSolve Orange Degreaser - TECNIMPORT S.A.<\/title>\n<meta name=\"description\" content=\"LPS PRESOLVE es un SOLVENTE DESENGRASANTE DIEL\u00c9CTRICO olor naranja que limpia y soluciona los problemas de limpieza m\u00e1s dif\u00edciles.\" \/>\n<meta name=\"robots\" content=\"index, follow, max-snippet:-1, max-image-preview:large, max-video-preview:-1\" \/>\n<link rel=\"canonical\" href=\"https:\/\/tecnimport.com.pe\/web\/productos\/lps\/desengrasantes-solventes\/lps-presolve-solvente-desengrasante-dielectrico\/\" \/>\n<meta property=\"og:locale\" content=\"es_ES\" \/>\n<meta property=\"og:type\" content=\"article\" \/>\n<meta property=\"og:title\" content=\"LPS PreSolve Orange Degreaser - TECNIMPORT S.A.\" \/>\n<meta property=\"og:description\" content=\"LPS PRESOLVE es un SOLVENTE DESENGRASANTE DIEL\u00c9CTRICO olor naranja que limpia y soluciona los problemas de limpieza m\u00e1s dif\u00edciles.\" \/>\n<meta property=\"og:url\" content=\"https:\/\/tecnimport.com.pe\/web\/productos\/lps\/desengrasantes-solventes\/lps-presolve-solvente-desengrasante-dielectrico\/\" \/>\n<meta property=\"og:site_name\" content=\"TECNIMPORT S.A.\" \/>\n<meta property=\"article:modified_time\" content=\"2025-03-14T14:30:49+00:00\" \/>\n<meta property=\"og:image\" content=\"https:\/\/tecnimport.com.pe\/web\/wp-content\/uploads\/2024\/08\/LPS-PRESOLVE-DESENGRASANTE-DIELECTRICO.gif\" \/>\n\t<meta property=\"og:image:width\" content=\"1000\" \/>\n\t<meta property=\"og:image:height\" content=\"1000\" \/>\n\t<meta property=\"og:image:type\" content=\"image\/gif\" \/>\n<meta name=\"twitter:card\" content=\"summary_large_image\" \/>\n<meta name=\"twitter:label1\" content=\"Disponibilidad\" \/>\n\t<meta name=\"twitter:data1\" content=\"Disponible\" \/>\n<script type=\"application\/ld+json\" class=\"yoast-schema-graph\">{\"@context\":\"https:\/\/schema.org\",\"@graph\":[{\"@type\":\"WebPage\",\"@id\":\"https:\/\/tecnimport.com.pe\/web\/productos\/lps\/desengrasantes-solventes\/lps-presolve-solvente-desengrasante-dielectrico\/\",\"url\":\"https:\/\/tecnimport.com.pe\/web\/productos\/lps\/desengrasantes-solventes\/lps-presolve-solvente-desengrasante-dielectrico\/\",\"name\":\"LPS PreSolve Orange Degreaser - TECNIMPORT S.A.\",\"isPartOf\":{\"@id\":\"https:\/\/tecnimport.com.pe\/web\/#website\"},\"primaryImageOfPage\":{\"@id\":\"https:\/\/tecnimport.com.pe\/web\/productos\/lps\/desengrasantes-solventes\/lps-presolve-solvente-desengrasante-dielectrico\/#primaryimage\"},\"image\":{\"@id\":\"https:\/\/tecnimport.com.pe\/web\/productos\/lps\/desengrasantes-solventes\/lps-presolve-solvente-desengrasante-dielectrico\/#primaryimage\"},\"thumbnailUrl\":\"https:\/\/tecnimport.com.pe\/web\/wp-content\/uploads\/2024\/08\/LPS-PRESOLVE-DESENGRASANTE-DIELECTRICO.gif\",\"datePublished\":\"2016-04-28T01:27:19+00:00\",\"dateModified\":\"2025-03-14T14:30:49+00:00\",\"description\":\"LPS PRESOLVE es un SOLVENTE DESENGRASANTE DIEL\u00c9CTRICO olor naranja que limpia y soluciona los problemas de limpieza m\u00e1s dif\u00edciles.\",\"breadcrumb\":{\"@id\":\"https:\/\/tecnimport.com.pe\/web\/productos\/lps\/desengrasantes-solventes\/lps-presolve-solvente-desengrasante-dielectrico\/#breadcrumb\"},\"inLanguage\":\"es\",\"potentialAction\":[{\"@type\":\"ReadAction\",\"target\":[\"https:\/\/tecnimport.com.pe\/web\/productos\/lps\/desengrasantes-solventes\/lps-presolve-solvente-desengrasante-dielectrico\/\"]}]},{\"@type\":\"ImageObject\",\"inLanguage\":\"es\",\"@id\":\"https:\/\/tecnimport.com.pe\/web\/productos\/lps\/desengrasantes-solventes\/lps-presolve-solvente-desengrasante-dielectrico\/#primaryimage\",\"url\":\"https:\/\/tecnimport.com.pe\/web\/wp-content\/uploads\/2024\/08\/LPS-PRESOLVE-DESENGRASANTE-DIELECTRICO.gif\",\"contentUrl\":\"https:\/\/tecnimport.com.pe\/web\/wp-content\/uploads\/2024\/08\/LPS-PRESOLVE-DESENGRASANTE-DIELECTRICO.gif\",\"width\":1000,\"height\":1000,\"caption\":\"LPS PRESOLVE SOLVENTE DESENGRASANTE DIEL\u00c9CTRICO OLOR NARANJA\"},{\"@type\":\"BreadcrumbList\",\"@id\":\"https:\/\/tecnimport.com.pe\/web\/productos\/lps\/desengrasantes-solventes\/lps-presolve-solvente-desengrasante-dielectrico\/#breadcrumb\",\"itemListElement\":[{\"@type\":\"ListItem\",\"position\":1,\"name\":\"Portada\",\"item\":\"https:\/\/tecnimport.com.pe\/web\/\"},{\"@type\":\"ListItem\",\"position\":2,\"name\":\"Productos\",\"item\":\"https:\/\/tecnimport.com.pe\/web\/productos-navigation\/\"},{\"@type\":\"ListItem\",\"position\":3,\"name\":\"LPS PreSolve Orange Degreaser\"}]},{\"@type\":\"WebSite\",\"@id\":\"https:\/\/tecnimport.com.pe\/web\/#website\",\"url\":\"https:\/\/tecnimport.com.pe\/web\/\",\"name\":\"TECNIMPORT S.A.\",\"description\":\"Representante de Devcon, LPS, Rocol y Procyon en el Per\u00fa\",\"publisher\":{\"@id\":\"https:\/\/tecnimport.com.pe\/web\/#organization\"},\"potentialAction\":[{\"@type\":\"SearchAction\",\"target\":{\"@type\":\"EntryPoint\",\"urlTemplate\":\"https:\/\/tecnimport.com.pe\/web\/?s={search_term_string}\"},\"query-input\":{\"@type\":\"PropertyValueSpecification\",\"valueRequired\":true,\"valueName\":\"search_term_string\"}}],\"inLanguage\":\"es\"},{\"@type\":\"Organization\",\"@id\":\"https:\/\/tecnimport.com.pe\/web\/#organization\",\"name\":\"Tecnimport S.A\",\"url\":\"https:\/\/tecnimport.com.pe\/web\/\",\"logo\":{\"@type\":\"ImageObject\",\"inLanguage\":\"es\",\"@id\":\"https:\/\/tecnimport.com.pe\/web\/#\/schema\/logo\/image\/\",\"url\":\"https:\/\/tecnimport.com.pe\/web\/wp-content\/uploads\/2020\/03\/logo_tecnimport.png\",\"contentUrl\":\"https:\/\/tecnimport.com.pe\/web\/wp-content\/uploads\/2020\/03\/logo_tecnimport.png\",\"width\":367,\"height\":49,\"caption\":\"Tecnimport S.A\"},\"image\":{\"@id\":\"https:\/\/tecnimport.com.pe\/web\/#\/schema\/logo\/image\/\"}}]}<\/script>\n<meta property=\"og:availability\" content=\"instock\" \/>\n<meta property=\"product:availability\" content=\"instock\" \/>\n<meta property=\"product:condition\" content=\"new\" \/>\n<!-- \/ Yoast SEO plugin. -->","yoast_head_json":{"title":"LPS PreSolve Orange Degreaser - TECNIMPORT S.A.","description":"LPS PRESOLVE es un SOLVENTE DESENGRASANTE DIEL\u00c9CTRICO olor naranja que limpia y soluciona los problemas de limpieza m\u00e1s dif\u00edciles.","robots":{"index":"index","follow":"follow","max-snippet":"max-snippet:-1","max-image-preview":"max-image-preview:large","max-video-preview":"max-video-preview:-1"},"canonical":"https:\/\/tecnimport.com.pe\/web\/productos\/lps\/desengrasantes-solventes\/lps-presolve-solvente-desengrasante-dielectrico\/","og_locale":"es_ES","og_type":"article","og_title":"LPS PreSolve Orange Degreaser - TECNIMPORT S.A.","og_description":"LPS PRESOLVE es un SOLVENTE DESENGRASANTE DIEL\u00c9CTRICO olor naranja que limpia y soluciona los problemas de limpieza m\u00e1s dif\u00edciles.","og_url":"https:\/\/tecnimport.com.pe\/web\/productos\/lps\/desengrasantes-solventes\/lps-presolve-solvente-desengrasante-dielectrico\/","og_site_name":"TECNIMPORT S.A.","article_modified_time":"2025-03-14T14:30:49+00:00","og_image":[{"width":1000,"height":1000,"url":"https:\/\/tecnimport.com.pe\/web\/wp-content\/uploads\/2024\/08\/LPS-PRESOLVE-DESENGRASANTE-DIELECTRICO.gif","type":"image\/gif"}],"twitter_card":"summary_large_image","twitter_misc":{"Disponibilidad":"Disponible"},"schema":{"@context":"https:\/\/schema.org","@graph":[{"@type":"WebPage","@id":"https:\/\/tecnimport.com.pe\/web\/productos\/lps\/desengrasantes-solventes\/lps-presolve-solvente-desengrasante-dielectrico\/","url":"https:\/\/tecnimport.com.pe\/web\/productos\/lps\/desengrasantes-solventes\/lps-presolve-solvente-desengrasante-dielectrico\/","name":"LPS PreSolve Orange Degreaser - TECNIMPORT S.A.","isPartOf":{"@id":"https:\/\/tecnimport.com.pe\/web\/#website"},"primaryImageOfPage":{"@id":"https:\/\/tecnimport.com.pe\/web\/productos\/lps\/desengrasantes-solventes\/lps-presolve-solvente-desengrasante-dielectrico\/#primaryimage"},"image":{"@id":"https:\/\/tecnimport.com.pe\/web\/productos\/lps\/desengrasantes-solventes\/lps-presolve-solvente-desengrasante-dielectrico\/#primaryimage"},"thumbnailUrl":"https:\/\/tecnimport.com.pe\/web\/wp-content\/uploads\/2024\/08\/LPS-PRESOLVE-DESENGRASANTE-DIELECTRICO.gif","datePublished":"2016-04-28T01:27:19+00:00","dateModified":"2025-03-14T14:30:49+00:00","description":"LPS PRESOLVE es un SOLVENTE DESENGRASANTE DIEL\u00c9CTRICO olor naranja que limpia y soluciona los problemas de limpieza m\u00e1s dif\u00edciles.","breadcrumb":{"@id":"https:\/\/tecnimport.com.pe\/web\/productos\/lps\/desengrasantes-solventes\/lps-presolve-solvente-desengrasante-dielectrico\/#breadcrumb"},"inLanguage":"es","potentialAction":[{"@type":"ReadAction","target":["https:\/\/tecnimport.com.pe\/web\/productos\/lps\/desengrasantes-solventes\/lps-presolve-solvente-desengrasante-dielectrico\/"]}]},{"@type":"ImageObject","inLanguage":"es","@id":"https:\/\/tecnimport.com.pe\/web\/productos\/lps\/desengrasantes-solventes\/lps-presolve-solvente-desengrasante-dielectrico\/#primaryimage","url":"https:\/\/tecnimport.com.pe\/web\/wp-content\/uploads\/2024\/08\/LPS-PRESOLVE-DESENGRASANTE-DIELECTRICO.gif","contentUrl":"https:\/\/tecnimport.com.pe\/web\/wp-content\/uploads\/2024\/08\/LPS-PRESOLVE-DESENGRASANTE-DIELECTRICO.gif","width":1000,"height":1000,"caption":"LPS PRESOLVE SOLVENTE DESENGRASANTE DIEL\u00c9CTRICO OLOR NARANJA"},{"@type":"BreadcrumbList","@id":"https:\/\/tecnimport.com.pe\/web\/productos\/lps\/desengrasantes-solventes\/lps-presolve-solvente-desengrasante-dielectrico\/#breadcrumb","itemListElement":[{"@type":"ListItem","position":1,"name":"Portada","item":"https:\/\/tecnimport.com.pe\/web\/"},{"@type":"ListItem","position":2,"name":"Productos","item":"https:\/\/tecnimport.com.pe\/web\/productos-navigation\/"},{"@type":"ListItem","position":3,"name":"LPS PreSolve Orange Degreaser"}]},{"@type":"WebSite","@id":"https:\/\/tecnimport.com.pe\/web\/#website","url":"https:\/\/tecnimport.com.pe\/web\/","name":"TECNIMPORT S.A.","description":"Representante de Devcon, LPS, Rocol y Procyon en el Per\u00fa","publisher":{"@id":"https:\/\/tecnimport.com.pe\/web\/#organization"},"potentialAction":[{"@type":"SearchAction","target":{"@type":"EntryPoint","urlTemplate":"https:\/\/tecnimport.com.pe\/web\/?s={search_term_string}"},"query-input":{"@type":"PropertyValueSpecification","valueRequired":true,"valueName":"search_term_string"}}],"inLanguage":"es"},{"@type":"Organization","@id":"https:\/\/tecnimport.com.pe\/web\/#organization","name":"Tecnimport S.A","url":"https:\/\/tecnimport.com.pe\/web\/","logo":{"@type":"ImageObject","inLanguage":"es","@id":"https:\/\/tecnimport.com.pe\/web\/#\/schema\/logo\/image\/","url":"https:\/\/tecnimport.com.pe\/web\/wp-content\/uploads\/2020\/03\/logo_tecnimport.png","contentUrl":"https:\/\/tecnimport.com.pe\/web\/wp-content\/uploads\/2020\/03\/logo_tecnimport.png","width":367,"height":49,"caption":"Tecnimport S.A"},"image":{"@id":"https:\/\/tecnimport.com.pe\/web\/#\/schema\/logo\/image\/"}}]},"og_availability":"instock","product_availability":"instock","product_condition":"new"},"_links":{"self":[{"href":"https:\/\/tecnimport.com.pe\/web\/wp-json\/wp\/v2\/product\/2023","targetHints":{"allow":["GET"]}}],"collection":[{"href":"https:\/\/tecnimport.com.pe\/web\/wp-json\/wp\/v2\/product"}],"about":[{"href":"https:\/\/tecnimport.com.pe\/web\/wp-json\/wp\/v2\/types\/product"}],"wp:featuredmedia":[{"embeddable":true,"href":"https:\/\/tecnimport.com.pe\/web\/wp-json\/wp\/v2\/media\/6189"}],"wp:attachment":[{"href":"https:\/\/tecnimport.com.pe\/web\/wp-json\/wp\/v2\/media?parent=2023"}],"wp:term":[{"taxonomy":"product_brand","embeddable":true,"href":"https:\/\/tecnimport.com.pe\/web\/wp-json\/wp\/v2\/product_brand?post=2023"},{"taxonomy":"product_cat","embeddable":true,"href":"https:\/\/tecnimport.com.pe\/web\/wp-json\/wp\/v2\/product_cat?post=2023"},{"taxonomy":"product_tag","embeddable":true,"href":"https:\/\/tecnimport.com.pe\/web\/wp-json\/wp\/v2\/product_tag?post=2023"}],"curies":[{"name":"wp","href":"https:\/\/api.w.org\/{rel}","templated":true}]}}