{"id":2008,"date":"2016-04-26T22:58:08","date_gmt":"2016-04-27T03:58:08","guid":{"rendered":"http:\/\/tecnimport.com.pe\/web\/?post_type=product&#038;p=2008"},"modified":"2025-03-14T09:33:35","modified_gmt":"2025-03-14T14:33:35","slug":"no-flash-2-0-limpia-contacto-no-inflamable","status":"publish","type":"product","link":"https:\/\/tecnimport.com.pe\/web\/productos\/lps\/limpia-contactos\/no-flash-2-0-limpia-contacto-no-inflamable\/","title":{"rendered":"LPS NOFLASH 2.0 Limpia Contacto No Inflamable"},"content":{"rendered":"<div class=\"wpb-content-wrapper\"><p>[vc_row][vc_column][vc_row_inner][vc_column_inner][vc_column_text woodmart_inline=\u00bbno\u00bb text_larger=\u00bbno\u00bb]<strong class=\"subtitulo_prod\">Presentaci\u00f3n &amp; Fichas<\/strong><\/p>\n<div class=\"table-container\">\n<table class=\"responsive-table\">\n<thead>\n<tr>\n<th style=\"text-align: center;\">N\u00ba de Parte<\/th>\n<th style=\"text-align: center;\">Capacidad<\/th>\n<th style=\"text-align: center;\">Envase<\/th>\n<th style=\"text-align: center;\"><i class=\"fas fa-download\"><\/i> TDS<\/th>\n<\/tr>\n<\/thead>\n<tbody>\n<tr>\n<td style=\"text-align: center;\">97416<\/td>\n<td style=\"text-align: center;\">12 wt oz \/ 340 g \/ 268 mL<\/td>\n<td style=\"text-align: center;\">Aerosol<\/td>\n<td style=\"text-align: center;\"><a href=\"https:\/\/tecnimport.com.pe\/web\/wp-content\/uploads\/2024\/08\/LPSMAXNoFlash20-Non-FlammableContactCleaner.pdf\" target=\"_blank\" rel=\"noopener\"><i class=\"fas fa-download\"><\/i><\/a><\/td>\n<\/tr>\n<\/tbody>\n<\/table>\n<\/div>\n<p>[\/vc_column_text][\/vc_column_inner][\/vc_row_inner][\/vc_column][\/vc_row][vc_row][vc_column width=\u00bb1\/3&#8243;][vc_column_text woodmart_inline=\u00bbno\u00bb text_larger=\u00bbno\u00bb]<strong class=\"subtitulo_prod\">Otras Caracter\u00edsticas<\/strong><\/p>\n<ul>\n<li>Limpia contactos el\u00e9ctricos y electr\u00f3nicos en<br \/>\nlugares donde la inflamabilidad es un peligro.<\/li>\n<li>R\u00e1pida penetraci\u00f3n, sin olor.<\/li>\n<li>F\u00f3rmula no inflamable con bajo contenido de VOC.<\/li>\n<li>R\u00e1pida evaporaci\u00f3n.<\/li>\n<li>Limpia contactos energizados.<\/li>\n<li>Seguro para usar sobre la mayor\u00eda de las<br \/>\nsuperficies.<\/li>\n<li>Puede da\u00f1ar algunos pl\u00e1sticos.<\/li>\n<li>Poder de limpieza con solvente de alta resistencia.<\/li>\n<li>No contiene solventes bromados agresivos.<\/li>\n<li>No deja residuos.<\/li>\n<li>La boquilla permite una aplicaci\u00f3n con trazo amplio o dirigido.<\/li>\n<li>Lata contorneada para un mejor agarre con la mano.<\/li>\n<\/ul>\n<p>[\/vc_column_text][\/vc_column][vc_column width=\u00bb1\/3&#8243;][vc_column_text woodmart_inline=\u00bbno\u00bb text_larger=\u00bbno\u00bb]<strong class=\"subtitulo_prod\">Aplicaciones<\/strong><\/p>\n<ul>\n<li>Contactos<\/li>\n<li>Controles<\/li>\n<li>Sensores<\/li>\n<li>Instrumentaci\u00f3n<\/li>\n<li>Medidores<\/li>\n<\/ul>\n<p>[\/vc_column_text][\/vc_column][vc_column width=\u00bb1\/3&#8243;][vc_column_text woodmart_inline=\u00bbno\u00bb text_larger=\u00bbno\u00bb]<strong class=\"subtitulo_prod\">Aplicaci\u00f3n<\/strong>[\/vc_column_text][vc_single_image image=\u00bb6180&#8243; img_size=\u00bblarge\u00bb parallax_scroll=\u00bbno\u00bb woodmart_inline=\u00bbno\u00bb][\/vc_column][\/vc_row][vc_row][vc_column width=\u00bb1\/3&#8243;][vc_column_text woodmart_inline=\u00bbno\u00bb text_larger=\u00bbno\u00bb]<strong class=\"subtitulo_prod\">Certificaciones &amp; Especificaciones<\/strong><\/p>\n<ul>\n<li style=\"color: #862633;\"><a href=\"https:\/\/info.nsf.org\/usda\/letters\/151504.pdf\" target=\"_blank\" rel=\"noopener\">Certificado NSF: K2 &#8211; Registro # 151504(Aerosol)<\/a><\/li>\n<\/ul>\n<p>[\/vc_column_text][\/vc_column][vc_column width=\u00bb1\/3&#8243;][vc_column_text woodmart_inline=\u00bbno\u00bb text_larger=\u00bbno\u00bb]<strong class=\"subtitulo_prod\">Marca &amp; Fabricante<\/strong><\/p>\n<table class=\"table\">\n<tbody>\n<tr>\n<td>Marca<\/td>\n<td><strong><a href=\"https:\/\/tecnimport.com.pe\/web\/lps-probrands-itw-peru\/\" target=\"_blank\" rel=\"noopener\">LPS<\/a><\/strong><\/td>\n<\/tr>\n<tr>\n<td>Fabricante<\/td>\n<td><strong><a href=\"https:\/\/www.itwprobrands.com\/product\/max-noflash-2\" target=\"_blank\" rel=\"noopener\">ITW PROBRANDS<\/a><\/strong><\/td>\n<\/tr>\n<\/tbody>\n<\/table>\n<p>[\/vc_column_text][\/vc_column][vc_column width=\u00bb1\/3&#8243;][\/vc_column][\/vc_row][vc_row][vc_column][vc_column_text woodmart_inline=\u00bbno\u00bb text_larger=\u00bbno\u00bb]<strong class=\"subtitulo_prod\">Propiedades<\/strong><\/p>\n<table class=\"table\">\n<tbody>\n<tr>\n<td>Aspecto \/ Estado f\u00edsico<\/td>\n<td>Gas<\/td>\n<\/tr>\n<tr>\n<td>Color<\/td>\n<td>Transparente<\/td>\n<\/tr>\n<tr>\n<td>Olor<\/td>\n<td>Similar al \u00e9ter.<\/td>\n<\/tr>\n<tr>\n<td>Punto de ebullici\u00f3n \/ Rango<\/td>\n<td>&lt; 131 \u00b0F (&lt; 55 \u00b0C)<\/td>\n<\/tr>\n<tr>\n<td>Punto de inflamaci\u00f3n<\/td>\n<td>Ninguno<\/td>\n<\/tr>\n<tr>\n<td>Solubilidad en agua<\/td>\n<td>Leve.<\/td>\n<\/tr>\n<tr>\n<td>Densidad<\/td>\n<td>11.06<\/td>\n<\/tr>\n<tr>\n<td>Gravedad espec\u00edfica<\/td>\n<td>1.33<\/td>\n<\/tr>\n<tr>\n<td>Contenido de COV<\/td>\n<td>0.74<\/td>\n<\/tr>\n<tr>\n<td>Valor KB<\/td>\n<td>84<\/td>\n<\/tr>\n<tr>\n<td>Propelente<\/td>\n<td>HFO-1234ze, di\u00f3xido de carbono<\/td>\n<\/tr>\n<tr>\n<td>Rigidez diel\u00e9ctrica<\/td>\n<td>43,1 kV<\/td>\n<\/tr>\n<\/tbody>\n<\/table>\n<p>[\/vc_column_text][\/vc_column][\/vc_row]<\/p>\n<\/div>","protected":false},"excerpt":{"rendered":"<h2 class=\"h2_subtitulo\"><i>LIMPIA CONTACTO NO INFLAMABLE<\/i><\/h2>\n<p>limpia contactos no inflamable y de uso industrial, est\u00e1 formulado teniendo en cuenta la seguridad de los trabajadores. La f\u00f3rmula de r\u00e1pida evaporaci\u00f3n no contiene solventes bromados, lo que mejora la salud y la seguridad. Al no dejar residuos, no es necesario enjuagar ni limpiar para continuar con el proyecto.<\/p>\n","protected":false},"featured_media":6181,"template":"","meta":[],"product_brand":[232],"product_cat":[205,635],"product_tag":[1327,1319],"class_list":{"0":"post-2008","1":"product","2":"type-product","3":"status-publish","4":"has-post-thumbnail","6":"product_brand-lps","7":"product_cat-lps","8":"product_cat-limpia-contactos","9":"product_tag-limpia-contacto-electrico","10":"product_tag-no-inflamable","12":"first","13":"instock","14":"shipping-taxable","15":"purchasable","16":"product-type-simple"},"yoast_head":"<!-- This site is optimized with the Yoast SEO plugin v26.9 - https:\/\/yoast.com\/product\/yoast-seo-wordpress\/ -->\n<title>LPS NOFLASH 2.0 Limpia Contacto No Inflamable - TECNIMPORT S.A.<\/title>\n<meta name=\"description\" content=\"NO FLASH 2.0 es un LIMPIA CONTACTO NO INFLAMABLE penetra, limpia y desengrasa partes el\u00e9ctricas y electr\u00f3nicas de r\u00e1pida evaporaci\u00f3n sin dejar residuos.\" \/>\n<meta name=\"robots\" content=\"index, follow, max-snippet:-1, max-image-preview:large, max-video-preview:-1\" \/>\n<link rel=\"canonical\" href=\"https:\/\/tecnimport.com.pe\/web\/productos\/lps\/limpia-contactos\/no-flash-2-0-limpia-contacto-no-inflamable\/\" \/>\n<meta property=\"og:locale\" content=\"es_ES\" \/>\n<meta property=\"og:type\" content=\"article\" \/>\n<meta property=\"og:title\" content=\"LPS NOFLASH 2.0 Limpia Contacto No Inflamable - TECNIMPORT S.A.\" \/>\n<meta property=\"og:description\" content=\"NO FLASH 2.0 es un LIMPIA CONTACTO NO INFLAMABLE penetra, limpia y desengrasa partes el\u00e9ctricas y electr\u00f3nicas de r\u00e1pida evaporaci\u00f3n sin dejar residuos.\" \/>\n<meta property=\"og:url\" content=\"https:\/\/tecnimport.com.pe\/web\/productos\/lps\/limpia-contactos\/no-flash-2-0-limpia-contacto-no-inflamable\/\" \/>\n<meta property=\"og:site_name\" content=\"TECNIMPORT S.A.\" \/>\n<meta property=\"article:modified_time\" content=\"2025-03-14T14:33:35+00:00\" \/>\n<meta property=\"og:image\" content=\"https:\/\/tecnimport.com.pe\/web\/wp-content\/uploads\/2016\/04\/LPS-NO-FLASH-2.0-TECNIMPORT-LIMPIA-CONTACTO-NO-INFLAMABLE.gif\" \/>\n\t<meta property=\"og:image:width\" content=\"1000\" \/>\n\t<meta property=\"og:image:height\" content=\"1000\" \/>\n\t<meta property=\"og:image:type\" content=\"image\/gif\" \/>\n<meta name=\"twitter:card\" content=\"summary_large_image\" \/>\n<meta name=\"twitter:label1\" content=\"Precio\" \/>\n\t<meta name=\"twitter:data1\" content=\"&#036;1.00\" \/>\n\t<meta name=\"twitter:label2\" content=\"Disponibilidad\" \/>\n\t<meta name=\"twitter:data2\" content=\"Disponible\" \/>\n<script type=\"application\/ld+json\" class=\"yoast-schema-graph\">{\"@context\":\"https:\/\/schema.org\",\"@graph\":[{\"@type\":\"WebPage\",\"@id\":\"https:\/\/tecnimport.com.pe\/web\/productos\/lps\/limpia-contactos\/no-flash-2-0-limpia-contacto-no-inflamable\/\",\"url\":\"https:\/\/tecnimport.com.pe\/web\/productos\/lps\/limpia-contactos\/no-flash-2-0-limpia-contacto-no-inflamable\/\",\"name\":\"LPS NOFLASH 2.0 Limpia Contacto No Inflamable - TECNIMPORT S.A.\",\"isPartOf\":{\"@id\":\"https:\/\/tecnimport.com.pe\/web\/#website\"},\"primaryImageOfPage\":{\"@id\":\"https:\/\/tecnimport.com.pe\/web\/productos\/lps\/limpia-contactos\/no-flash-2-0-limpia-contacto-no-inflamable\/#primaryimage\"},\"image\":{\"@id\":\"https:\/\/tecnimport.com.pe\/web\/productos\/lps\/limpia-contactos\/no-flash-2-0-limpia-contacto-no-inflamable\/#primaryimage\"},\"thumbnailUrl\":\"https:\/\/tecnimport.com.pe\/web\/wp-content\/uploads\/2016\/04\/LPS-NO-FLASH-2.0-TECNIMPORT-LIMPIA-CONTACTO-NO-INFLAMABLE.gif\",\"datePublished\":\"2016-04-27T03:58:08+00:00\",\"dateModified\":\"2025-03-14T14:33:35+00:00\",\"description\":\"NO FLASH 2.0 es un LIMPIA CONTACTO NO INFLAMABLE penetra, limpia y desengrasa partes el\u00e9ctricas y electr\u00f3nicas de r\u00e1pida evaporaci\u00f3n sin dejar residuos.\",\"breadcrumb\":{\"@id\":\"https:\/\/tecnimport.com.pe\/web\/productos\/lps\/limpia-contactos\/no-flash-2-0-limpia-contacto-no-inflamable\/#breadcrumb\"},\"inLanguage\":\"es\",\"potentialAction\":[{\"@type\":\"ReadAction\",\"target\":[\"https:\/\/tecnimport.com.pe\/web\/productos\/lps\/limpia-contactos\/no-flash-2-0-limpia-contacto-no-inflamable\/\"]}]},{\"@type\":\"ImageObject\",\"inLanguage\":\"es\",\"@id\":\"https:\/\/tecnimport.com.pe\/web\/productos\/lps\/limpia-contactos\/no-flash-2-0-limpia-contacto-no-inflamable\/#primaryimage\",\"url\":\"https:\/\/tecnimport.com.pe\/web\/wp-content\/uploads\/2016\/04\/LPS-NO-FLASH-2.0-TECNIMPORT-LIMPIA-CONTACTO-NO-INFLAMABLE.gif\",\"contentUrl\":\"https:\/\/tecnimport.com.pe\/web\/wp-content\/uploads\/2016\/04\/LPS-NO-FLASH-2.0-TECNIMPORT-LIMPIA-CONTACTO-NO-INFLAMABLE.gif\",\"width\":1000,\"height\":1000,\"caption\":\"LPS NO FLASH 2.0 LIMPIA CONTACTO NO INFLAMABLE\"},{\"@type\":\"BreadcrumbList\",\"@id\":\"https:\/\/tecnimport.com.pe\/web\/productos\/lps\/limpia-contactos\/no-flash-2-0-limpia-contacto-no-inflamable\/#breadcrumb\",\"itemListElement\":[{\"@type\":\"ListItem\",\"position\":1,\"name\":\"Portada\",\"item\":\"https:\/\/tecnimport.com.pe\/web\/\"},{\"@type\":\"ListItem\",\"position\":2,\"name\":\"Productos\",\"item\":\"https:\/\/tecnimport.com.pe\/web\/productos-navigation\/\"},{\"@type\":\"ListItem\",\"position\":3,\"name\":\"LPS NOFLASH 2.0 Limpia Contacto No Inflamable\"}]},{\"@type\":\"WebSite\",\"@id\":\"https:\/\/tecnimport.com.pe\/web\/#website\",\"url\":\"https:\/\/tecnimport.com.pe\/web\/\",\"name\":\"TECNIMPORT S.A.\",\"description\":\"Representante de Devcon, LPS, Rocol y Procyon en el Per\u00fa\",\"publisher\":{\"@id\":\"https:\/\/tecnimport.com.pe\/web\/#organization\"},\"potentialAction\":[{\"@type\":\"SearchAction\",\"target\":{\"@type\":\"EntryPoint\",\"urlTemplate\":\"https:\/\/tecnimport.com.pe\/web\/?s={search_term_string}\"},\"query-input\":{\"@type\":\"PropertyValueSpecification\",\"valueRequired\":true,\"valueName\":\"search_term_string\"}}],\"inLanguage\":\"es\"},{\"@type\":\"Organization\",\"@id\":\"https:\/\/tecnimport.com.pe\/web\/#organization\",\"name\":\"Tecnimport S.A\",\"url\":\"https:\/\/tecnimport.com.pe\/web\/\",\"logo\":{\"@type\":\"ImageObject\",\"inLanguage\":\"es\",\"@id\":\"https:\/\/tecnimport.com.pe\/web\/#\/schema\/logo\/image\/\",\"url\":\"https:\/\/tecnimport.com.pe\/web\/wp-content\/uploads\/2020\/03\/logo_tecnimport.png\",\"contentUrl\":\"https:\/\/tecnimport.com.pe\/web\/wp-content\/uploads\/2020\/03\/logo_tecnimport.png\",\"width\":367,\"height\":49,\"caption\":\"Tecnimport S.A\"},\"image\":{\"@id\":\"https:\/\/tecnimport.com.pe\/web\/#\/schema\/logo\/image\/\"}}]}<\/script>\n<meta property=\"product:price:amount\" content=\"1.00\" \/>\n<meta property=\"product:price:currency\" content=\"USD\" \/>\n<meta property=\"og:availability\" content=\"instock\" \/>\n<meta property=\"product:availability\" content=\"instock\" \/>\n<meta property=\"product:retailer_item_id\" content=\"LPS97417\" \/>\n<meta property=\"product:condition\" content=\"new\" \/>\n<!-- \/ Yoast SEO plugin. -->","yoast_head_json":{"title":"LPS NOFLASH 2.0 Limpia Contacto No Inflamable - TECNIMPORT S.A.","description":"NO FLASH 2.0 es un LIMPIA CONTACTO NO INFLAMABLE penetra, limpia y desengrasa partes el\u00e9ctricas y electr\u00f3nicas de r\u00e1pida evaporaci\u00f3n sin dejar residuos.","robots":{"index":"index","follow":"follow","max-snippet":"max-snippet:-1","max-image-preview":"max-image-preview:large","max-video-preview":"max-video-preview:-1"},"canonical":"https:\/\/tecnimport.com.pe\/web\/productos\/lps\/limpia-contactos\/no-flash-2-0-limpia-contacto-no-inflamable\/","og_locale":"es_ES","og_type":"article","og_title":"LPS NOFLASH 2.0 Limpia Contacto No Inflamable - TECNIMPORT S.A.","og_description":"NO FLASH 2.0 es un LIMPIA CONTACTO NO INFLAMABLE penetra, limpia y desengrasa partes el\u00e9ctricas y electr\u00f3nicas de r\u00e1pida evaporaci\u00f3n sin dejar residuos.","og_url":"https:\/\/tecnimport.com.pe\/web\/productos\/lps\/limpia-contactos\/no-flash-2-0-limpia-contacto-no-inflamable\/","og_site_name":"TECNIMPORT S.A.","article_modified_time":"2025-03-14T14:33:35+00:00","og_image":[{"width":1000,"height":1000,"url":"https:\/\/tecnimport.com.pe\/web\/wp-content\/uploads\/2016\/04\/LPS-NO-FLASH-2.0-TECNIMPORT-LIMPIA-CONTACTO-NO-INFLAMABLE.gif","type":"image\/gif"}],"twitter_card":"summary_large_image","twitter_misc":{"Precio":"&#36;1.00","Disponibilidad":"Disponible"},"schema":{"@context":"https:\/\/schema.org","@graph":[{"@type":"WebPage","@id":"https:\/\/tecnimport.com.pe\/web\/productos\/lps\/limpia-contactos\/no-flash-2-0-limpia-contacto-no-inflamable\/","url":"https:\/\/tecnimport.com.pe\/web\/productos\/lps\/limpia-contactos\/no-flash-2-0-limpia-contacto-no-inflamable\/","name":"LPS NOFLASH 2.0 Limpia Contacto No Inflamable - TECNIMPORT S.A.","isPartOf":{"@id":"https:\/\/tecnimport.com.pe\/web\/#website"},"primaryImageOfPage":{"@id":"https:\/\/tecnimport.com.pe\/web\/productos\/lps\/limpia-contactos\/no-flash-2-0-limpia-contacto-no-inflamable\/#primaryimage"},"image":{"@id":"https:\/\/tecnimport.com.pe\/web\/productos\/lps\/limpia-contactos\/no-flash-2-0-limpia-contacto-no-inflamable\/#primaryimage"},"thumbnailUrl":"https:\/\/tecnimport.com.pe\/web\/wp-content\/uploads\/2016\/04\/LPS-NO-FLASH-2.0-TECNIMPORT-LIMPIA-CONTACTO-NO-INFLAMABLE.gif","datePublished":"2016-04-27T03:58:08+00:00","dateModified":"2025-03-14T14:33:35+00:00","description":"NO FLASH 2.0 es un LIMPIA CONTACTO NO INFLAMABLE penetra, limpia y desengrasa partes el\u00e9ctricas y electr\u00f3nicas de r\u00e1pida evaporaci\u00f3n sin dejar residuos.","breadcrumb":{"@id":"https:\/\/tecnimport.com.pe\/web\/productos\/lps\/limpia-contactos\/no-flash-2-0-limpia-contacto-no-inflamable\/#breadcrumb"},"inLanguage":"es","potentialAction":[{"@type":"ReadAction","target":["https:\/\/tecnimport.com.pe\/web\/productos\/lps\/limpia-contactos\/no-flash-2-0-limpia-contacto-no-inflamable\/"]}]},{"@type":"ImageObject","inLanguage":"es","@id":"https:\/\/tecnimport.com.pe\/web\/productos\/lps\/limpia-contactos\/no-flash-2-0-limpia-contacto-no-inflamable\/#primaryimage","url":"https:\/\/tecnimport.com.pe\/web\/wp-content\/uploads\/2016\/04\/LPS-NO-FLASH-2.0-TECNIMPORT-LIMPIA-CONTACTO-NO-INFLAMABLE.gif","contentUrl":"https:\/\/tecnimport.com.pe\/web\/wp-content\/uploads\/2016\/04\/LPS-NO-FLASH-2.0-TECNIMPORT-LIMPIA-CONTACTO-NO-INFLAMABLE.gif","width":1000,"height":1000,"caption":"LPS NO FLASH 2.0 LIMPIA CONTACTO NO INFLAMABLE"},{"@type":"BreadcrumbList","@id":"https:\/\/tecnimport.com.pe\/web\/productos\/lps\/limpia-contactos\/no-flash-2-0-limpia-contacto-no-inflamable\/#breadcrumb","itemListElement":[{"@type":"ListItem","position":1,"name":"Portada","item":"https:\/\/tecnimport.com.pe\/web\/"},{"@type":"ListItem","position":2,"name":"Productos","item":"https:\/\/tecnimport.com.pe\/web\/productos-navigation\/"},{"@type":"ListItem","position":3,"name":"LPS NOFLASH 2.0 Limpia Contacto No Inflamable"}]},{"@type":"WebSite","@id":"https:\/\/tecnimport.com.pe\/web\/#website","url":"https:\/\/tecnimport.com.pe\/web\/","name":"TECNIMPORT S.A.","description":"Representante de Devcon, LPS, Rocol y Procyon en el Per\u00fa","publisher":{"@id":"https:\/\/tecnimport.com.pe\/web\/#organization"},"potentialAction":[{"@type":"SearchAction","target":{"@type":"EntryPoint","urlTemplate":"https:\/\/tecnimport.com.pe\/web\/?s={search_term_string}"},"query-input":{"@type":"PropertyValueSpecification","valueRequired":true,"valueName":"search_term_string"}}],"inLanguage":"es"},{"@type":"Organization","@id":"https:\/\/tecnimport.com.pe\/web\/#organization","name":"Tecnimport S.A","url":"https:\/\/tecnimport.com.pe\/web\/","logo":{"@type":"ImageObject","inLanguage":"es","@id":"https:\/\/tecnimport.com.pe\/web\/#\/schema\/logo\/image\/","url":"https:\/\/tecnimport.com.pe\/web\/wp-content\/uploads\/2020\/03\/logo_tecnimport.png","contentUrl":"https:\/\/tecnimport.com.pe\/web\/wp-content\/uploads\/2020\/03\/logo_tecnimport.png","width":367,"height":49,"caption":"Tecnimport S.A"},"image":{"@id":"https:\/\/tecnimport.com.pe\/web\/#\/schema\/logo\/image\/"}}]},"product_price_amount":"1.00","product_price_currency":"USD","og_availability":"instock","product_availability":"instock","product_retailer_item_id":"LPS97417","product_condition":"new"},"_links":{"self":[{"href":"https:\/\/tecnimport.com.pe\/web\/wp-json\/wp\/v2\/product\/2008","targetHints":{"allow":["GET"]}}],"collection":[{"href":"https:\/\/tecnimport.com.pe\/web\/wp-json\/wp\/v2\/product"}],"about":[{"href":"https:\/\/tecnimport.com.pe\/web\/wp-json\/wp\/v2\/types\/product"}],"wp:featuredmedia":[{"embeddable":true,"href":"https:\/\/tecnimport.com.pe\/web\/wp-json\/wp\/v2\/media\/6181"}],"wp:attachment":[{"href":"https:\/\/tecnimport.com.pe\/web\/wp-json\/wp\/v2\/media?parent=2008"}],"wp:term":[{"taxonomy":"product_brand","embeddable":true,"href":"https:\/\/tecnimport.com.pe\/web\/wp-json\/wp\/v2\/product_brand?post=2008"},{"taxonomy":"product_cat","embeddable":true,"href":"https:\/\/tecnimport.com.pe\/web\/wp-json\/wp\/v2\/product_cat?post=2008"},{"taxonomy":"product_tag","embeddable":true,"href":"https:\/\/tecnimport.com.pe\/web\/wp-json\/wp\/v2\/product_tag?post=2008"}],"curies":[{"name":"wp","href":"https:\/\/api.w.org\/{rel}","templated":true}]}}