{"id":1976,"date":"2016-04-13T18:18:04","date_gmt":"2016-04-13T23:18:04","guid":{"rendered":"http:\/\/tecnimport.com.pe\/web\/?page_id=1976"},"modified":"2024-03-26T10:23:14","modified_gmt":"2024-03-26T15:23:14","slug":"servicios-reparacion-recuperacion-bombas","status":"publish","type":"page","link":"https:\/\/tecnimport.com.pe\/web\/servicios-reparacion-recuperacion-bombas\/","title":{"rendered":"Servicios"},"content":{"rendered":"<div class=\"wpb-content-wrapper\"><p>[vc_row row_type=\u00bbrow\u00bb use_row_as_full_screen_section=\u00bbno\u00bb type=\u00bbfull_width\u00bb angled_section=\u00bbno\u00bb text_align=\u00bbleft\u00bb background_image_as_pattern=\u00bbwithout_pattern\u00bb][vc_column width=\u00bb1\/6&#8243;][vc_single_image image=\u00bb4487&#8243; img_size=\u00bb177&#215;98.25&#8243; alignment=\u00bbcenter\u00bb qode_css_animation=\u00bb\u00bb][\/vc_column][vc_column width=\u00bb5\/6&#8243;][vc_raw_html]JTNDaDElMjBjbGFzcyUzRCUyMnNlcnZpY2lvX2gxJTIyJTNFJTIwUmVjdXBlcmFjaSVDMyVCM24lMjB5JTIwUHJvdGVjY2klQzMlQjNuJTIwZGUlMjBTdXBlcmZpY2llcyUyME1ldCVDMyVBMWxpY2FzJTIwJTNDJTJGaDElM0U=[\/vc_raw_html][\/vc_column][\/vc_row][vc_row row_type=\u00bbrow\u00bb use_row_as_full_screen_section=\u00bbno\u00bb type=\u00bbfull_width\u00bb angled_section=\u00bbno\u00bb text_align=\u00bbleft\u00bb background_image_as_pattern=\u00bbwithout_pattern\u00bb][vc_column][vc_empty_space height=\u00bb20px\u00bb][\/vc_column][\/vc_row][vc_row row_type=\u00bbrow\u00bb use_row_as_full_screen_section=\u00bbno\u00bb type=\u00bbfull_width\u00bb angled_section=\u00bbno\u00bb text_align=\u00bbleft\u00bb background_image_as_pattern=\u00bbwithout_pattern\u00bb el_id=\u00bbabout\u00bb][vc_column][vc_row_inner row_type=\u00bbrow\u00bb type=\u00bbfull_width\u00bb text_align=\u00bbleft\u00bb css_animation=\u00bb\u00bb][vc_column_inner width=\u00bb1\/4&#8243;][vc_single_image image=\u00bb4479&#8243; img_size=\u00bb300&#215;300&#8243; alignment=\u00bbcenter\u00bb style=\u00bbvc_box_border\u00bb onclick=\u00bblink_image\u00bb qode_css_animation=\u00bb\u00bb][\/vc_column_inner][vc_column_inner width=\u00bb1\/4&#8243;][vc_single_image image=\u00bb4473&#8243; img_size=\u00bb300&#215;300&#8243; alignment=\u00bbcenter\u00bb style=\u00bbvc_box_border\u00bb onclick=\u00bblink_image\u00bb qode_css_animation=\u00bb\u00bb][\/vc_column_inner][vc_column_inner width=\u00bb1\/4&#8243;][vc_single_image image=\u00bb4477&#8243; img_size=\u00bb300&#215;300&#8243; alignment=\u00bbcenter\u00bb style=\u00bbvc_box_border\u00bb onclick=\u00bblink_image\u00bb qode_css_animation=\u00bb\u00bb][\/vc_column_inner][vc_column_inner width=\u00bb1\/4&#8243;][vc_single_image image=\u00bb4480&#8243; img_size=\u00bb300&#215;300&#8243; alignment=\u00bbcenter\u00bb style=\u00bbvc_box_border\u00bb onclick=\u00bblink_image\u00bb qode_css_animation=\u00bb\u00bb][\/vc_column_inner][\/vc_row_inner][\/vc_column][\/vc_row][vc_row row_type=\u00bbrow\u00bb use_row_as_full_screen_section=\u00bbno\u00bb type=\u00bbfull_width\u00bb angled_section=\u00bbno\u00bb text_align=\u00bbleft\u00bb background_image_as_pattern=\u00bbwithout_pattern\u00bb][vc_column][vc_empty_space][vc_raw_html]JTNDaDIlM0VSZWN1cGVyYWNpJUMzJUIzbiUyMGRlJTIwYm9tYmFzJTIwY29uJTIwRGV2Y29uJTNDJTJGaDIlM0U=[\/vc_raw_html][vc_empty_space][\/vc_column][\/vc_row][vc_row row_type=\u00bbrow\u00bb use_row_as_full_screen_section=\u00bbno\u00bb type=\u00bbgrid\u00bb angled_section=\u00bbno\u00bb text_align=\u00bbleft\u00bb background_image_as_pattern=\u00bbwithout_pattern\u00bb z_index=\u00bb\u00bb][vc_column width=\u00bb2\/3&#8243;][vc_raw_html]JTNDaDMlM0VQYXNvJTIwMSUzQSUyMExpbXBpZXphJTIweSUyMGFyZW5hZG8lMjBkZWwlMjBlcXVpcG8lM0MlMkZoMyUzRQ==[\/vc_raw_html][vc_empty_space height=\u00bb20px\u00bb][vc_raw_html]JTNDcCUzRUxvcmVtJTIwSXBzdW0lMjBpcyUyMHNpbXBseSUyMGR1bW15JTIwdGV4dCUyMG9mJTIwdGhlJTIwcHJpbnRpbmclMjBhbmQlMjB0eXBlc2V0dGluZyUyMGluZHVzdHJ5LiUyMExvcmVtJTIwSXBzdW0lMjBoYXMlMjBiZWVuJTIwdGhlJTIwaW5kdXN0cnklMjdzJTIwc3RhbmRhcmQlMjBkdW1teSUyMHRleHQlMjBldmVyJTIwc2luY2UlMjB0aGUlMjAxNTAwcyUyQyUyMHdoZW4lMjBhbiUyMHVua25vd24lMjBwcmludGVyJTIwdG9vayUyMGElMjBnYWxsZXklMjBvZiUyMHR5cGUlMjBhbmQlMjBzY3JhbWJsZWQlMjBpdCUyMHRvJTIwbWFrZSUyMGElMjB0eXBlJTIwc3BlY2ltZW4lMjBib29rLiUyMEl0JTIwaGFzJTIwc3Vydml2ZWQlMjBub3QlMjBvbmx5JTIwZml2ZSUyMGNlbnR1cmllcyUyQyUyMGJ1dCUyMGFsc28lMjB0aGUlMjBsZWFwJTIwaW50byUyMGVsZWN0cm9uaWMlMjB0eXBlc2V0dGluZyUyQyUyMHJlbWFpbmluZyUyMGVzc2VudGlhbGx5JTIwdW5jaGFuZ2VkLiUyMCUzQyUyRnAlM0U=[\/vc_raw_html][vc_empty_space height=\u00bb25px\u00bb][vc_row_inner row_type=\u00bbrow\u00bb type=\u00bbfull_width\u00bb text_align=\u00bbleft\u00bb css_animation=\u00bb\u00bb][vc_column_inner width=\u00bb1\/3&#8243;][vc_single_image image=\u00bb4484&#8243; img_size=\u00bb200&#215;200&#8243; alignment=\u00bbcenter\u00bb style=\u00bbvc_box_border\u00bb onclick=\u00bblink_image\u00bb qode_css_animation=\u00bb\u00bb][\/vc_column_inner][vc_column_inner width=\u00bb1\/3&#8243;][vc_single_image image=\u00bb4483&#8243; img_size=\u00bb200&#215;200&#8243; alignment=\u00bbcenter\u00bb style=\u00bbvc_box_border\u00bb onclick=\u00bblink_image\u00bb qode_css_animation=\u00bb\u00bb][\/vc_column_inner][vc_column_inner width=\u00bb1\/3&#8243;][vc_single_image image=\u00bb4467&#8243; img_size=\u00bb200&#215;200&#8243; alignment=\u00bbcenter\u00bb style=\u00bbvc_box_border\u00bb onclick=\u00bblink_image\u00bb qode_css_animation=\u00bb\u00bb][\/vc_column_inner][\/vc_row_inner][\/vc_column][vc_column width=\u00bb1\/3&#8243;][vc_single_image image=\u00bb4496&#8243; img_size=\u00bb350&#215;350&#8243; alignment=\u00bbcenter\u00bb style=\u00bbvc_box_border\u00bb onclick=\u00bblink_image\u00bb qode_css_animation=\u00bb\u00bb][\/vc_column][\/vc_row][vc_row row_type=\u00bbrow\u00bb use_row_as_full_screen_section=\u00bbno\u00bb type=\u00bbfull_width\u00bb angled_section=\u00bbno\u00bb text_align=\u00bbleft\u00bb background_image_as_pattern=\u00bbwithout_pattern\u00bb][vc_column][vc_empty_space height=\u00bb64px\u00bb][\/vc_column][\/vc_row][vc_row row_type=\u00bbrow\u00bb use_row_as_full_screen_section=\u00bbno\u00bb type=\u00bbfull_width\u00bb angled_section=\u00bbno\u00bb text_align=\u00bbleft\u00bb background_image_as_pattern=\u00bbwithout_pattern\u00bb][vc_column][vc_empty_space][vc_empty_space][\/vc_column][\/vc_row][vc_row row_type=\u00bbrow\u00bb use_row_as_full_screen_section=\u00bbno\u00bb type=\u00bbgrid\u00bb angled_section=\u00bbno\u00bb text_align=\u00bbleft\u00bb background_image_as_pattern=\u00bbwithout_pattern\u00bb z_index=\u00bb\u00bb][vc_column width=\u00bb2\/3&#8243;][vc_raw_html]JTNDaDMlM0VQYXNvJTIwMiUzQSUyMFJlY3VwZXJhY2klQzMlQjNuJTIwZGUlMjBsYSUyMHN1cGVyZmljaWUlMjBtZXQlQzMlQTFsaWNhJTNDJTJGMyUzRSUwQSUwQSUwQSUwQQ==[\/vc_raw_html][vc_empty_space height=\u00bb20px\u00bb][vc_raw_html]JTNDcCUzRUFwbGljYWNpJUMzJUIzbiUyMGRlbCUyMCUzQ2ElMjBjbGFzcyUzRCUyMmxpbmtfc2VydmljaW8lMjIlMjB0YXJnZXQlM0QlMjJfYmxhbmslMjIlMjBocmVmJTNEJTIyaHR0cHMlM0ElMkYlMkZiaXQubHklMkYyUWFNcEg1JTIyJTNFcmVjdWJyaWVtaW50byUyMGFudGlhYnJhc2l2byUzQyUyRmElM0UlMjAlM0NhJTIwY2xhc3MlM0QlMjJsaW5rX3NlcnZpY2lvJTIyJTIwdGFyZ2V0JTNEJTIyX2JsYW5rJTIyJTIwaHJlZiUzRCUyMmh0dHBzJTNBJTJGJTJGYml0Lmx5JTJGMklKOUdNZCUyMiUzRSUyMkRldmNvbiUyMERmZW5zZSUyMEJsb2NrJTIyJTNDJTJGYSUzRSUwQSUwQSUyMGdhbGxleSUyMG9mJTIwdHlwZSUyMGFuZCUyMHNjcmFtYmxlZCUyMGl0JTIwdG8lMjBtYWtlJTIwYSUyMHR5cGUlMjBzcGVjaW1lbiUyMGJvb2suJTIwSXQlMjBoYXMlMjBzdXJ2aXZlZCUyMG5vdCUyMG9ubHklMjBmaXZlJTIwY2VudHVyaWVzJTJDJTIwYnV0JTIwYWxzbyUyMHRoZSUyMGxlYXAlMjBpbnRvJTIwZWxlY3Ryb25pYyUyMHR5cGVzZXR0aW5nJTJDJTIwcmVtYWluaW5nJTIwZXNzZW50aWFsbHklMjB1bmNoYW5nZWRsZWFwJTIwaW50byUyMGVsZWN0cm9uaWMlMjB0eXBlc2V0dGluZyUyQyUyMHJlbWFpbmluZyUyMGVzc2VudGlhbGx5JTIwdW5jaGFuZ2VkLiUyMCUzQyUyRnAlM0U=[\/vc_raw_html][vc_empty_space height=\u00bb25px\u00bb][vc_row_inner row_type=\u00bbrow\u00bb type=\u00bbfull_width\u00bb text_align=\u00bbleft\u00bb css_animation=\u00bb\u00bb][vc_column_inner width=\u00bb1\/3&#8243;][vc_single_image image=\u00bb4479&#8243; img_size=\u00bb200&#215;200&#8243; alignment=\u00bbcenter\u00bb style=\u00bbvc_box_border\u00bb onclick=\u00bblink_image\u00bb qode_css_animation=\u00bb\u00bb][\/vc_column_inner][vc_column_inner width=\u00bb1\/3&#8243;][vc_single_image image=\u00bb4504&#8243; img_size=\u00bb200&#215;200&#8243; alignment=\u00bbcenter\u00bb style=\u00bbvc_box_border\u00bb onclick=\u00bblink_image\u00bb qode_css_animation=\u00bb\u00bb][\/vc_column_inner][vc_column_inner width=\u00bb1\/3&#8243;][vc_single_image image=\u00bb4495&#8243; img_size=\u00bb200&#215;200&#8243; alignment=\u00bbcenter\u00bb style=\u00bbvc_box_border\u00bb onclick=\u00bblink_image\u00bb qode_css_animation=\u00bb\u00bb][\/vc_column_inner][\/vc_row_inner][\/vc_column][vc_column width=\u00bb1\/3&#8243;][vc_single_image image=\u00bb4473&#8243; img_size=\u00bb350&#215;350&#8243; alignment=\u00bbcenter\u00bb style=\u00bbvc_box_border\u00bb onclick=\u00bblink_image\u00bb qode_css_animation=\u00bb\u00bb][\/vc_column][\/vc_row][vc_row row_type=\u00bbrow\u00bb use_row_as_full_screen_section=\u00bbno\u00bb type=\u00bbfull_width\u00bb angled_section=\u00bbno\u00bb text_align=\u00bbleft\u00bb background_image_as_pattern=\u00bbwithout_pattern\u00bb][vc_column][vc_empty_space height=\u00bb64px\u00bb][\/vc_column][\/vc_row][vc_row row_type=\u00bbrow\u00bb use_row_as_full_screen_section=\u00bbno\u00bb type=\u00bbfull_width\u00bb angled_section=\u00bbno\u00bb text_align=\u00bbleft\u00bb background_image_as_pattern=\u00bbwithout_pattern\u00bb][vc_column][vc_empty_space][vc_empty_space][\/vc_column][\/vc_row][vc_row row_type=\u00bbrow\u00bb use_row_as_full_screen_section=\u00bbno\u00bb type=\u00bbgrid\u00bb angled_section=\u00bbno\u00bb text_align=\u00bbleft\u00bb background_image_as_pattern=\u00bbwithout_pattern\u00bb z_index=\u00bb\u00bb][vc_column width=\u00bb2\/3&#8243;][vc_raw_html]JTNDaDMlM0VQYXNvJTIwMyUzQSUyMFByb3RlY2NpJUMzJUIzbiUyMGNvbnRyYSUyMGxhJTIwb3hpZGFjaSVDMyVCM24lMjB5JTIwYXRhcXVlJTIwcXUlQzMlQURtaWNvJTIwY29uJTIwY2VyJUMzJUExbWljbyUzQyUyRjMlM0UlMEE=[\/vc_raw_html][vc_empty_space height=\u00bb20px\u00bb][vc_raw_html]JTNDcCUzRSUzQ2ElMjBjbGFzcyUzRCUyMmxpbmtfc2VydmljaW8lMjIlMjB0YXJnZXQlM0QlMjJfYmxhbmslMjIlMjBocmVmJTNEJTIyaHR0cHMlM0ElMkYlMkZiaXQubHklMkYySUo5R01kJTIyJTNFJTIyRGV2Y29uJTIwQ2VyYW1pYyUyMEJydXNoYWJsZSUyMEJsdWUlMjIlM0MlMkZhJTNFJTIwJTIwb2YlMjB0aGUlMjBwcmludGluZyUyMGFuZCUyMHR5cGVzZXR0aW5nJTIwaW5kdXN0cnkuJTIwTG9yZW0lMjBJcHN1bSUyMGhhcyUyMGJlZW4lMjB0aGUlMjBpbmR1c3RyeSUyN3MlMjBzdGFuZGFyZCUyMGR1bW15JTIwdGV4dCUyMGV2ZXIlMjBzaW5jZSUyMHRoZSUyMDE1MDBzJTJDJTIwd2hlbiUyMGFuJTIwdW5rbm93biUyMHByaW50ZXIlMjB0b29rJTIwYSUyMGdhbGxleSUyMG9mJTIwdHlwZSUyMGFuZCUyMHNjcmFtYmxlZCUyMGl0JTIwdG8lMjBtYWtlJTIwYSUyMHR5cGUlMjBzcGVjaW1lbiUyMGJvb2suJTIwSXQlMjBoYXMlMjBzdXJ2aXZlZCUyMG5vdCUyMG9ubHklMjBmaXZlJTIwY2VudHVyaWVzJTJDJTIwYnV0JTIwYWxzbyUyMHRoZSUyMGxlYXAlMjBpbnRvJTIwZWxlY3Ryb25pYyUyMHR5cGVzZXR0aW5nJTJDJTIwcmVtYWluaW5nJTIwZXNzZW50aWFsbHklMjB1bmNoYW5nZWQuJTIwJTNDJTJGcCUzRQ==[\/vc_raw_html][vc_empty_space height=\u00bb25px\u00bb][vc_row_inner row_type=\u00bbrow\u00bb type=\u00bbfull_width\u00bb text_align=\u00bbleft\u00bb css_animation=\u00bb\u00bb][vc_column_inner width=\u00bb1\/3&#8243;][vc_single_image image=\u00bb4480&#8243; img_size=\u00bb200&#215;200&#8243; alignment=\u00bbcenter\u00bb style=\u00bbvc_box_border\u00bb onclick=\u00bblink_image\u00bb qode_css_animation=\u00bb\u00bb][\/vc_column_inner][vc_column_inner width=\u00bb1\/3&#8243;][vc_single_image image=\u00bb4480&#8243; img_size=\u00bb200&#215;200&#8243; alignment=\u00bbcenter\u00bb style=\u00bbvc_box_border\u00bb onclick=\u00bblink_image\u00bb qode_css_animation=\u00bb\u00bb parallax_scroll=\u00bbno\u00bb][\/vc_column_inner][vc_column_inner width=\u00bb1\/3&#8243;][vc_single_image image=\u00bb4478&#8243; img_size=\u00bb200&#215;200&#8243; alignment=\u00bbcenter\u00bb style=\u00bbvc_box_border\u00bb onclick=\u00bblink_image\u00bb qode_css_animation=\u00bb\u00bb][\/vc_column_inner][\/vc_row_inner][\/vc_column][vc_column width=\u00bb1\/3&#8243;][vc_single_image image=\u00bb4468&#8243; img_size=\u00bb350&#215;350&#8243; alignment=\u00bbcenter\u00bb style=\u00bbvc_box_border\u00bb onclick=\u00bblink_image\u00bb qode_css_animation=\u00bb\u00bb][\/vc_column][\/vc_row][vc_row row_type=\u00bbrow\u00bb use_row_as_full_screen_section=\u00bbno\u00bb type=\u00bbfull_width\u00bb angled_section=\u00bbno\u00bb text_align=\u00bbleft\u00bb background_image_as_pattern=\u00bbwithout_pattern\u00bb][vc_column][vc_empty_space][\/vc_column][\/vc_row][vc_row row_type=\u00bbrow\u00bb use_row_as_full_screen_section=\u00bbno\u00bb type=\u00bbfull_width\u00bb angled_section=\u00bbno\u00bb text_align=\u00bbleft\u00bb background_image_as_pattern=\u00bbwithout_pattern\u00bb][vc_column][vc_empty_space][vc_empty_space][\/vc_column][\/vc_row]<\/p>\n<\/div>","protected":false},"excerpt":{"rendered":"<p>[vc_row row_type=\u00bbrow\u00bb use_row_as_full_screen_section=\u00bbno\u00bb type=\u00bbfull_width\u00bb angled_section=\u00bbno\u00bb text_align=\u00bbleft\u00bb background_image_as_pattern=\u00bbwithout_pattern\u00bb][vc_column width=\u00bb1\/6&#8243;][vc_single_image image=\u00bb4487&#8243; img_size=\u00bb177&#215;98.25&#8243; alignment=\u00bbcenter\u00bb qode_css_animation=\u00bb\u00bb][\/vc_column][vc_column width=\u00bb5\/6&#8243;][vc_raw_html]JTNDaDElMjBjbGFzcyUzRCUyMnNlcnZpY2lvX2gxJTIyJTNFJTIwUmVjdXBlcmFjaSVDMyVCM24lMjB5JTIwUHJvdGVjY2klQzMlQjNuJTIwZGUlMjBTdXBlcmZpY2llcyUyME1ldCVDMyVBMWxpY2FzJTIwJTNDJTJGaDElM0U=[\/vc_raw_html][\/vc_column][\/vc_row][vc_row row_type=\u00bbrow\u00bb use_row_as_full_screen_section=\u00bbno\u00bb type=\u00bbfull_width\u00bb angled_section=\u00bbno\u00bb text_align=\u00bbleft\u00bb background_image_as_pattern=\u00bbwithout_pattern\u00bb][vc_column][vc_empty_space height=\u00bb20px\u00bb][\/vc_column][\/vc_row][vc_row<\/p>\n","protected":false},"author":1,"featured_media":0,"parent":0,"menu_order":0,"comment_status":"closed","ping_status":"closed","template":"","meta":{"footnotes":""},"class_list":["post-1976","page","type-page","status-publish","hentry"],"yoast_head":"<!-- This site is optimized with the Yoast SEO plugin v26.9 - https:\/\/yoast.com\/product\/yoast-seo-wordpress\/ -->\n<title>Recuperaci\u00f3n de Superficies Met\u00e1licas - TECNIMPORT S.A.<\/title>\n<meta name=\"description\" content=\"Alargue la vida, recupere medidas y proteja bombas hidr\u00e1ulicas, de vac\u00edo, etc. TECNIMPORT S.A. cuenta con mas de 28 a\u00f1os de experiencia en el servicio.\" \/>\n<meta name=\"robots\" content=\"noindex, nofollow\" \/>\n<meta property=\"og:locale\" content=\"es_ES\" \/>\n<meta property=\"og:type\" content=\"article\" \/>\n<meta property=\"og:title\" content=\"Recuperaci\u00f3n de Superficies Met\u00e1licas - TECNIMPORT S.A.\" \/>\n<meta property=\"og:description\" content=\"Alargue la vida, recupere medidas y proteja bombas hidr\u00e1ulicas, de vac\u00edo, etc. TECNIMPORT S.A. cuenta con mas de 28 a\u00f1os de experiencia en el servicio.\" \/>\n<meta property=\"og:url\" content=\"https:\/\/tecnimport.com.pe\/web\/servicios-reparacion-recuperacion-bombas\/\" \/>\n<meta property=\"og:site_name\" content=\"TECNIMPORT S.A.\" \/>\n<meta property=\"article:modified_time\" content=\"2024-03-26T15:23:14+00:00\" \/>\n<meta name=\"twitter:card\" content=\"summary_large_image\" \/>\n<meta name=\"twitter:label1\" content=\"Tiempo de lectura\" \/>\n\t<meta name=\"twitter:data1\" content=\"2 minutos\" \/>\n<script type=\"application\/ld+json\" class=\"yoast-schema-graph\">{\"@context\":\"https:\/\/schema.org\",\"@graph\":[{\"@type\":\"WebPage\",\"@id\":\"https:\/\/tecnimport.com.pe\/web\/servicios-reparacion-recuperacion-bombas\/\",\"url\":\"https:\/\/tecnimport.com.pe\/web\/servicios-reparacion-recuperacion-bombas\/\",\"name\":\"Recuperaci\u00f3n de Superficies Met\u00e1licas - TECNIMPORT S.A.\",\"isPartOf\":{\"@id\":\"https:\/\/tecnimport.com.pe\/web\/#website\"},\"datePublished\":\"2016-04-13T23:18:04+00:00\",\"dateModified\":\"2024-03-26T15:23:14+00:00\",\"description\":\"Alargue la vida, recupere medidas y proteja bombas hidr\u00e1ulicas, de vac\u00edo, etc. TECNIMPORT S.A. cuenta con mas de 28 a\u00f1os de experiencia en el servicio.\",\"breadcrumb\":{\"@id\":\"https:\/\/tecnimport.com.pe\/web\/servicios-reparacion-recuperacion-bombas\/#breadcrumb\"},\"inLanguage\":\"es\",\"potentialAction\":[{\"@type\":\"ReadAction\",\"target\":[\"https:\/\/tecnimport.com.pe\/web\/servicios-reparacion-recuperacion-bombas\/\"]}]},{\"@type\":\"BreadcrumbList\",\"@id\":\"https:\/\/tecnimport.com.pe\/web\/servicios-reparacion-recuperacion-bombas\/#breadcrumb\",\"itemListElement\":[{\"@type\":\"ListItem\",\"position\":1,\"name\":\"Portada\",\"item\":\"https:\/\/tecnimport.com.pe\/web\/\"},{\"@type\":\"ListItem\",\"position\":2,\"name\":\"Servicios\"}]},{\"@type\":\"WebSite\",\"@id\":\"https:\/\/tecnimport.com.pe\/web\/#website\",\"url\":\"https:\/\/tecnimport.com.pe\/web\/\",\"name\":\"TECNIMPORT S.A.\",\"description\":\"Representante de Devcon, LPS, Rocol y Procyon en el Per\u00fa\",\"publisher\":{\"@id\":\"https:\/\/tecnimport.com.pe\/web\/#organization\"},\"potentialAction\":[{\"@type\":\"SearchAction\",\"target\":{\"@type\":\"EntryPoint\",\"urlTemplate\":\"https:\/\/tecnimport.com.pe\/web\/?s={search_term_string}\"},\"query-input\":{\"@type\":\"PropertyValueSpecification\",\"valueRequired\":true,\"valueName\":\"search_term_string\"}}],\"inLanguage\":\"es\"},{\"@type\":\"Organization\",\"@id\":\"https:\/\/tecnimport.com.pe\/web\/#organization\",\"name\":\"Tecnimport S.A\",\"url\":\"https:\/\/tecnimport.com.pe\/web\/\",\"logo\":{\"@type\":\"ImageObject\",\"inLanguage\":\"es\",\"@id\":\"https:\/\/tecnimport.com.pe\/web\/#\/schema\/logo\/image\/\",\"url\":\"https:\/\/tecnimport.com.pe\/web\/wp-content\/uploads\/2020\/03\/logo_tecnimport.png\",\"contentUrl\":\"https:\/\/tecnimport.com.pe\/web\/wp-content\/uploads\/2020\/03\/logo_tecnimport.png\",\"width\":367,\"height\":49,\"caption\":\"Tecnimport S.A\"},\"image\":{\"@id\":\"https:\/\/tecnimport.com.pe\/web\/#\/schema\/logo\/image\/\"}}]}<\/script>\n<!-- \/ Yoast SEO plugin. -->","yoast_head_json":{"title":"Recuperaci\u00f3n de Superficies Met\u00e1licas - TECNIMPORT S.A.","description":"Alargue la vida, recupere medidas y proteja bombas hidr\u00e1ulicas, de vac\u00edo, etc. TECNIMPORT S.A. cuenta con mas de 28 a\u00f1os de experiencia en el servicio.","robots":{"index":"noindex","follow":"nofollow"},"og_locale":"es_ES","og_type":"article","og_title":"Recuperaci\u00f3n de Superficies Met\u00e1licas - TECNIMPORT S.A.","og_description":"Alargue la vida, recupere medidas y proteja bombas hidr\u00e1ulicas, de vac\u00edo, etc. TECNIMPORT S.A. cuenta con mas de 28 a\u00f1os de experiencia en el servicio.","og_url":"https:\/\/tecnimport.com.pe\/web\/servicios-reparacion-recuperacion-bombas\/","og_site_name":"TECNIMPORT S.A.","article_modified_time":"2024-03-26T15:23:14+00:00","twitter_card":"summary_large_image","twitter_misc":{"Tiempo de lectura":"2 minutos"},"schema":{"@context":"https:\/\/schema.org","@graph":[{"@type":"WebPage","@id":"https:\/\/tecnimport.com.pe\/web\/servicios-reparacion-recuperacion-bombas\/","url":"https:\/\/tecnimport.com.pe\/web\/servicios-reparacion-recuperacion-bombas\/","name":"Recuperaci\u00f3n de Superficies Met\u00e1licas - TECNIMPORT S.A.","isPartOf":{"@id":"https:\/\/tecnimport.com.pe\/web\/#website"},"datePublished":"2016-04-13T23:18:04+00:00","dateModified":"2024-03-26T15:23:14+00:00","description":"Alargue la vida, recupere medidas y proteja bombas hidr\u00e1ulicas, de vac\u00edo, etc. TECNIMPORT S.A. cuenta con mas de 28 a\u00f1os de experiencia en el servicio.","breadcrumb":{"@id":"https:\/\/tecnimport.com.pe\/web\/servicios-reparacion-recuperacion-bombas\/#breadcrumb"},"inLanguage":"es","potentialAction":[{"@type":"ReadAction","target":["https:\/\/tecnimport.com.pe\/web\/servicios-reparacion-recuperacion-bombas\/"]}]},{"@type":"BreadcrumbList","@id":"https:\/\/tecnimport.com.pe\/web\/servicios-reparacion-recuperacion-bombas\/#breadcrumb","itemListElement":[{"@type":"ListItem","position":1,"name":"Portada","item":"https:\/\/tecnimport.com.pe\/web\/"},{"@type":"ListItem","position":2,"name":"Servicios"}]},{"@type":"WebSite","@id":"https:\/\/tecnimport.com.pe\/web\/#website","url":"https:\/\/tecnimport.com.pe\/web\/","name":"TECNIMPORT S.A.","description":"Representante de Devcon, LPS, Rocol y Procyon en el Per\u00fa","publisher":{"@id":"https:\/\/tecnimport.com.pe\/web\/#organization"},"potentialAction":[{"@type":"SearchAction","target":{"@type":"EntryPoint","urlTemplate":"https:\/\/tecnimport.com.pe\/web\/?s={search_term_string}"},"query-input":{"@type":"PropertyValueSpecification","valueRequired":true,"valueName":"search_term_string"}}],"inLanguage":"es"},{"@type":"Organization","@id":"https:\/\/tecnimport.com.pe\/web\/#organization","name":"Tecnimport S.A","url":"https:\/\/tecnimport.com.pe\/web\/","logo":{"@type":"ImageObject","inLanguage":"es","@id":"https:\/\/tecnimport.com.pe\/web\/#\/schema\/logo\/image\/","url":"https:\/\/tecnimport.com.pe\/web\/wp-content\/uploads\/2020\/03\/logo_tecnimport.png","contentUrl":"https:\/\/tecnimport.com.pe\/web\/wp-content\/uploads\/2020\/03\/logo_tecnimport.png","width":367,"height":49,"caption":"Tecnimport S.A"},"image":{"@id":"https:\/\/tecnimport.com.pe\/web\/#\/schema\/logo\/image\/"}}]}},"_links":{"self":[{"href":"https:\/\/tecnimport.com.pe\/web\/wp-json\/wp\/v2\/pages\/1976","targetHints":{"allow":["GET"]}}],"collection":[{"href":"https:\/\/tecnimport.com.pe\/web\/wp-json\/wp\/v2\/pages"}],"about":[{"href":"https:\/\/tecnimport.com.pe\/web\/wp-json\/wp\/v2\/types\/page"}],"author":[{"embeddable":true,"href":"https:\/\/tecnimport.com.pe\/web\/wp-json\/wp\/v2\/users\/1"}],"replies":[{"embeddable":true,"href":"https:\/\/tecnimport.com.pe\/web\/wp-json\/wp\/v2\/comments?post=1976"}],"version-history":[{"count":74,"href":"https:\/\/tecnimport.com.pe\/web\/wp-json\/wp\/v2\/pages\/1976\/revisions"}],"predecessor-version":[{"id":5358,"href":"https:\/\/tecnimport.com.pe\/web\/wp-json\/wp\/v2\/pages\/1976\/revisions\/5358"}],"wp:attachment":[{"href":"https:\/\/tecnimport.com.pe\/web\/wp-json\/wp\/v2\/media?parent=1976"}],"curies":[{"name":"wp","href":"https:\/\/api.w.org\/{rel}","templated":true}]}}